{"id":23306,"date":"2020-02-26T16:00:06","date_gmt":"2020-02-26T14:50:08","guid":{"rendered":"https:\/\/www.italcaffe.it\/product\/cafe-en-grains-italcaffe-espresso-100-arabica-bresil-4x250g\/"},"modified":"2024-04-19T07:32:23","modified_gmt":"2024-04-19T06:32:23","slug":"cafe-grains-bresil-santos-italcaffe-espresso-arabica-250g","status":"publish","type":"product","link":"https:\/\/italcaffe.it\/fr\/shop\/cafe-grain\/arabica\/cafe-grains-bresil-santos-italcaffe-espresso-arabica-250g\/","title":{"rendered":"Caf\u00e9 en grain Br\u00e9sil Santos Italcaff\u00e8 Espresso Arabica 250g"},"content":{"rendered":"<h2 style=\"font-size: 20px;\">Les Caract\u00e9ristiques de Caf\u00e9 grains Arabica Br\u00e9sil Expresso Italcaff\u00e8 Espresso 250g<\/h2>\n<p style=\"text-align: justify;\">Caf\u00e9 en grain Arabica <a href=\"https:\/\/www.italcaffe.it\/fr\/histoire\/\" target=\"_blank\" rel=\"noopener\">Italcaff\u00e8<\/a> <a href=\"https:\/\/youtu.be\/PayaRxfxEF0\">Br\u00e9sil<\/a> Santos d&#8217;origine unique est un caf\u00e9 Expresso moelleux, tr\u00e8s \u00e9quilibr\u00e9 avec une acidit\u00e9 moyenne et du corps.<\/p>\n<p style=\"text-align: justify;\">Se distinguent des senteurs de malt, de cacao et de c\u00e9r\u00e9ales. Notes de chocolat et de noisette en arri\u00e8re- gout.<\/p>\n<p style=\"text-align: justify;\">Pour ce produit <a href=\"https:\/\/www.italcaffe.it\/fr\/histoire\/\" target=\"_blank\" rel=\"noopener\">Italcaff\u00e8<\/a> 100% Arabica nous avons s\u00e9lectionn\u00e9 uniquement du caf\u00e9 grains Arabica <a href=\"https:\/\/youtu.be\/PayaRxfxEF0\" target=\"_blank\" rel=\"noopener\">Br\u00e9sil Santos<\/a> de haute qualit\u00e9.<span style=\"color: #000000;\">\u00a0<\/span><\/p>\n<p style=\"text-align: justify;\"><span style=\"color: #000000;\">Il s&#8217;agit d&#8217;un paquet de 250g scell\u00e9 sur quatre c\u00f4t\u00e9s, conditionn\u00e9 sous atmosph\u00e8re protectrice et avec une valve monodirectionnelle de garantie d\u2019ar\u00f4me.<\/span><\/p>\n<p style=\"text-align: justify;\"><span style=\"color: #000000;\">En fait c&#8217;est id\u00e9al pour conserver le go\u00fbt et la fra\u00eecheur des grains de caf\u00e9.\u00a0<\/span><\/p>\n<p style=\"text-align: justify;\"><span style=\"color: #000000;\">En outre ces caract\u00e9ristiques garantissent une meilleure conservation dans le temps ainsi qu&#8217;une meilleure qualit\u00e9 du produit par rapport aux paquets de caf\u00e9 habituels que vous trouvez sur le march\u00e9.\u00a0<\/span><\/p>\n<p>Caf\u00e9 Arabica pure origine du Br\u00e9sil de 101CAFFE\u2019 est id\u00e9al pour ceux qui veulent un espresso \u00e9quilibr\u00e9 et persistant, avec des ar\u00f4mes intenses aux nuances de cacao.<\/p>\n<h2 style=\"font-size: 20px;\">UN BREF REGARD SUR ITALCAFF\u00c8<\/h2>\n<p>Italcaff\u00e8 S.p.A. est une industrie de torr\u00e9faction de caf\u00e9 avec une usine et des bureaux \u00e0 La Spezia en Italie, la patrie du v\u00e9ritable espresso italien.<\/p>\n<p>L&#8217;entreprise a \u00e9t\u00e9 fond\u00e9e en 1969 et poss\u00e8de plus de 40 ans d&#8217;exp\u00e9rience dans la torr\u00e9faction et le m\u00e9lange de caf\u00e9s fins.<\/p>\n<p>Nous parcourons le monde pour s\u00e9lectionner les meilleures qualit\u00e9s de caf\u00e9 pour nos clients.<\/p>\n<p>Notre m\u00e9tier consiste \u00e0 importer du caf\u00e9 vert directement des march\u00e9s d&#8217;origine.<\/p>\n<p>Apr\u00e8s cela, avec passion, exp\u00e9rience et comp\u00e9tence, nous transformons la mati\u00e8re premi\u00e8re en m\u00e9langes pr\u00e9cieux au go\u00fbt unique et incomparable.<\/p>\n<p>De plus, la fiabilit\u00e9 de l&#8217;ensemble du processus de fabrication Italcaff\u00e8 est garantie par la certification de qualit\u00e9 UNI EN ISO 9001\u00a0: 2015.<\/p>\n<p>C&#8217;est pourquoi nous nous sommes toujours engag\u00e9s \u00e0 apporter l&#8217;ar\u00f4me du vrai caf\u00e9 expresso italien en Italie et dans le monde, \u00e0 la maison et au bar.<\/p>\n<p>Que vous soyez un professionnel du bar ou un amateur de bon caf\u00e9, Italcaff\u00e8 a le bon m\u00e9lange pour vous.<\/p>\n<p>Acheter en ligne. Maintenant, l&#8217;ar\u00f4me d&#8217;Italcaff\u00e8 peut \u00eatre appr\u00e9ci\u00e9 par tout le monde.<\/p>\n","protected":false},"excerpt":{"rendered":"<p style=\"text-align: justify;\">Caf\u00e9 grains Arabica <a href=\"https:\/\/www.italcaffe.it\/fr\/histoire\/\" target=\"_blank\" rel=\"noopener\">Italcaff\u00e8<\/a> <a href=\"https:\/\/youtu.be\/PayaRxfxEF0\">Br\u00e9sil<\/a> Santos d&#8217;origine unique est un caf\u00e9 Expresso moelleux, tr\u00e8s \u00e9quilibr\u00e9 avec une acidit\u00e9 moyenne et du corps.<br \/>\nAussi se distinguent des senteurs de malt, de cacao et de c\u00e9r\u00e9ales. Notes de chocolat et de noisette en arri\u00e8re- gout.<br \/>\nEn fait pour notre Caf\u00e9 grains Arabica <a href=\"https:\/\/www.italcaffe.it\/fr\/histoire\/\" target=\"_blank\" rel=\"noopener\">Italcaff\u00e8<\/a> <a href=\"https:\/\/youtu.be\/PayaRxfxEF0\">Br\u00e9sil<\/a> Santos nous avons s\u00e9lectionn\u00e9 uniquement du caf\u00e9 grains Arabica de haute qualit\u00e9.<span style=\"color: #000000;\">\u00a0 \u00a0 \u00a0<\/span><span style=\"color: #000000;\"><br \/>\nIl s&#8217;agit d&#8217;un paquet de 250g scell\u00e9 sur quatre c\u00f4t\u00e9s, conditionn\u00e9 sous atmosph\u00e8re protectrice et avec une valve monodirectionnelle de garantie d\u2019ar\u00f4me.\u00a0<\/span><span style=\"color: #000000;\"><br \/>\nAinsi c&#8217;est id\u00e9al pour conserver le go\u00fbt et la fra\u00eecheur des grains de caf\u00e9.\u00a0\u00a0<\/span><span style=\"color: #000000;\"><br \/>\nCes caract\u00e9ristiques garantissent une meilleure conservation dans le temps.\u00a0<\/span><\/p>\n","protected":false},"featured_media":28593,"template":"","meta":{"_acf_changed":false},"product_brand":[],"product_cat":[299,315],"product_tag":[],"class_list":{"0":"post-23306","1":"product","2":"type-product","3":"status-publish","4":"has-post-thumbnail","6":"product_cat-cafe-grain","7":"product_cat-arabica","9":"first","10":"instock","11":"taxable","12":"shipping-taxable","13":"product-type-grouped"},"acf":[],"yoast_head":"<!-- This site is optimized with the Yoast SEO plugin v27.0 - https:\/\/yoast.com\/product\/yoast-seo-wordpress\/ -->\n<title>Caf\u00e9 en grain Br\u00e9sil Santos Italcaff\u00e8 Espresso Arabica 250g<\/title>\n<meta name=\"description\" content=\"Caf\u00e9 Espresso en grains Arabica pure origine Br\u00e9sil Santos. Caf\u00e9 Expresso Italcaff\u00e8 tr\u00e8s \u00e9quilibr\u00e9 avec une acidit\u00e9 moyenne.\" \/>\n<meta name=\"robots\" content=\"index, follow, max-snippet:-1, max-image-preview:large, max-video-preview:-1\" \/>\n<link rel=\"canonical\" href=\"https:\/\/italcaffe.it\/fr\/shop\/cafe-grain\/arabica\/cafe-grains-bresil-santos-italcaffe-espresso-arabica-250g\/\" \/>\n<meta property=\"og:locale\" content=\"fr_FR\" \/>\n<meta property=\"og:type\" content=\"article\" \/>\n<meta property=\"og:title\" content=\"Caf\u00e9 en grain Br\u00e9sil Santos Italcaff\u00e8 Espresso Arabica 250g\" \/>\n<meta property=\"og:description\" content=\"Caf\u00e9 Espresso en grains Arabica pure origine Br\u00e9sil Santos. Caf\u00e9 Expresso Italcaff\u00e8 tr\u00e8s \u00e9quilibr\u00e9 avec une acidit\u00e9 moyenne.\" \/>\n<meta property=\"og:url\" content=\"https:\/\/italcaffe.it\/fr\/shop\/cafe-grain\/arabica\/cafe-grains-bresil-santos-italcaffe-espresso-arabica-250g\/\" \/>\n<meta property=\"og:site_name\" content=\"Italcaff\u00e8\" \/>\n<meta property=\"article:modified_time\" content=\"2024-04-19T06:32:23+00:00\" \/>\n<meta property=\"og:image\" content=\"https:\/\/italcaffe.it\/wp-content\/uploads\/2021\/12\/Brasile250g.jpg\" \/>\n\t<meta property=\"og:image:width\" content=\"825\" \/>\n\t<meta property=\"og:image:height\" content=\"1000\" \/>\n\t<meta property=\"og:image:type\" content=\"image\/jpeg\" \/>\n<meta name=\"twitter:card\" content=\"summary_large_image\" \/>\n<meta name=\"twitter:label1\" content=\"Dur\u00e9e de lecture estim\u00e9e\" \/>\n\t<meta name=\"twitter:data1\" content=\"2 minutes\" \/>\n<script type=\"application\/ld+json\" class=\"yoast-schema-graph\">{\"@context\":\"https:\/\/schema.org\",\"@graph\":[{\"@type\":\"WebPage\",\"@id\":\"https:\/\/italcaffe.it\/fr\/shop\/cafe-grain\/arabica\/cafe-grains-bresil-santos-italcaffe-espresso-arabica-250g\/\",\"url\":\"https:\/\/italcaffe.it\/fr\/shop\/cafe-grain\/arabica\/cafe-grains-bresil-santos-italcaffe-espresso-arabica-250g\/\",\"name\":\"Caf\u00e9 en grain Br\u00e9sil Santos Italcaff\u00e8 Espresso Arabica 250g\",\"isPartOf\":{\"@id\":\"https:\/\/italcaffe.it\/fr\/#website\"},\"primaryImageOfPage\":{\"@id\":\"https:\/\/italcaffe.it\/fr\/shop\/cafe-grain\/arabica\/cafe-grains-bresil-santos-italcaffe-espresso-arabica-250g\/#primaryimage\"},\"image\":{\"@id\":\"https:\/\/italcaffe.it\/fr\/shop\/cafe-grain\/arabica\/cafe-grains-bresil-santos-italcaffe-espresso-arabica-250g\/#primaryimage\"},\"thumbnailUrl\":\"https:\/\/italcaffe.it\/wp-content\/uploads\/2021\/12\/Brasile250g.jpg\",\"datePublished\":\"2020-02-26T14:50:08+00:00\",\"dateModified\":\"2024-04-19T06:32:23+00:00\",\"description\":\"Caf\u00e9 Espresso en grains Arabica pure origine Br\u00e9sil Santos. Caf\u00e9 Expresso Italcaff\u00e8 tr\u00e8s \u00e9quilibr\u00e9 avec une acidit\u00e9 moyenne.\",\"breadcrumb\":{\"@id\":\"https:\/\/italcaffe.it\/fr\/shop\/cafe-grain\/arabica\/cafe-grains-bresil-santos-italcaffe-espresso-arabica-250g\/#breadcrumb\"},\"inLanguage\":\"fr-FR\",\"potentialAction\":[{\"@type\":\"ReadAction\",\"target\":[\"https:\/\/italcaffe.it\/fr\/shop\/cafe-grain\/arabica\/cafe-grains-bresil-santos-italcaffe-espresso-arabica-250g\/\"]}]},{\"@type\":\"ImageObject\",\"inLanguage\":\"fr-FR\",\"@id\":\"https:\/\/italcaffe.it\/fr\/shop\/cafe-grain\/arabica\/cafe-grains-bresil-santos-italcaffe-espresso-arabica-250g\/#primaryimage\",\"url\":\"https:\/\/italcaffe.it\/wp-content\/uploads\/2021\/12\/Brasile250g.jpg\",\"contentUrl\":\"https:\/\/italcaffe.it\/wp-content\/uploads\/2021\/12\/Brasile250g.jpg\",\"width\":825,\"height\":1000,\"caption\":\"Caf\u00e9 en grains Italcaff\u00e8 Espresso 100% Arabica Br\u00e9sil Santos 250g\"},{\"@type\":\"BreadcrumbList\",\"@id\":\"https:\/\/italcaffe.it\/fr\/shop\/cafe-grain\/arabica\/cafe-grains-bresil-santos-italcaffe-espresso-arabica-250g\/#breadcrumb\",\"itemListElement\":[{\"@type\":\"ListItem\",\"position\":1,\"name\":\"Home\",\"item\":\"https:\/\/italcaffe.it\/fr\/\"},{\"@type\":\"ListItem\",\"position\":2,\"name\":\"Shop\",\"item\":\"https:\/\/italcaffe.it\/fr\/shop\/\"},{\"@type\":\"ListItem\",\"position\":3,\"name\":\"Caf\u00e9 en grain Br\u00e9sil Santos Italcaff\u00e8 Espresso Arabica 250g\"}]},{\"@type\":\"WebSite\",\"@id\":\"https:\/\/italcaffe.it\/fr\/#website\",\"url\":\"https:\/\/italcaffe.it\/fr\/\",\"name\":\"Italcaff\u00e8\",\"description\":\"50 Anni insieme\",\"potentialAction\":[{\"@type\":\"SearchAction\",\"target\":{\"@type\":\"EntryPoint\",\"urlTemplate\":\"https:\/\/italcaffe.it\/fr\/?s={search_term_string}\"},\"query-input\":{\"@type\":\"PropertyValueSpecification\",\"valueRequired\":true,\"valueName\":\"search_term_string\"}}],\"inLanguage\":\"fr-FR\"}]}<\/script>\n<!-- \/ Yoast SEO plugin. -->","yoast_head_json":{"title":"Caf\u00e9 en grain Br\u00e9sil Santos Italcaff\u00e8 Espresso Arabica 250g","description":"Caf\u00e9 Espresso en grains Arabica pure origine Br\u00e9sil Santos. Caf\u00e9 Expresso Italcaff\u00e8 tr\u00e8s \u00e9quilibr\u00e9 avec une acidit\u00e9 moyenne.","robots":{"index":"index","follow":"follow","max-snippet":"max-snippet:-1","max-image-preview":"max-image-preview:large","max-video-preview":"max-video-preview:-1"},"canonical":"https:\/\/italcaffe.it\/fr\/shop\/cafe-grain\/arabica\/cafe-grains-bresil-santos-italcaffe-espresso-arabica-250g\/","og_locale":"fr_FR","og_type":"article","og_title":"Caf\u00e9 en grain Br\u00e9sil Santos Italcaff\u00e8 Espresso Arabica 250g","og_description":"Caf\u00e9 Espresso en grains Arabica pure origine Br\u00e9sil Santos. Caf\u00e9 Expresso Italcaff\u00e8 tr\u00e8s \u00e9quilibr\u00e9 avec une acidit\u00e9 moyenne.","og_url":"https:\/\/italcaffe.it\/fr\/shop\/cafe-grain\/arabica\/cafe-grains-bresil-santos-italcaffe-espresso-arabica-250g\/","og_site_name":"Italcaff\u00e8","article_modified_time":"2024-04-19T06:32:23+00:00","og_image":[{"width":825,"height":1000,"url":"https:\/\/italcaffe.it\/wp-content\/uploads\/2021\/12\/Brasile250g.jpg","type":"image\/jpeg"}],"twitter_card":"summary_large_image","twitter_misc":{"Dur\u00e9e de lecture estim\u00e9e":"2 minutes"},"schema":{"@context":"https:\/\/schema.org","@graph":[{"@type":"WebPage","@id":"https:\/\/italcaffe.it\/fr\/shop\/cafe-grain\/arabica\/cafe-grains-bresil-santos-italcaffe-espresso-arabica-250g\/","url":"https:\/\/italcaffe.it\/fr\/shop\/cafe-grain\/arabica\/cafe-grains-bresil-santos-italcaffe-espresso-arabica-250g\/","name":"Caf\u00e9 en grain Br\u00e9sil Santos Italcaff\u00e8 Espresso Arabica 250g","isPartOf":{"@id":"https:\/\/italcaffe.it\/fr\/#website"},"primaryImageOfPage":{"@id":"https:\/\/italcaffe.it\/fr\/shop\/cafe-grain\/arabica\/cafe-grains-bresil-santos-italcaffe-espresso-arabica-250g\/#primaryimage"},"image":{"@id":"https:\/\/italcaffe.it\/fr\/shop\/cafe-grain\/arabica\/cafe-grains-bresil-santos-italcaffe-espresso-arabica-250g\/#primaryimage"},"thumbnailUrl":"https:\/\/italcaffe.it\/wp-content\/uploads\/2021\/12\/Brasile250g.jpg","datePublished":"2020-02-26T14:50:08+00:00","dateModified":"2024-04-19T06:32:23+00:00","description":"Caf\u00e9 Espresso en grains Arabica pure origine Br\u00e9sil Santos. Caf\u00e9 Expresso Italcaff\u00e8 tr\u00e8s \u00e9quilibr\u00e9 avec une acidit\u00e9 moyenne.","breadcrumb":{"@id":"https:\/\/italcaffe.it\/fr\/shop\/cafe-grain\/arabica\/cafe-grains-bresil-santos-italcaffe-espresso-arabica-250g\/#breadcrumb"},"inLanguage":"fr-FR","potentialAction":[{"@type":"ReadAction","target":["https:\/\/italcaffe.it\/fr\/shop\/cafe-grain\/arabica\/cafe-grains-bresil-santos-italcaffe-espresso-arabica-250g\/"]}]},{"@type":"ImageObject","inLanguage":"fr-FR","@id":"https:\/\/italcaffe.it\/fr\/shop\/cafe-grain\/arabica\/cafe-grains-bresil-santos-italcaffe-espresso-arabica-250g\/#primaryimage","url":"https:\/\/italcaffe.it\/wp-content\/uploads\/2021\/12\/Brasile250g.jpg","contentUrl":"https:\/\/italcaffe.it\/wp-content\/uploads\/2021\/12\/Brasile250g.jpg","width":825,"height":1000,"caption":"Caf\u00e9 en grains Italcaff\u00e8 Espresso 100% Arabica Br\u00e9sil Santos 250g"},{"@type":"BreadcrumbList","@id":"https:\/\/italcaffe.it\/fr\/shop\/cafe-grain\/arabica\/cafe-grains-bresil-santos-italcaffe-espresso-arabica-250g\/#breadcrumb","itemListElement":[{"@type":"ListItem","position":1,"name":"Home","item":"https:\/\/italcaffe.it\/fr\/"},{"@type":"ListItem","position":2,"name":"Shop","item":"https:\/\/italcaffe.it\/fr\/shop\/"},{"@type":"ListItem","position":3,"name":"Caf\u00e9 en grain Br\u00e9sil Santos Italcaff\u00e8 Espresso Arabica 250g"}]},{"@type":"WebSite","@id":"https:\/\/italcaffe.it\/fr\/#website","url":"https:\/\/italcaffe.it\/fr\/","name":"Italcaff\u00e8","description":"50 Anni insieme","potentialAction":[{"@type":"SearchAction","target":{"@type":"EntryPoint","urlTemplate":"https:\/\/italcaffe.it\/fr\/?s={search_term_string}"},"query-input":{"@type":"PropertyValueSpecification","valueRequired":true,"valueName":"search_term_string"}}],"inLanguage":"fr-FR"}]}},"_links":{"self":[{"href":"https:\/\/italcaffe.it\/fr\/wp-json\/wp\/v2\/product\/23306","targetHints":{"allow":["GET"]}}],"collection":[{"href":"https:\/\/italcaffe.it\/fr\/wp-json\/wp\/v2\/product"}],"about":[{"href":"https:\/\/italcaffe.it\/fr\/wp-json\/wp\/v2\/types\/product"}],"wp:featuredmedia":[{"embeddable":true,"href":"https:\/\/italcaffe.it\/fr\/wp-json\/wp\/v2\/media\/28593"}],"wp:attachment":[{"href":"https:\/\/italcaffe.it\/fr\/wp-json\/wp\/v2\/media?parent=23306"}],"wp:term":[{"taxonomy":"product_brand","embeddable":true,"href":"https:\/\/italcaffe.it\/fr\/wp-json\/wp\/v2\/product_brand?post=23306"},{"taxonomy":"product_cat","embeddable":true,"href":"https:\/\/italcaffe.it\/fr\/wp-json\/wp\/v2\/product_cat?post=23306"},{"taxonomy":"product_tag","embeddable":true,"href":"https:\/\/italcaffe.it\/fr\/wp-json\/wp\/v2\/product_tag?post=23306"}],"curies":[{"name":"wp","href":"https:\/\/api.w.org\/{rel}","templated":true}]}}