{"id":23315,"date":"2020-02-26T16:00:14","date_gmt":"2020-02-26T14:50:14","guid":{"rendered":"https:\/\/www.italcaffe.it\/product\/cafe-en-grains-100-arabica-tanzanie-4x250g-italcaffe-espresso-bar\/"},"modified":"2021-10-13T08:15:55","modified_gmt":"2021-10-13T07:15:55","slug":"italcaffe-grains-espresso-100-tanzanie-250g","status":"publish","type":"product","link":"https:\/\/italcaffe.it\/fr\/shop\/cafe-grain\/arabica\/italcaffe-grains-espresso-100-tanzanie-250g\/","title":{"rendered":"Caf\u00e9 en Grains 100% Arabica Tanzanie Italcaff\u00e8 Espresso 250g"},"content":{"rendered":"<p style=\"text-align: justify\"><span style=\"color: #000000\">Le Caf\u00e8 <a href=\"https:\/\/youtu.be\/u1i7edDRd6o\" target=\"_blank\" rel=\"noopener\">Arabica Tanzanie<\/a> Espresso <a href=\"https:\/\/www.italcaffe.it\/fr\/histoire\/\" target=\"_blank\" rel=\"noopener\">Italcaff\u00e8<\/a> de pur origine sont grains de caf\u00e9 id\u00e9al pour la machine \u00e0 expresso \u00e0 l\u2019arome agr\u00e9able avec des notes de fruit, de noisette et d\u2019amande. <\/span><\/p>\n<p style=\"text-align: justify\"><span style=\"color: #000000\">L\u00e9g\u00e8re acidit\u00e9 avec des notes de miel en arri\u00e8re-gout. <\/span><\/p>\n<p style=\"text-align: justify\"><span style=\"color: #000000\">Pour Caf\u00e8 Arabica<a href=\"https:\/\/youtu.be\/u1i7edDRd6o\" target=\"_blank\" rel=\"noopener\"> Tanzanie<\/a> Espresso <a href=\"https:\/\/www.italcaffe.it\/fr\/histoire\/\" target=\"_blank\" rel=\"noopener\">Italcaff\u00e8<\/a> Espresso 250g nous avons s\u00e9lectionn\u00e9 uniquement du caf\u00e9 Tansanien de haute qualit\u00e9.<\/span><\/p>\n<p style=\"text-align: justify\"><span style=\"color: #000000\"> Il s&#8217;agit d&#8217;un paquet de 250g scell\u00e9 sur quatre c\u00f4t\u00e9s, conditionn\u00e9 sous atmosph\u00e8re protectrice et avec une valve monodirectionnelle de garantie d\u2019ar\u00f4me, id\u00e9al pour conserver le go\u00fbt et la fra\u00eecheur des grains de caf\u00e9. <\/span><\/p>\n<p style=\"text-align: justify\"><span style=\"color: #000000\">Ces caract\u00e9ristiques garantissent une meilleure conservation dans le temps ainsi qu&#8217;une meilleure qualit\u00e9 du produit par rapport aux paquets de caf\u00e9 habituels que vous trouvez sur le march\u00e9.<\/span><\/p>\n<p style=\"color: #000000\">La Caf\u00e8 100% Arabica Tanzanien est un caf\u00e9 au corps g\u00e9n\u00e9reux, aux caract\u00e9ristiques acidul\u00e9es bien pr\u00e9sentes. Les notes bois\u00e9es et fruit\u00e9es sont typiques des caf\u00e9s d&#8217;Afrique de l&#8217;Est.<\/p>\n<p style=\"color: #000000\">Ce Caf\u00e9 offre\u00a0une tasse parfaitement \u00e9quilibr\u00e9e aux saveurs\u00a0profondes\u00a0et riches avec une bonne longueur en bouche.<\/p>\n","protected":false},"excerpt":{"rendered":"<p style=\"text-align: justify\"><span style=\"color: #000000\">Le Caf\u00e8 <a href=\"https:\/\/youtu.be\/u1i7edDRd6o\" target=\"_blank\" rel=\"noopener\">Arabica Tanzanie<\/a> Espresso <a href=\"https:\/\/www.italcaffe.it\/fr\/histoire\/\" target=\"_blank\" rel=\"noopener\">Italcaff\u00e8<\/a> de pur origine sont grains de caf\u00e9 id\u00e9al pour la machine \u00e0 expresso \u00e0 l\u2019arome agr\u00e9able avec des notes de fruit, de noisette et d\u2019amande. L\u00e9g\u00e8re acidit\u00e9 avec des notes de miel en arri\u00e8re-gout. Pour Caf\u00e8 Arabica <a href=\"https:\/\/youtu.be\/u1i7edDRd6o\" target=\"_blank\" rel=\"noopener\">Tanzanie<\/a> Espresso <a href=\"https:\/\/www.italcaffe.it\/fr\/histoire\/\" target=\"_blank\" rel=\"noopener\">Italcaff\u00e8<\/a> Espresso 250g nous avons s\u00e9lectionn\u00e9 uniquement du caf\u00e9 Tansanien de haute qualit\u00e9. Il s&#8217;agit d&#8217;un paquet de 250g scell\u00e9 sur quatre c\u00f4t\u00e9s, conditionn\u00e9 sous atmosph\u00e8re protectrice et avec une valve monodirectionnelle de garantie d\u2019ar\u00f4me, id\u00e9al pour conserver le go\u00fbt et la fra\u00eecheur des grains de caf\u00e9. Ces caract\u00e9ristiques garantissent une meilleure conservation dans le temps ainsi qu&#8217;une meilleure qualit\u00e9 du produit par rapport aux paquets de caf\u00e9 habituels que vous trouvez sur le march\u00e9.\u00a0<\/span><\/p>\n","protected":false},"featured_media":28621,"template":"","meta":{"_acf_changed":false},"product_brand":[],"product_cat":[299,315],"product_tag":[],"class_list":{"0":"post-23315","1":"product","2":"type-product","3":"status-publish","4":"has-post-thumbnail","6":"product_cat-cafe-grain","7":"product_cat-arabica","8":"pa_formato-grani-4-formato-250gr","9":"pa_tipologia-monorigine","11":"first","12":"instock","13":"taxable","14":"shipping-taxable","15":"product-type-grouped"},"acf":[],"yoast_head":"<!-- This site is optimized with the Yoast SEO plugin v27.0 - https:\/\/yoast.com\/product\/yoast-seo-wordpress\/ -->\n<title>Caf\u00e9 Arabica Tanzanie Espresso en grains 250g | Italcaff\u00e8 Expresso<\/title>\n<meta name=\"description\" content=\"Caf\u00e9 Arabica Tanzanie Espresso en grains 100% Italcaff\u00e8 pure origine. Grain de caf\u00e9 id\u00e9al pour la machine \u00e0 expresso \u00e0 l\u2019arome agr\u00e9able.\" \/>\n<meta name=\"robots\" content=\"index, follow, max-snippet:-1, max-image-preview:large, max-video-preview:-1\" \/>\n<link rel=\"canonical\" href=\"https:\/\/italcaffe.it\/fr\/shop\/cafe-grain\/arabica\/italcaffe-grains-espresso-100-tanzanie-250g\/\" \/>\n<meta property=\"og:locale\" content=\"fr_FR\" \/>\n<meta property=\"og:type\" content=\"article\" \/>\n<meta property=\"og:title\" content=\"Caf\u00e9 Arabica Tanzanie Espresso en grains 250g | Italcaff\u00e8 Expresso\" \/>\n<meta property=\"og:description\" content=\"Caf\u00e9 Arabica Tanzanie Espresso en grains 100% Italcaff\u00e8 pure origine. Grain de caf\u00e9 id\u00e9al pour la machine \u00e0 expresso \u00e0 l\u2019arome agr\u00e9able.\" \/>\n<meta property=\"og:url\" content=\"https:\/\/italcaffe.it\/fr\/shop\/cafe-grain\/arabica\/italcaffe-grains-espresso-100-tanzanie-250g\/\" \/>\n<meta property=\"og:site_name\" content=\"Italcaff\u00e8\" \/>\n<meta property=\"article:modified_time\" content=\"2021-10-13T07:15:55+00:00\" \/>\n<meta property=\"og:image\" content=\"https:\/\/italcaffe.it\/wp-content\/uploads\/2021\/12\/Tanzania250g.jpg\" \/>\n\t<meta property=\"og:image:width\" content=\"825\" \/>\n\t<meta property=\"og:image:height\" content=\"1000\" \/>\n\t<meta property=\"og:image:type\" content=\"image\/jpeg\" \/>\n<meta name=\"twitter:card\" content=\"summary_large_image\" \/>\n<meta name=\"twitter:label1\" content=\"Dur\u00e9e de lecture estim\u00e9e\" \/>\n\t<meta name=\"twitter:data1\" content=\"1 minute\" \/>\n<script type=\"application\/ld+json\" class=\"yoast-schema-graph\">{\"@context\":\"https:\/\/schema.org\",\"@graph\":[{\"@type\":\"WebPage\",\"@id\":\"https:\/\/italcaffe.it\/fr\/shop\/cafe-grain\/arabica\/italcaffe-grains-espresso-100-tanzanie-250g\/\",\"url\":\"https:\/\/italcaffe.it\/fr\/shop\/cafe-grain\/arabica\/italcaffe-grains-espresso-100-tanzanie-250g\/\",\"name\":\"Caf\u00e9 Arabica Tanzanie Espresso en grains 250g | Italcaff\u00e8 Expresso\",\"isPartOf\":{\"@id\":\"https:\/\/italcaffe.it\/fr\/#website\"},\"primaryImageOfPage\":{\"@id\":\"https:\/\/italcaffe.it\/fr\/shop\/cafe-grain\/arabica\/italcaffe-grains-espresso-100-tanzanie-250g\/#primaryimage\"},\"image\":{\"@id\":\"https:\/\/italcaffe.it\/fr\/shop\/cafe-grain\/arabica\/italcaffe-grains-espresso-100-tanzanie-250g\/#primaryimage\"},\"thumbnailUrl\":\"https:\/\/italcaffe.it\/wp-content\/uploads\/2021\/12\/Tanzania250g.jpg\",\"datePublished\":\"2020-02-26T14:50:14+00:00\",\"dateModified\":\"2021-10-13T07:15:55+00:00\",\"description\":\"Caf\u00e9 Arabica Tanzanie Espresso en grains 100% Italcaff\u00e8 pure origine. Grain de caf\u00e9 id\u00e9al pour la machine \u00e0 expresso \u00e0 l\u2019arome agr\u00e9able.\",\"breadcrumb\":{\"@id\":\"https:\/\/italcaffe.it\/fr\/shop\/cafe-grain\/arabica\/italcaffe-grains-espresso-100-tanzanie-250g\/#breadcrumb\"},\"inLanguage\":\"fr-FR\",\"potentialAction\":[{\"@type\":\"ReadAction\",\"target\":[\"https:\/\/italcaffe.it\/fr\/shop\/cafe-grain\/arabica\/italcaffe-grains-espresso-100-tanzanie-250g\/\"]}]},{\"@type\":\"ImageObject\",\"inLanguage\":\"fr-FR\",\"@id\":\"https:\/\/italcaffe.it\/fr\/shop\/cafe-grain\/arabica\/italcaffe-grains-espresso-100-tanzanie-250g\/#primaryimage\",\"url\":\"https:\/\/italcaffe.it\/wp-content\/uploads\/2021\/12\/Tanzania250g.jpg\",\"contentUrl\":\"https:\/\/italcaffe.it\/wp-content\/uploads\/2021\/12\/Tanzania250g.jpg\",\"width\":825,\"height\":1000,\"caption\":\"Caff\u00e8 in grani Arabica Tanzania Italcaff\u00e8 250 g Espresso Italiano fronte\"},{\"@type\":\"BreadcrumbList\",\"@id\":\"https:\/\/italcaffe.it\/fr\/shop\/cafe-grain\/arabica\/italcaffe-grains-espresso-100-tanzanie-250g\/#breadcrumb\",\"itemListElement\":[{\"@type\":\"ListItem\",\"position\":1,\"name\":\"Home\",\"item\":\"https:\/\/italcaffe.it\/fr\/\"},{\"@type\":\"ListItem\",\"position\":2,\"name\":\"Shop\",\"item\":\"https:\/\/italcaffe.it\/fr\/shop\/\"},{\"@type\":\"ListItem\",\"position\":3,\"name\":\"Caf\u00e9 en Grains 100% Arabica Tanzanie Italcaff\u00e8 Espresso 250g\"}]},{\"@type\":\"WebSite\",\"@id\":\"https:\/\/italcaffe.it\/fr\/#website\",\"url\":\"https:\/\/italcaffe.it\/fr\/\",\"name\":\"Italcaff\u00e8\",\"description\":\"50 Anni insieme\",\"potentialAction\":[{\"@type\":\"SearchAction\",\"target\":{\"@type\":\"EntryPoint\",\"urlTemplate\":\"https:\/\/italcaffe.it\/fr\/?s={search_term_string}\"},\"query-input\":{\"@type\":\"PropertyValueSpecification\",\"valueRequired\":true,\"valueName\":\"search_term_string\"}}],\"inLanguage\":\"fr-FR\"}]}<\/script>\n<!-- \/ Yoast SEO plugin. -->","yoast_head_json":{"title":"Caf\u00e9 Arabica Tanzanie Espresso en grains 250g | Italcaff\u00e8 Expresso","description":"Caf\u00e9 Arabica Tanzanie Espresso en grains 100% Italcaff\u00e8 pure origine. Grain de caf\u00e9 id\u00e9al pour la machine \u00e0 expresso \u00e0 l\u2019arome agr\u00e9able.","robots":{"index":"index","follow":"follow","max-snippet":"max-snippet:-1","max-image-preview":"max-image-preview:large","max-video-preview":"max-video-preview:-1"},"canonical":"https:\/\/italcaffe.it\/fr\/shop\/cafe-grain\/arabica\/italcaffe-grains-espresso-100-tanzanie-250g\/","og_locale":"fr_FR","og_type":"article","og_title":"Caf\u00e9 Arabica Tanzanie Espresso en grains 250g | Italcaff\u00e8 Expresso","og_description":"Caf\u00e9 Arabica Tanzanie Espresso en grains 100% Italcaff\u00e8 pure origine. Grain de caf\u00e9 id\u00e9al pour la machine \u00e0 expresso \u00e0 l\u2019arome agr\u00e9able.","og_url":"https:\/\/italcaffe.it\/fr\/shop\/cafe-grain\/arabica\/italcaffe-grains-espresso-100-tanzanie-250g\/","og_site_name":"Italcaff\u00e8","article_modified_time":"2021-10-13T07:15:55+00:00","og_image":[{"width":825,"height":1000,"url":"https:\/\/italcaffe.it\/wp-content\/uploads\/2021\/12\/Tanzania250g.jpg","type":"image\/jpeg"}],"twitter_card":"summary_large_image","twitter_misc":{"Dur\u00e9e de lecture estim\u00e9e":"1 minute"},"schema":{"@context":"https:\/\/schema.org","@graph":[{"@type":"WebPage","@id":"https:\/\/italcaffe.it\/fr\/shop\/cafe-grain\/arabica\/italcaffe-grains-espresso-100-tanzanie-250g\/","url":"https:\/\/italcaffe.it\/fr\/shop\/cafe-grain\/arabica\/italcaffe-grains-espresso-100-tanzanie-250g\/","name":"Caf\u00e9 Arabica Tanzanie Espresso en grains 250g | Italcaff\u00e8 Expresso","isPartOf":{"@id":"https:\/\/italcaffe.it\/fr\/#website"},"primaryImageOfPage":{"@id":"https:\/\/italcaffe.it\/fr\/shop\/cafe-grain\/arabica\/italcaffe-grains-espresso-100-tanzanie-250g\/#primaryimage"},"image":{"@id":"https:\/\/italcaffe.it\/fr\/shop\/cafe-grain\/arabica\/italcaffe-grains-espresso-100-tanzanie-250g\/#primaryimage"},"thumbnailUrl":"https:\/\/italcaffe.it\/wp-content\/uploads\/2021\/12\/Tanzania250g.jpg","datePublished":"2020-02-26T14:50:14+00:00","dateModified":"2021-10-13T07:15:55+00:00","description":"Caf\u00e9 Arabica Tanzanie Espresso en grains 100% Italcaff\u00e8 pure origine. Grain de caf\u00e9 id\u00e9al pour la machine \u00e0 expresso \u00e0 l\u2019arome agr\u00e9able.","breadcrumb":{"@id":"https:\/\/italcaffe.it\/fr\/shop\/cafe-grain\/arabica\/italcaffe-grains-espresso-100-tanzanie-250g\/#breadcrumb"},"inLanguage":"fr-FR","potentialAction":[{"@type":"ReadAction","target":["https:\/\/italcaffe.it\/fr\/shop\/cafe-grain\/arabica\/italcaffe-grains-espresso-100-tanzanie-250g\/"]}]},{"@type":"ImageObject","inLanguage":"fr-FR","@id":"https:\/\/italcaffe.it\/fr\/shop\/cafe-grain\/arabica\/italcaffe-grains-espresso-100-tanzanie-250g\/#primaryimage","url":"https:\/\/italcaffe.it\/wp-content\/uploads\/2021\/12\/Tanzania250g.jpg","contentUrl":"https:\/\/italcaffe.it\/wp-content\/uploads\/2021\/12\/Tanzania250g.jpg","width":825,"height":1000,"caption":"Caff\u00e8 in grani Arabica Tanzania Italcaff\u00e8 250 g Espresso Italiano fronte"},{"@type":"BreadcrumbList","@id":"https:\/\/italcaffe.it\/fr\/shop\/cafe-grain\/arabica\/italcaffe-grains-espresso-100-tanzanie-250g\/#breadcrumb","itemListElement":[{"@type":"ListItem","position":1,"name":"Home","item":"https:\/\/italcaffe.it\/fr\/"},{"@type":"ListItem","position":2,"name":"Shop","item":"https:\/\/italcaffe.it\/fr\/shop\/"},{"@type":"ListItem","position":3,"name":"Caf\u00e9 en Grains 100% Arabica Tanzanie Italcaff\u00e8 Espresso 250g"}]},{"@type":"WebSite","@id":"https:\/\/italcaffe.it\/fr\/#website","url":"https:\/\/italcaffe.it\/fr\/","name":"Italcaff\u00e8","description":"50 Anni insieme","potentialAction":[{"@type":"SearchAction","target":{"@type":"EntryPoint","urlTemplate":"https:\/\/italcaffe.it\/fr\/?s={search_term_string}"},"query-input":{"@type":"PropertyValueSpecification","valueRequired":true,"valueName":"search_term_string"}}],"inLanguage":"fr-FR"}]}},"_links":{"self":[{"href":"https:\/\/italcaffe.it\/fr\/wp-json\/wp\/v2\/product\/23315","targetHints":{"allow":["GET"]}}],"collection":[{"href":"https:\/\/italcaffe.it\/fr\/wp-json\/wp\/v2\/product"}],"about":[{"href":"https:\/\/italcaffe.it\/fr\/wp-json\/wp\/v2\/types\/product"}],"wp:featuredmedia":[{"embeddable":true,"href":"https:\/\/italcaffe.it\/fr\/wp-json\/wp\/v2\/media\/28621"}],"wp:attachment":[{"href":"https:\/\/italcaffe.it\/fr\/wp-json\/wp\/v2\/media?parent=23315"}],"wp:term":[{"taxonomy":"product_brand","embeddable":true,"href":"https:\/\/italcaffe.it\/fr\/wp-json\/wp\/v2\/product_brand?post=23315"},{"taxonomy":"product_cat","embeddable":true,"href":"https:\/\/italcaffe.it\/fr\/wp-json\/wp\/v2\/product_cat?post=23315"},{"taxonomy":"product_tag","embeddable":true,"href":"https:\/\/italcaffe.it\/fr\/wp-json\/wp\/v2\/product_tag?post=23315"}],"curies":[{"name":"wp","href":"https:\/\/api.w.org\/{rel}","templated":true}]}}