{"id":23319,"date":"2020-02-26T16:00:14","date_gmt":"2020-02-26T14:50:14","guid":{"rendered":"https:\/\/www.italcaffe.it\/product\/espresso-casa-4-x-250-gr\/"},"modified":"2024-02-25T12:53:32","modified_gmt":"2024-02-25T11:53:32","slug":"4-x-250-gr-espressocasa","status":"publish","type":"product","link":"https:\/\/italcaffe.it\/fr\/shop\/cafe-moulu\/mouture-espresso\/4-x-250-gr-espressocasa\/","title":{"rendered":"Espresso Casa &#8211; ( 4 x 250 gr. )"},"content":{"rendered":"","protected":false},"excerpt":{"rendered":"<p>C&#8217;est un vrai caf\u00e9 italien, issu d\u2019un savoureux m\u00e9lange des caf\u00e9s les plus fins, Arabica et Robusta, particuli\u00e8rement indiqu\u00e9 pour la cafeti\u00e8re express que l\u2019on utilise \u00e0 la maison.<\/p>\n<p>La qualit\u00e9 Espresso Casa est disponible moulue en sachets sous vide de 250 gr.<\/p>\n","protected":false},"featured_media":26853,"template":"","meta":{"_acf_changed":false},"product_brand":[],"product_cat":[310,318],"product_tag":[],"class_list":{"0":"post-23319","1":"product","2":"type-product","3":"status-publish","4":"has-post-thumbnail","6":"product_cat-cafe-moulu","7":"product_cat-mouture-espresso","9":"first","10":"instock","11":"taxable","12":"shipping-taxable","13":"purchasable","14":"product-type-simple"},"acf":[],"yoast_head":"<!-- This site is optimized with the Yoast SEO plugin v27.0 - https:\/\/yoast.com\/product\/yoast-seo-wordpress\/ -->\n<title>Espresso Casa - ( 4 x 250 gr. ) - Italcaff\u00e8<\/title>\n<meta name=\"robots\" content=\"index, follow, max-snippet:-1, max-image-preview:large, max-video-preview:-1\" \/>\n<link rel=\"canonical\" href=\"https:\/\/italcaffe.it\/fr\/shop\/cafe-moulu\/mouture-espresso\/4-x-250-gr-espressocasa\/\" \/>\n<meta property=\"og:locale\" content=\"fr_FR\" \/>\n<meta property=\"og:type\" content=\"article\" \/>\n<meta property=\"og:title\" content=\"Espresso Casa - ( 4 x 250 gr. ) - Italcaff\u00e8\" \/>\n<meta property=\"og:description\" content=\"C&#039;est un vrai caf\u00e9 italien, issu d\u2019un savoureux m\u00e9lange des caf\u00e9s les plus fins, Arabica et Robusta, particuli\u00e8rement indiqu\u00e9 pour la cafeti\u00e8re express que l\u2019on utilise \u00e0 la maison. La qualit\u00e9 Espresso Casa est disponible moulue en sachets sous vide de 250 gr.\" \/>\n<meta property=\"og:url\" content=\"https:\/\/italcaffe.it\/fr\/shop\/cafe-moulu\/mouture-espresso\/4-x-250-gr-espressocasa\/\" \/>\n<meta property=\"og:site_name\" content=\"Italcaff\u00e8\" \/>\n<meta property=\"article:modified_time\" content=\"2024-02-25T11:53:32+00:00\" \/>\n<meta property=\"og:image\" content=\"https:\/\/italcaffe.it\/wp-content\/uploads\/2021\/02\/italcaffe_macinato_espresso_casa.png\" \/>\n\t<meta property=\"og:image:width\" content=\"825\" \/>\n\t<meta property=\"og:image:height\" content=\"1100\" \/>\n\t<meta property=\"og:image:type\" content=\"image\/png\" \/>\n<meta name=\"twitter:card\" content=\"summary_large_image\" \/>\n<script type=\"application\/ld+json\" class=\"yoast-schema-graph\">{\"@context\":\"https:\/\/schema.org\",\"@graph\":[{\"@type\":\"WebPage\",\"@id\":\"https:\/\/italcaffe.it\/fr\/shop\/cafe-moulu\/mouture-espresso\/4-x-250-gr-espressocasa\/\",\"url\":\"https:\/\/italcaffe.it\/fr\/shop\/cafe-moulu\/mouture-espresso\/4-x-250-gr-espressocasa\/\",\"name\":\"Espresso Casa - ( 4 x 250 gr. ) - Italcaff\u00e8\",\"isPartOf\":{\"@id\":\"https:\/\/italcaffe.it\/fr\/#website\"},\"primaryImageOfPage\":{\"@id\":\"https:\/\/italcaffe.it\/fr\/shop\/cafe-moulu\/mouture-espresso\/4-x-250-gr-espressocasa\/#primaryimage\"},\"image\":{\"@id\":\"https:\/\/italcaffe.it\/fr\/shop\/cafe-moulu\/mouture-espresso\/4-x-250-gr-espressocasa\/#primaryimage\"},\"thumbnailUrl\":\"https:\/\/italcaffe.it\/wp-content\/uploads\/2021\/02\/italcaffe_macinato_espresso_casa.png\",\"datePublished\":\"2020-02-26T14:50:14+00:00\",\"dateModified\":\"2024-02-25T11:53:32+00:00\",\"breadcrumb\":{\"@id\":\"https:\/\/italcaffe.it\/fr\/shop\/cafe-moulu\/mouture-espresso\/4-x-250-gr-espressocasa\/#breadcrumb\"},\"inLanguage\":\"fr-FR\",\"potentialAction\":[{\"@type\":\"ReadAction\",\"target\":[\"https:\/\/italcaffe.it\/fr\/shop\/cafe-moulu\/mouture-espresso\/4-x-250-gr-espressocasa\/\"]}]},{\"@type\":\"ImageObject\",\"inLanguage\":\"fr-FR\",\"@id\":\"https:\/\/italcaffe.it\/fr\/shop\/cafe-moulu\/mouture-espresso\/4-x-250-gr-espressocasa\/#primaryimage\",\"url\":\"https:\/\/italcaffe.it\/wp-content\/uploads\/2021\/02\/italcaffe_macinato_espresso_casa.png\",\"contentUrl\":\"https:\/\/italcaffe.it\/wp-content\/uploads\/2021\/02\/italcaffe_macinato_espresso_casa.png\",\"width\":825,\"height\":1100,\"caption\":\"Caff\u00e8 macinato Espresso Casa Italcaff\u00e8 250g macinatura per macchina Bar\"},{\"@type\":\"BreadcrumbList\",\"@id\":\"https:\/\/italcaffe.it\/fr\/shop\/cafe-moulu\/mouture-espresso\/4-x-250-gr-espressocasa\/#breadcrumb\",\"itemListElement\":[{\"@type\":\"ListItem\",\"position\":1,\"name\":\"Home\",\"item\":\"https:\/\/italcaffe.it\/fr\/\"},{\"@type\":\"ListItem\",\"position\":2,\"name\":\"Shop\",\"item\":\"https:\/\/italcaffe.it\/fr\/shop\/\"},{\"@type\":\"ListItem\",\"position\":3,\"name\":\"Espresso Casa &#8211; ( 4 x 250 gr. )\"}]},{\"@type\":\"WebSite\",\"@id\":\"https:\/\/italcaffe.it\/fr\/#website\",\"url\":\"https:\/\/italcaffe.it\/fr\/\",\"name\":\"Italcaff\u00e8\",\"description\":\"50 Anni insieme\",\"potentialAction\":[{\"@type\":\"SearchAction\",\"target\":{\"@type\":\"EntryPoint\",\"urlTemplate\":\"https:\/\/italcaffe.it\/fr\/?s={search_term_string}\"},\"query-input\":{\"@type\":\"PropertyValueSpecification\",\"valueRequired\":true,\"valueName\":\"search_term_string\"}}],\"inLanguage\":\"fr-FR\"}]}<\/script>\n<!-- \/ Yoast SEO plugin. -->","yoast_head_json":{"title":"Espresso Casa - ( 4 x 250 gr. ) - Italcaff\u00e8","robots":{"index":"index","follow":"follow","max-snippet":"max-snippet:-1","max-image-preview":"max-image-preview:large","max-video-preview":"max-video-preview:-1"},"canonical":"https:\/\/italcaffe.it\/fr\/shop\/cafe-moulu\/mouture-espresso\/4-x-250-gr-espressocasa\/","og_locale":"fr_FR","og_type":"article","og_title":"Espresso Casa - ( 4 x 250 gr. ) - Italcaff\u00e8","og_description":"C'est un vrai caf\u00e9 italien, issu d\u2019un savoureux m\u00e9lange des caf\u00e9s les plus fins, Arabica et Robusta, particuli\u00e8rement indiqu\u00e9 pour la cafeti\u00e8re express que l\u2019on utilise \u00e0 la maison. La qualit\u00e9 Espresso Casa est disponible moulue en sachets sous vide de 250 gr.","og_url":"https:\/\/italcaffe.it\/fr\/shop\/cafe-moulu\/mouture-espresso\/4-x-250-gr-espressocasa\/","og_site_name":"Italcaff\u00e8","article_modified_time":"2024-02-25T11:53:32+00:00","og_image":[{"width":825,"height":1100,"url":"https:\/\/italcaffe.it\/wp-content\/uploads\/2021\/02\/italcaffe_macinato_espresso_casa.png","type":"image\/png"}],"twitter_card":"summary_large_image","schema":{"@context":"https:\/\/schema.org","@graph":[{"@type":"WebPage","@id":"https:\/\/italcaffe.it\/fr\/shop\/cafe-moulu\/mouture-espresso\/4-x-250-gr-espressocasa\/","url":"https:\/\/italcaffe.it\/fr\/shop\/cafe-moulu\/mouture-espresso\/4-x-250-gr-espressocasa\/","name":"Espresso Casa - ( 4 x 250 gr. ) - Italcaff\u00e8","isPartOf":{"@id":"https:\/\/italcaffe.it\/fr\/#website"},"primaryImageOfPage":{"@id":"https:\/\/italcaffe.it\/fr\/shop\/cafe-moulu\/mouture-espresso\/4-x-250-gr-espressocasa\/#primaryimage"},"image":{"@id":"https:\/\/italcaffe.it\/fr\/shop\/cafe-moulu\/mouture-espresso\/4-x-250-gr-espressocasa\/#primaryimage"},"thumbnailUrl":"https:\/\/italcaffe.it\/wp-content\/uploads\/2021\/02\/italcaffe_macinato_espresso_casa.png","datePublished":"2020-02-26T14:50:14+00:00","dateModified":"2024-02-25T11:53:32+00:00","breadcrumb":{"@id":"https:\/\/italcaffe.it\/fr\/shop\/cafe-moulu\/mouture-espresso\/4-x-250-gr-espressocasa\/#breadcrumb"},"inLanguage":"fr-FR","potentialAction":[{"@type":"ReadAction","target":["https:\/\/italcaffe.it\/fr\/shop\/cafe-moulu\/mouture-espresso\/4-x-250-gr-espressocasa\/"]}]},{"@type":"ImageObject","inLanguage":"fr-FR","@id":"https:\/\/italcaffe.it\/fr\/shop\/cafe-moulu\/mouture-espresso\/4-x-250-gr-espressocasa\/#primaryimage","url":"https:\/\/italcaffe.it\/wp-content\/uploads\/2021\/02\/italcaffe_macinato_espresso_casa.png","contentUrl":"https:\/\/italcaffe.it\/wp-content\/uploads\/2021\/02\/italcaffe_macinato_espresso_casa.png","width":825,"height":1100,"caption":"Caff\u00e8 macinato Espresso Casa Italcaff\u00e8 250g macinatura per macchina Bar"},{"@type":"BreadcrumbList","@id":"https:\/\/italcaffe.it\/fr\/shop\/cafe-moulu\/mouture-espresso\/4-x-250-gr-espressocasa\/#breadcrumb","itemListElement":[{"@type":"ListItem","position":1,"name":"Home","item":"https:\/\/italcaffe.it\/fr\/"},{"@type":"ListItem","position":2,"name":"Shop","item":"https:\/\/italcaffe.it\/fr\/shop\/"},{"@type":"ListItem","position":3,"name":"Espresso Casa &#8211; ( 4 x 250 gr. )"}]},{"@type":"WebSite","@id":"https:\/\/italcaffe.it\/fr\/#website","url":"https:\/\/italcaffe.it\/fr\/","name":"Italcaff\u00e8","description":"50 Anni insieme","potentialAction":[{"@type":"SearchAction","target":{"@type":"EntryPoint","urlTemplate":"https:\/\/italcaffe.it\/fr\/?s={search_term_string}"},"query-input":{"@type":"PropertyValueSpecification","valueRequired":true,"valueName":"search_term_string"}}],"inLanguage":"fr-FR"}]}},"_links":{"self":[{"href":"https:\/\/italcaffe.it\/fr\/wp-json\/wp\/v2\/product\/23319","targetHints":{"allow":["GET"]}}],"collection":[{"href":"https:\/\/italcaffe.it\/fr\/wp-json\/wp\/v2\/product"}],"about":[{"href":"https:\/\/italcaffe.it\/fr\/wp-json\/wp\/v2\/types\/product"}],"wp:featuredmedia":[{"embeddable":true,"href":"https:\/\/italcaffe.it\/fr\/wp-json\/wp\/v2\/media\/26853"}],"wp:attachment":[{"href":"https:\/\/italcaffe.it\/fr\/wp-json\/wp\/v2\/media?parent=23319"}],"wp:term":[{"taxonomy":"product_brand","embeddable":true,"href":"https:\/\/italcaffe.it\/fr\/wp-json\/wp\/v2\/product_brand?post=23319"},{"taxonomy":"product_cat","embeddable":true,"href":"https:\/\/italcaffe.it\/fr\/wp-json\/wp\/v2\/product_cat?post=23319"},{"taxonomy":"product_tag","embeddable":true,"href":"https:\/\/italcaffe.it\/fr\/wp-json\/wp\/v2\/product_tag?post=23319"}],"curies":[{"name":"wp","href":"https:\/\/api.w.org\/{rel}","templated":true}]}}