{"id":23320,"date":"2020-02-26T16:00:14","date_gmt":"2020-02-26T14:50:14","guid":{"rendered":"https:\/\/www.italcaffe.it\/product\/cafe-moulu-et-torrefie-italcaffe-espresso-casa-4x250g\/"},"modified":"2023-01-13T17:14:24","modified_gmt":"2023-01-13T16:14:24","slug":"cafe-espresso-casa-moulu-torrefie-italcaffe-250g-expresso","status":"publish","type":"product","link":"https:\/\/italcaffe.it\/fr\/shop\/cafe-moulu\/mouture-espresso\/cafe-espresso-casa-moulu-torrefie-italcaffe-250g-expresso\/","title":{"rendered":"Caf\u00e9 Espresso Casa Moulu et Torr\u00e9fi\u00e9 Italcaffe 250g"},"content":{"rendered":"","protected":false},"excerpt":{"rendered":"<p style=\"text-align: justify;\">Caf\u00e9 torr\u00e9fi\u00e9 moulu fin pour machine \u00e0 expresso. C&#8217;est un m\u00e9lange de caf\u00e9s pr\u00e9cieux dont le go\u00fbt est doux et l&#8217;ar\u00f4me intensif et raffin\u00e9. C&#8217;est le produit pour celui qui d\u00e9sire le nec-plus-ultra. La qualit\u00e9 Espresso Casa est disponible moulu fin pour machine \u00e0 expresso en sachets sous vide de 250 gr. &#8211; M\u00e9thode de torr\u00e9faction traditionnelle \u00ab\u00e0 l&#8217;italienne\u00bb assurant le meilleur du caf\u00e9. M\u00e9langes exclusifs aux recettes jalousement gard\u00e9es. &#8211; Caf\u00e9 moulu fin pour machine \u00e0 expresso avec un go\u00fbt doux avec et un ar\u00f4me intense et raffin\u00e9. &#8211; Caf\u00e9s de haute qualit\u00e9, soigneusement s\u00e9lectionn\u00e9s. &#8211; Torr\u00e9faction \u00e0 air chaud avec une humidit\u00e9 inf\u00e9rieure \u00e0 2,5%. &#8211; Emball\u00e9 en paquet sous vide de 250 gr. . Mouture adapt\u00e9e aux machines Expresso.<\/p>\n","protected":false},"featured_media":26853,"template":"","meta":{"_acf_changed":false},"product_brand":[],"product_cat":[310,318],"product_tag":[],"class_list":{"0":"post-23320","1":"product","2":"type-product","3":"status-publish","4":"has-post-thumbnail","6":"product_cat-cafe-moulu","7":"product_cat-mouture-espresso","8":"pa_formato-grani-4-formato-250gr","10":"first","11":"instock","12":"taxable","13":"shipping-taxable","14":"product-type-grouped"},"acf":[],"yoast_head":"<!-- This site is optimized with the Yoast SEO plugin v27.0 - https:\/\/yoast.com\/product\/yoast-seo-wordpress\/ -->\n<title>Caf\u00e9 Espresso Casa Moulu et Torr\u00e9fi\u00e9 Italcaffe 250g Expresso<\/title>\n<meta name=\"description\" content=\"Caf\u00e9 Espresso Casa Moulu est un m\u00e9lange de caf\u00e9s pr\u00e9cieux dont le go\u00fbt est doux et l&#039;ar\u00f4me intensif et raffin\u00e9. Caf\u00e9 moulu fin pour machine \u00e0 expresso.\" \/>\n<meta name=\"robots\" content=\"index, follow, max-snippet:-1, max-image-preview:large, max-video-preview:-1\" \/>\n<link rel=\"canonical\" href=\"https:\/\/italcaffe.it\/fr\/shop\/cafe-moulu\/mouture-espresso\/cafe-espresso-casa-moulu-torrefie-italcaffe-250g-expresso\/\" \/>\n<meta property=\"og:locale\" content=\"fr_FR\" \/>\n<meta property=\"og:type\" content=\"article\" \/>\n<meta property=\"og:title\" content=\"Caf\u00e9 Espresso Casa Moulu et Torr\u00e9fi\u00e9 Italcaffe 250g Expresso\" \/>\n<meta property=\"og:description\" content=\"Caf\u00e9 Espresso Casa Moulu est un m\u00e9lange de caf\u00e9s pr\u00e9cieux dont le go\u00fbt est doux et l&#039;ar\u00f4me intensif et raffin\u00e9. Caf\u00e9 moulu fin pour machine \u00e0 expresso.\" \/>\n<meta property=\"og:url\" content=\"https:\/\/italcaffe.it\/fr\/shop\/cafe-moulu\/mouture-espresso\/cafe-espresso-casa-moulu-torrefie-italcaffe-250g-expresso\/\" \/>\n<meta property=\"og:site_name\" content=\"Italcaff\u00e8\" \/>\n<meta property=\"article:modified_time\" content=\"2023-01-13T16:14:24+00:00\" \/>\n<meta property=\"og:image\" content=\"https:\/\/italcaffe.it\/wp-content\/uploads\/2021\/02\/italcaffe_macinato_espresso_casa.png\" \/>\n\t<meta property=\"og:image:width\" content=\"825\" \/>\n\t<meta property=\"og:image:height\" content=\"1100\" \/>\n\t<meta property=\"og:image:type\" content=\"image\/png\" \/>\n<meta name=\"twitter:card\" content=\"summary_large_image\" \/>\n<script type=\"application\/ld+json\" class=\"yoast-schema-graph\">{\"@context\":\"https:\/\/schema.org\",\"@graph\":[{\"@type\":\"WebPage\",\"@id\":\"https:\/\/italcaffe.it\/fr\/shop\/cafe-moulu\/mouture-espresso\/cafe-espresso-casa-moulu-torrefie-italcaffe-250g-expresso\/\",\"url\":\"https:\/\/italcaffe.it\/fr\/shop\/cafe-moulu\/mouture-espresso\/cafe-espresso-casa-moulu-torrefie-italcaffe-250g-expresso\/\",\"name\":\"Caf\u00e9 Espresso Casa Moulu et Torr\u00e9fi\u00e9 Italcaffe 250g Expresso\",\"isPartOf\":{\"@id\":\"https:\/\/italcaffe.it\/fr\/#website\"},\"primaryImageOfPage\":{\"@id\":\"https:\/\/italcaffe.it\/fr\/shop\/cafe-moulu\/mouture-espresso\/cafe-espresso-casa-moulu-torrefie-italcaffe-250g-expresso\/#primaryimage\"},\"image\":{\"@id\":\"https:\/\/italcaffe.it\/fr\/shop\/cafe-moulu\/mouture-espresso\/cafe-espresso-casa-moulu-torrefie-italcaffe-250g-expresso\/#primaryimage\"},\"thumbnailUrl\":\"https:\/\/italcaffe.it\/wp-content\/uploads\/2021\/02\/italcaffe_macinato_espresso_casa.png\",\"datePublished\":\"2020-02-26T14:50:14+00:00\",\"dateModified\":\"2023-01-13T16:14:24+00:00\",\"description\":\"Caf\u00e9 Espresso Casa Moulu est un m\u00e9lange de caf\u00e9s pr\u00e9cieux dont le go\u00fbt est doux et l'ar\u00f4me intensif et raffin\u00e9. Caf\u00e9 moulu fin pour machine \u00e0 expresso.\",\"breadcrumb\":{\"@id\":\"https:\/\/italcaffe.it\/fr\/shop\/cafe-moulu\/mouture-espresso\/cafe-espresso-casa-moulu-torrefie-italcaffe-250g-expresso\/#breadcrumb\"},\"inLanguage\":\"fr-FR\",\"potentialAction\":[{\"@type\":\"ReadAction\",\"target\":[\"https:\/\/italcaffe.it\/fr\/shop\/cafe-moulu\/mouture-espresso\/cafe-espresso-casa-moulu-torrefie-italcaffe-250g-expresso\/\"]}]},{\"@type\":\"ImageObject\",\"inLanguage\":\"fr-FR\",\"@id\":\"https:\/\/italcaffe.it\/fr\/shop\/cafe-moulu\/mouture-espresso\/cafe-espresso-casa-moulu-torrefie-italcaffe-250g-expresso\/#primaryimage\",\"url\":\"https:\/\/italcaffe.it\/wp-content\/uploads\/2021\/02\/italcaffe_macinato_espresso_casa.png\",\"contentUrl\":\"https:\/\/italcaffe.it\/wp-content\/uploads\/2021\/02\/italcaffe_macinato_espresso_casa.png\",\"width\":825,\"height\":1100,\"caption\":\"Caff\u00e8 macinato Espresso Casa Italcaff\u00e8 250g macinatura per macchina Bar\"},{\"@type\":\"BreadcrumbList\",\"@id\":\"https:\/\/italcaffe.it\/fr\/shop\/cafe-moulu\/mouture-espresso\/cafe-espresso-casa-moulu-torrefie-italcaffe-250g-expresso\/#breadcrumb\",\"itemListElement\":[{\"@type\":\"ListItem\",\"position\":1,\"name\":\"Home\",\"item\":\"https:\/\/italcaffe.it\/fr\/\"},{\"@type\":\"ListItem\",\"position\":2,\"name\":\"Shop\",\"item\":\"https:\/\/italcaffe.it\/fr\/shop\/\"},{\"@type\":\"ListItem\",\"position\":3,\"name\":\"Caf\u00e9 Espresso Casa Moulu et Torr\u00e9fi\u00e9 Italcaffe 250g\"}]},{\"@type\":\"WebSite\",\"@id\":\"https:\/\/italcaffe.it\/fr\/#website\",\"url\":\"https:\/\/italcaffe.it\/fr\/\",\"name\":\"Italcaff\u00e8\",\"description\":\"50 Anni insieme\",\"potentialAction\":[{\"@type\":\"SearchAction\",\"target\":{\"@type\":\"EntryPoint\",\"urlTemplate\":\"https:\/\/italcaffe.it\/fr\/?s={search_term_string}\"},\"query-input\":{\"@type\":\"PropertyValueSpecification\",\"valueRequired\":true,\"valueName\":\"search_term_string\"}}],\"inLanguage\":\"fr-FR\"}]}<\/script>\n<!-- \/ Yoast SEO plugin. -->","yoast_head_json":{"title":"Caf\u00e9 Espresso Casa Moulu et Torr\u00e9fi\u00e9 Italcaffe 250g Expresso","description":"Caf\u00e9 Espresso Casa Moulu est un m\u00e9lange de caf\u00e9s pr\u00e9cieux dont le go\u00fbt est doux et l'ar\u00f4me intensif et raffin\u00e9. Caf\u00e9 moulu fin pour machine \u00e0 expresso.","robots":{"index":"index","follow":"follow","max-snippet":"max-snippet:-1","max-image-preview":"max-image-preview:large","max-video-preview":"max-video-preview:-1"},"canonical":"https:\/\/italcaffe.it\/fr\/shop\/cafe-moulu\/mouture-espresso\/cafe-espresso-casa-moulu-torrefie-italcaffe-250g-expresso\/","og_locale":"fr_FR","og_type":"article","og_title":"Caf\u00e9 Espresso Casa Moulu et Torr\u00e9fi\u00e9 Italcaffe 250g Expresso","og_description":"Caf\u00e9 Espresso Casa Moulu est un m\u00e9lange de caf\u00e9s pr\u00e9cieux dont le go\u00fbt est doux et l'ar\u00f4me intensif et raffin\u00e9. Caf\u00e9 moulu fin pour machine \u00e0 expresso.","og_url":"https:\/\/italcaffe.it\/fr\/shop\/cafe-moulu\/mouture-espresso\/cafe-espresso-casa-moulu-torrefie-italcaffe-250g-expresso\/","og_site_name":"Italcaff\u00e8","article_modified_time":"2023-01-13T16:14:24+00:00","og_image":[{"width":825,"height":1100,"url":"https:\/\/italcaffe.it\/wp-content\/uploads\/2021\/02\/italcaffe_macinato_espresso_casa.png","type":"image\/png"}],"twitter_card":"summary_large_image","schema":{"@context":"https:\/\/schema.org","@graph":[{"@type":"WebPage","@id":"https:\/\/italcaffe.it\/fr\/shop\/cafe-moulu\/mouture-espresso\/cafe-espresso-casa-moulu-torrefie-italcaffe-250g-expresso\/","url":"https:\/\/italcaffe.it\/fr\/shop\/cafe-moulu\/mouture-espresso\/cafe-espresso-casa-moulu-torrefie-italcaffe-250g-expresso\/","name":"Caf\u00e9 Espresso Casa Moulu et Torr\u00e9fi\u00e9 Italcaffe 250g Expresso","isPartOf":{"@id":"https:\/\/italcaffe.it\/fr\/#website"},"primaryImageOfPage":{"@id":"https:\/\/italcaffe.it\/fr\/shop\/cafe-moulu\/mouture-espresso\/cafe-espresso-casa-moulu-torrefie-italcaffe-250g-expresso\/#primaryimage"},"image":{"@id":"https:\/\/italcaffe.it\/fr\/shop\/cafe-moulu\/mouture-espresso\/cafe-espresso-casa-moulu-torrefie-italcaffe-250g-expresso\/#primaryimage"},"thumbnailUrl":"https:\/\/italcaffe.it\/wp-content\/uploads\/2021\/02\/italcaffe_macinato_espresso_casa.png","datePublished":"2020-02-26T14:50:14+00:00","dateModified":"2023-01-13T16:14:24+00:00","description":"Caf\u00e9 Espresso Casa Moulu est un m\u00e9lange de caf\u00e9s pr\u00e9cieux dont le go\u00fbt est doux et l'ar\u00f4me intensif et raffin\u00e9. Caf\u00e9 moulu fin pour machine \u00e0 expresso.","breadcrumb":{"@id":"https:\/\/italcaffe.it\/fr\/shop\/cafe-moulu\/mouture-espresso\/cafe-espresso-casa-moulu-torrefie-italcaffe-250g-expresso\/#breadcrumb"},"inLanguage":"fr-FR","potentialAction":[{"@type":"ReadAction","target":["https:\/\/italcaffe.it\/fr\/shop\/cafe-moulu\/mouture-espresso\/cafe-espresso-casa-moulu-torrefie-italcaffe-250g-expresso\/"]}]},{"@type":"ImageObject","inLanguage":"fr-FR","@id":"https:\/\/italcaffe.it\/fr\/shop\/cafe-moulu\/mouture-espresso\/cafe-espresso-casa-moulu-torrefie-italcaffe-250g-expresso\/#primaryimage","url":"https:\/\/italcaffe.it\/wp-content\/uploads\/2021\/02\/italcaffe_macinato_espresso_casa.png","contentUrl":"https:\/\/italcaffe.it\/wp-content\/uploads\/2021\/02\/italcaffe_macinato_espresso_casa.png","width":825,"height":1100,"caption":"Caff\u00e8 macinato Espresso Casa Italcaff\u00e8 250g macinatura per macchina Bar"},{"@type":"BreadcrumbList","@id":"https:\/\/italcaffe.it\/fr\/shop\/cafe-moulu\/mouture-espresso\/cafe-espresso-casa-moulu-torrefie-italcaffe-250g-expresso\/#breadcrumb","itemListElement":[{"@type":"ListItem","position":1,"name":"Home","item":"https:\/\/italcaffe.it\/fr\/"},{"@type":"ListItem","position":2,"name":"Shop","item":"https:\/\/italcaffe.it\/fr\/shop\/"},{"@type":"ListItem","position":3,"name":"Caf\u00e9 Espresso Casa Moulu et Torr\u00e9fi\u00e9 Italcaffe 250g"}]},{"@type":"WebSite","@id":"https:\/\/italcaffe.it\/fr\/#website","url":"https:\/\/italcaffe.it\/fr\/","name":"Italcaff\u00e8","description":"50 Anni insieme","potentialAction":[{"@type":"SearchAction","target":{"@type":"EntryPoint","urlTemplate":"https:\/\/italcaffe.it\/fr\/?s={search_term_string}"},"query-input":{"@type":"PropertyValueSpecification","valueRequired":true,"valueName":"search_term_string"}}],"inLanguage":"fr-FR"}]}},"_links":{"self":[{"href":"https:\/\/italcaffe.it\/fr\/wp-json\/wp\/v2\/product\/23320","targetHints":{"allow":["GET"]}}],"collection":[{"href":"https:\/\/italcaffe.it\/fr\/wp-json\/wp\/v2\/product"}],"about":[{"href":"https:\/\/italcaffe.it\/fr\/wp-json\/wp\/v2\/types\/product"}],"wp:featuredmedia":[{"embeddable":true,"href":"https:\/\/italcaffe.it\/fr\/wp-json\/wp\/v2\/media\/26853"}],"wp:attachment":[{"href":"https:\/\/italcaffe.it\/fr\/wp-json\/wp\/v2\/media?parent=23320"}],"wp:term":[{"taxonomy":"product_brand","embeddable":true,"href":"https:\/\/italcaffe.it\/fr\/wp-json\/wp\/v2\/product_brand?post=23320"},{"taxonomy":"product_cat","embeddable":true,"href":"https:\/\/italcaffe.it\/fr\/wp-json\/wp\/v2\/product_cat?post=23320"},{"taxonomy":"product_tag","embeddable":true,"href":"https:\/\/italcaffe.it\/fr\/wp-json\/wp\/v2\/product_tag?post=23320"}],"curies":[{"name":"wp","href":"https:\/\/api.w.org\/{rel}","templated":true}]}}