{"id":27659,"date":"2021-06-17T17:35:40","date_gmt":"2021-06-17T16:35:41","guid":{"rendered":"https:\/\/www.italcaffe.it\/?post_type=product&#038;p=27659"},"modified":"2022-11-24T15:01:23","modified_gmt":"2022-11-24T14:01:23","slug":"cafe-en-grains-expresso-bar-italcaffe-3kg-italien","status":"publish","type":"product","link":"https:\/\/italcaffe.it\/fr\/shop\/cafe-grain\/espresso\/cafe-en-grains-expresso-bar-italcaffe-3kg-italien\/","title":{"rendered":"Caf\u00e9 en grain Expresso Bar Italcaff\u00e8 1kg Italien"},"content":{"rendered":"","protected":false},"excerpt":{"rendered":"<p style=\"text-align: justify;\">Caf\u00e9 en grains pour expresso de haute qualit\u00e9, fra\u00eechement torr\u00e9fi\u00e9. C&#8217;est un m\u00e9lange du caf\u00e9 Espresso en grains parfait pour ceux qui appr\u00e9cient un caf\u00e9 plein et riche en corps. Il s\u2019agit d&#8217;un caf\u00e9 gourmet adress\u00e9s au professionnel le plus exigeant qui veulent un v\u00e9ritable expresso italien. C&#8217;est un m\u00e9lange parfait pour celui qui appr\u00e9cie un go\u00fbt riche, un ar\u00f4me fort et une cr\u00e8me onctueuse. T<span class=\"a-list-item\">orr\u00e9faction \u00e0 air chaud avec une humidit\u00e9 inf\u00e9rieure \u00e0 2,5%.\u00a0<\/span>Il est disponible en paquet de 1kg avec une valve monodirectionnelle de garantie d\u2019ar\u00f4me.<\/p>\n","protected":false},"featured_media":29138,"template":"","meta":{"_acf_changed":false},"product_brand":[],"product_cat":[299,300],"product_tag":[],"class_list":{"0":"post-27659","1":"product","2":"type-product","3":"status-publish","4":"has-post-thumbnail","6":"product_cat-cafe-grain","7":"product_cat-espresso","9":"first","10":"instock","11":"taxable","12":"shipping-taxable","13":"purchasable","14":"product-type-simple"},"acf":[],"yoast_head":"<!-- This site is optimized with the Yoast SEO plugin v27.0 - https:\/\/yoast.com\/product\/yoast-seo-wordpress\/ -->\n<title>Caf\u00e9 en grain Expresso Bar Italcaff\u00e8 1kg Italien - Italcaff\u00e8<\/title>\n<meta name=\"robots\" content=\"index, follow, max-snippet:-1, max-image-preview:large, max-video-preview:-1\" \/>\n<link rel=\"canonical\" href=\"https:\/\/italcaffe.it\/fr\/shop\/cafe-grain\/espresso\/cafe-en-grains-expresso-bar-italcaffe-3kg-italien\/\" \/>\n<meta property=\"og:locale\" content=\"fr_FR\" \/>\n<meta property=\"og:type\" content=\"article\" \/>\n<meta property=\"og:title\" content=\"Caf\u00e9 en grain Expresso Bar Italcaff\u00e8 1kg Italien - Italcaff\u00e8\" \/>\n<meta property=\"og:description\" content=\"Caf\u00e9 en grains pour expresso de haute qualit\u00e9, fra\u00eechement torr\u00e9fi\u00e9. C&#039;est un m\u00e9lange du caf\u00e9 Espresso en grains parfait pour ceux qui appr\u00e9cient un caf\u00e9 plein et riche en corps. Il s\u2019agit d&#039;un caf\u00e9 gourmet adress\u00e9s au professionnel le plus exigeant qui veulent un v\u00e9ritable expresso italien. C&#039;est un m\u00e9lange parfait pour celui qui appr\u00e9cie un go\u00fbt riche, un ar\u00f4me fort et une cr\u00e8me onctueuse. Torr\u00e9faction \u00e0 air chaud avec une humidit\u00e9 inf\u00e9rieure \u00e0 2,5%.\u00a0Il est disponible en paquet de 1kg avec une valve monodirectionnelle de garantie d\u2019ar\u00f4me.\" \/>\n<meta property=\"og:url\" content=\"https:\/\/italcaffe.it\/fr\/shop\/cafe-grain\/espresso\/cafe-en-grains-expresso-bar-italcaffe-3kg-italien\/\" \/>\n<meta property=\"og:site_name\" content=\"Italcaff\u00e8\" \/>\n<meta property=\"article:modified_time\" content=\"2022-11-24T14:01:23+00:00\" \/>\n<meta property=\"og:image\" content=\"https:\/\/italcaffe.it\/wp-content\/uploads\/2022\/03\/Espresso-Bar-1Kg.jpg\" \/>\n\t<meta property=\"og:image:width\" content=\"825\" \/>\n\t<meta property=\"og:image:height\" content=\"1100\" \/>\n\t<meta property=\"og:image:type\" content=\"image\/jpeg\" \/>\n<meta name=\"twitter:card\" content=\"summary_large_image\" \/>\n<script type=\"application\/ld+json\" class=\"yoast-schema-graph\">{\"@context\":\"https:\/\/schema.org\",\"@graph\":[{\"@type\":\"WebPage\",\"@id\":\"https:\/\/italcaffe.it\/fr\/shop\/cafe-grain\/espresso\/cafe-en-grains-expresso-bar-italcaffe-3kg-italien\/\",\"url\":\"https:\/\/italcaffe.it\/fr\/shop\/cafe-grain\/espresso\/cafe-en-grains-expresso-bar-italcaffe-3kg-italien\/\",\"name\":\"Caf\u00e9 en grain Expresso Bar Italcaff\u00e8 1kg Italien - Italcaff\u00e8\",\"isPartOf\":{\"@id\":\"https:\/\/italcaffe.it\/fr\/#website\"},\"primaryImageOfPage\":{\"@id\":\"https:\/\/italcaffe.it\/fr\/shop\/cafe-grain\/espresso\/cafe-en-grains-expresso-bar-italcaffe-3kg-italien\/#primaryimage\"},\"image\":{\"@id\":\"https:\/\/italcaffe.it\/fr\/shop\/cafe-grain\/espresso\/cafe-en-grains-expresso-bar-italcaffe-3kg-italien\/#primaryimage\"},\"thumbnailUrl\":\"https:\/\/italcaffe.it\/wp-content\/uploads\/2022\/03\/Espresso-Bar-1Kg.jpg\",\"datePublished\":\"2021-06-17T16:35:41+00:00\",\"dateModified\":\"2022-11-24T14:01:23+00:00\",\"breadcrumb\":{\"@id\":\"https:\/\/italcaffe.it\/fr\/shop\/cafe-grain\/espresso\/cafe-en-grains-expresso-bar-italcaffe-3kg-italien\/#breadcrumb\"},\"inLanguage\":\"fr-FR\",\"potentialAction\":[{\"@type\":\"ReadAction\",\"target\":[\"https:\/\/italcaffe.it\/fr\/shop\/cafe-grain\/espresso\/cafe-en-grains-expresso-bar-italcaffe-3kg-italien\/\"]}]},{\"@type\":\"ImageObject\",\"inLanguage\":\"fr-FR\",\"@id\":\"https:\/\/italcaffe.it\/fr\/shop\/cafe-grain\/espresso\/cafe-en-grains-expresso-bar-italcaffe-3kg-italien\/#primaryimage\",\"url\":\"https:\/\/italcaffe.it\/wp-content\/uploads\/2022\/03\/Espresso-Bar-1Kg.jpg\",\"contentUrl\":\"https:\/\/italcaffe.it\/wp-content\/uploads\/2022\/03\/Espresso-Bar-1Kg.jpg\",\"width\":825,\"height\":1100,\"caption\":\"Caff\u00e8 in grani Italcaff\u00e8 Espresso 1 kg Linea Bar ruotato\"},{\"@type\":\"BreadcrumbList\",\"@id\":\"https:\/\/italcaffe.it\/fr\/shop\/cafe-grain\/espresso\/cafe-en-grains-expresso-bar-italcaffe-3kg-italien\/#breadcrumb\",\"itemListElement\":[{\"@type\":\"ListItem\",\"position\":1,\"name\":\"Home\",\"item\":\"https:\/\/italcaffe.it\/fr\/\"},{\"@type\":\"ListItem\",\"position\":2,\"name\":\"Shop\",\"item\":\"https:\/\/italcaffe.it\/fr\/shop\/\"},{\"@type\":\"ListItem\",\"position\":3,\"name\":\"Caf\u00e9 en grain Expresso Bar Italcaff\u00e8 1kg Italien\"}]},{\"@type\":\"WebSite\",\"@id\":\"https:\/\/italcaffe.it\/fr\/#website\",\"url\":\"https:\/\/italcaffe.it\/fr\/\",\"name\":\"Italcaff\u00e8\",\"description\":\"50 Anni insieme\",\"potentialAction\":[{\"@type\":\"SearchAction\",\"target\":{\"@type\":\"EntryPoint\",\"urlTemplate\":\"https:\/\/italcaffe.it\/fr\/?s={search_term_string}\"},\"query-input\":{\"@type\":\"PropertyValueSpecification\",\"valueRequired\":true,\"valueName\":\"search_term_string\"}}],\"inLanguage\":\"fr-FR\"}]}<\/script>\n<!-- \/ Yoast SEO plugin. -->","yoast_head_json":{"title":"Caf\u00e9 en grain Expresso Bar Italcaff\u00e8 1kg Italien - Italcaff\u00e8","robots":{"index":"index","follow":"follow","max-snippet":"max-snippet:-1","max-image-preview":"max-image-preview:large","max-video-preview":"max-video-preview:-1"},"canonical":"https:\/\/italcaffe.it\/fr\/shop\/cafe-grain\/espresso\/cafe-en-grains-expresso-bar-italcaffe-3kg-italien\/","og_locale":"fr_FR","og_type":"article","og_title":"Caf\u00e9 en grain Expresso Bar Italcaff\u00e8 1kg Italien - Italcaff\u00e8","og_description":"Caf\u00e9 en grains pour expresso de haute qualit\u00e9, fra\u00eechement torr\u00e9fi\u00e9. C'est un m\u00e9lange du caf\u00e9 Espresso en grains parfait pour ceux qui appr\u00e9cient un caf\u00e9 plein et riche en corps. Il s\u2019agit d'un caf\u00e9 gourmet adress\u00e9s au professionnel le plus exigeant qui veulent un v\u00e9ritable expresso italien. C'est un m\u00e9lange parfait pour celui qui appr\u00e9cie un go\u00fbt riche, un ar\u00f4me fort et une cr\u00e8me onctueuse. Torr\u00e9faction \u00e0 air chaud avec une humidit\u00e9 inf\u00e9rieure \u00e0 2,5%.\u00a0Il est disponible en paquet de 1kg avec une valve monodirectionnelle de garantie d\u2019ar\u00f4me.","og_url":"https:\/\/italcaffe.it\/fr\/shop\/cafe-grain\/espresso\/cafe-en-grains-expresso-bar-italcaffe-3kg-italien\/","og_site_name":"Italcaff\u00e8","article_modified_time":"2022-11-24T14:01:23+00:00","og_image":[{"width":825,"height":1100,"url":"https:\/\/italcaffe.it\/wp-content\/uploads\/2022\/03\/Espresso-Bar-1Kg.jpg","type":"image\/jpeg"}],"twitter_card":"summary_large_image","schema":{"@context":"https:\/\/schema.org","@graph":[{"@type":"WebPage","@id":"https:\/\/italcaffe.it\/fr\/shop\/cafe-grain\/espresso\/cafe-en-grains-expresso-bar-italcaffe-3kg-italien\/","url":"https:\/\/italcaffe.it\/fr\/shop\/cafe-grain\/espresso\/cafe-en-grains-expresso-bar-italcaffe-3kg-italien\/","name":"Caf\u00e9 en grain Expresso Bar Italcaff\u00e8 1kg Italien - Italcaff\u00e8","isPartOf":{"@id":"https:\/\/italcaffe.it\/fr\/#website"},"primaryImageOfPage":{"@id":"https:\/\/italcaffe.it\/fr\/shop\/cafe-grain\/espresso\/cafe-en-grains-expresso-bar-italcaffe-3kg-italien\/#primaryimage"},"image":{"@id":"https:\/\/italcaffe.it\/fr\/shop\/cafe-grain\/espresso\/cafe-en-grains-expresso-bar-italcaffe-3kg-italien\/#primaryimage"},"thumbnailUrl":"https:\/\/italcaffe.it\/wp-content\/uploads\/2022\/03\/Espresso-Bar-1Kg.jpg","datePublished":"2021-06-17T16:35:41+00:00","dateModified":"2022-11-24T14:01:23+00:00","breadcrumb":{"@id":"https:\/\/italcaffe.it\/fr\/shop\/cafe-grain\/espresso\/cafe-en-grains-expresso-bar-italcaffe-3kg-italien\/#breadcrumb"},"inLanguage":"fr-FR","potentialAction":[{"@type":"ReadAction","target":["https:\/\/italcaffe.it\/fr\/shop\/cafe-grain\/espresso\/cafe-en-grains-expresso-bar-italcaffe-3kg-italien\/"]}]},{"@type":"ImageObject","inLanguage":"fr-FR","@id":"https:\/\/italcaffe.it\/fr\/shop\/cafe-grain\/espresso\/cafe-en-grains-expresso-bar-italcaffe-3kg-italien\/#primaryimage","url":"https:\/\/italcaffe.it\/wp-content\/uploads\/2022\/03\/Espresso-Bar-1Kg.jpg","contentUrl":"https:\/\/italcaffe.it\/wp-content\/uploads\/2022\/03\/Espresso-Bar-1Kg.jpg","width":825,"height":1100,"caption":"Caff\u00e8 in grani Italcaff\u00e8 Espresso 1 kg Linea Bar ruotato"},{"@type":"BreadcrumbList","@id":"https:\/\/italcaffe.it\/fr\/shop\/cafe-grain\/espresso\/cafe-en-grains-expresso-bar-italcaffe-3kg-italien\/#breadcrumb","itemListElement":[{"@type":"ListItem","position":1,"name":"Home","item":"https:\/\/italcaffe.it\/fr\/"},{"@type":"ListItem","position":2,"name":"Shop","item":"https:\/\/italcaffe.it\/fr\/shop\/"},{"@type":"ListItem","position":3,"name":"Caf\u00e9 en grain Expresso Bar Italcaff\u00e8 1kg Italien"}]},{"@type":"WebSite","@id":"https:\/\/italcaffe.it\/fr\/#website","url":"https:\/\/italcaffe.it\/fr\/","name":"Italcaff\u00e8","description":"50 Anni insieme","potentialAction":[{"@type":"SearchAction","target":{"@type":"EntryPoint","urlTemplate":"https:\/\/italcaffe.it\/fr\/?s={search_term_string}"},"query-input":{"@type":"PropertyValueSpecification","valueRequired":true,"valueName":"search_term_string"}}],"inLanguage":"fr-FR"}]}},"_links":{"self":[{"href":"https:\/\/italcaffe.it\/fr\/wp-json\/wp\/v2\/product\/27659","targetHints":{"allow":["GET"]}}],"collection":[{"href":"https:\/\/italcaffe.it\/fr\/wp-json\/wp\/v2\/product"}],"about":[{"href":"https:\/\/italcaffe.it\/fr\/wp-json\/wp\/v2\/types\/product"}],"wp:featuredmedia":[{"embeddable":true,"href":"https:\/\/italcaffe.it\/fr\/wp-json\/wp\/v2\/media\/29138"}],"wp:attachment":[{"href":"https:\/\/italcaffe.it\/fr\/wp-json\/wp\/v2\/media?parent=27659"}],"wp:term":[{"taxonomy":"product_brand","embeddable":true,"href":"https:\/\/italcaffe.it\/fr\/wp-json\/wp\/v2\/product_brand?post=27659"},{"taxonomy":"product_cat","embeddable":true,"href":"https:\/\/italcaffe.it\/fr\/wp-json\/wp\/v2\/product_cat?post=27659"},{"taxonomy":"product_tag","embeddable":true,"href":"https:\/\/italcaffe.it\/fr\/wp-json\/wp\/v2\/product_tag?post=27659"}],"curies":[{"name":"wp","href":"https:\/\/api.w.org\/{rel}","templated":true}]}}