{"id":29863,"date":"2022-11-23T15:53:30","date_gmt":"2022-11-23T14:53:31","guid":{"rendered":"https:\/\/www.italcaffe.it\/?post_type=product&#038;p=29863"},"modified":"2023-02-22T16:20:56","modified_gmt":"2023-02-22T15:20:56","slug":"dolce-crema-cafe-grains-expresso-250g-italcaffe-espresso","status":"publish","type":"product","link":"https:\/\/italcaffe.it\/fr\/shop\/cafe-grain\/espresso\/dolce-crema-cafe-grains-expresso-250g-italcaffe-espresso\/","title":{"rendered":"Dolce Crema Caf\u00e9 grains Expresso Italcaff\u00e8 250g Espresso"},"content":{"rendered":"<h2 style=\"font-size: 20px;\">Les Caract\u00e9ristiques de\u00a0Caf\u00e9 en Grain\u00a0Dolce Crema Expresso 250g Italcaff\u00e8 Espresso<\/h2>\n<p><a href=\"https:\/\/youtu.be\/09Nn11prZNQ\" target=\"_blank\" rel=\"noopener\">Dolce Crema<\/a>\u00a0 Caf\u00e9 grains Expresso <a href=\"https:\/\/www.italcaffe.it\/fr\/histoire\/\" target=\"_blank\" rel=\"noopener\">Italcaff\u00e8<\/a> 250g Espresso est un m\u00e9lange au go\u00fbt doux et cr\u00e9meux.<\/p>\n<p>Une combinaison parfaite de caf\u00e9s pris\u00e9s des esp\u00e8ces Arabica et Robusta, soigneusement dos\u00e9s pour vous offrir un vrai caf\u00e9 expresso \u00e0 l\u2019italienne.<\/p>\n<p>Vous offrira un expresso intense et cr\u00e9meux sp\u00e9cialement \u00e9labor\u00e9 pour machine \u00e0 cafe grain automatique et manuelle.<\/p>\n<p><a href=\"https:\/\/youtu.be\/09Nn11prZNQ\" target=\"_blank\" rel=\"noopener\">Dolce Crema<\/a>\u00a0 Caf\u00e9 grains Expresso <a href=\"https:\/\/www.italcaffe.it\/fr\/histoire\/\" target=\"_blank\" rel=\"noopener\">Italcaff\u00e8<\/a> 250g Espresso est un vrai caf\u00e9 E<span style=\"color: #000000;\">spresso italien pour votre cafetiere. <\/span><\/p>\n<p><span style=\"color: #000000;\">Une combinaison parfaite des caf\u00e9s valables de l&#8217;esp\u00e8ce Arabica et Robusta ainsi exactement il dose pour l&#8217;offrirVi un caf\u00e9 exprim\u00e9 vrai l&#8217;Italien \u00e0 vous.\u00a0<\/span><\/p>\n<p><span style=\"color: #000000;\">Ce m\u00e9lange offre une tasse aromatique et d&#8217;un \u00e9quilibre parfait en bouche\u00a0et qui pr\u00e9sente une belle cr\u00e8me dor\u00e9e.\u00a0<\/span><\/p>\n<p><span style=\"color: #000000;\">Il s&#8217;agit d&#8217;un paquet de 1kg conditionn\u00e9 sous atmosph\u00e8re protectrice et avec une valve monodirectionnelle de garantie d\u2019ar\u00f4me.<\/span><\/p>\n<p><span style=\"color: #000000;\">Id\u00e9al pour conserver le go\u00fbt et la fra\u00eecheur des grains de caf\u00e9.<\/span><\/p>\n<p>Pour ce caf\u00e9 intense et velout\u00e9, retrouvez toute l&#8217;expertise de Italcaff\u00e8 dans la s\u00e9lection des meilleures origines, associant avec soin les robustas les plus fins d&#8217;Asie et d&#8217;Afrique.<\/p>\n<p>On obtient ainsi un caf\u00e9 riche en ar\u00f4mes, dont la d\u00e9gustation s&#8217;ach\u00e8ve sur une agr\u00e9able note de noix.<\/p>\n<p style=\"text-align: justify;\"><span style=\"color: #000000;\">Ces caract\u00e9ristiques garantissent une meilleure conservation dans le temps ainsi qu&#8217;une meilleure qualit\u00e9 du produit par rapport aux paquets de caf\u00e9 habituels que vous trouvez sur le march\u00e9.\u00a0<\/span><\/p>\n<h2 style=\"font-size: 20px;\">UN BREF REGARD SUR ITALCAFF\u00c8<\/h2>\n<p>Italcaff\u00e8 S.p.A. est une industrie de torr\u00e9faction de caf\u00e9 avec une usine et des bureaux \u00e0 La Spezia en Italie, la patrie du v\u00e9ritable espresso italien.<\/p>\n<p>L&#8217;entreprise a \u00e9t\u00e9 fond\u00e9e en 1969 et poss\u00e8de plus de 40 ans d&#8217;exp\u00e9rience dans la torr\u00e9faction et le m\u00e9lange de caf\u00e9s fins.<\/p>\n<p>Nous parcourons le monde pour s\u00e9lectionner les meilleures qualit\u00e9s de caf\u00e9 pour nos clients.<\/p>\n<p>Notre m\u00e9tier consiste \u00e0 importer du caf\u00e9 vert directement des march\u00e9s d&#8217;origine.<\/p>\n<p>Apr\u00e8s cela, avec passion, exp\u00e9rience et comp\u00e9tence, nous transformons la mati\u00e8re premi\u00e8re en m\u00e9langes pr\u00e9cieux au go\u00fbt unique et incomparable.<\/p>\n<p>De plus, la fiabilit\u00e9 de l&#8217;ensemble du processus de fabrication Italcaff\u00e8 est garantie par la certification de qualit\u00e9 UNI EN ISO 9001\u00a0: 2015.<\/p>\n<p>C&#8217;est pourquoi nous nous sommes toujours engag\u00e9s \u00e0 apporter l&#8217;ar\u00f4me du vrai caf\u00e9 expresso italien en Italie et dans le monde, \u00e0 la maison et au bar.<\/p>\n<p>Que vous soyez un professionnel du bar ou un amateur de bon caf\u00e9, Italcaff\u00e8 a le bon m\u00e9lange pour vous.<\/p>\n<p>Acheter en ligne. Maintenant, l&#8217;ar\u00f4me d&#8217;Italcaff\u00e8 peut \u00eatre appr\u00e9ci\u00e9 par tout le monde.<\/p>\n","protected":false},"excerpt":{"rendered":"<p style=\"text-align: justify;\"><a href=\"https:\/\/youtu.be\/09Nn11prZNQ\" target=\"_blank\" rel=\"noopener\">Dolce Crema<\/a> caf\u00e9 grains Expresso 250g <a href=\"https:\/\/www.italcaffe.it\/fr\/histoire\/\" target=\"_blank\" rel=\"noopener\">Italcaff\u00e8<\/a> Espresso\u00a0est un m\u00e9lange Italien au go\u00fbt doux et cr\u00e9meux. Une combinaison parfaite de caf\u00e9s pris\u00e9s des esp\u00e8ces Arabica et Robusta, soigneusement dos\u00e9s pour vous offrir un vrai caf\u00e9 expresso \u00e0 l\u2019italienne.<br \/>\n<a href=\"https:\/\/youtu.be\/09Nn11prZNQ\" target=\"_blank\" rel=\"noopener\">Dolce Crema<\/a> caf\u00e9 grains Expresso 250g <a href=\"https:\/\/www.italcaffe.it\/fr\/histoire\/\" target=\"_blank\" rel=\"noopener\">Italcaff\u00e8<\/a> vous offrira un expresso intense et cr\u00e9meux sp\u00e9cialement \u00e9labor\u00e9 pour machine \u00e0 <a href=\"https:\/\/www.italcaffe.it\/fr\/torrefazione\/\">cafe grain<\/a> automatique et manuelle. <span style=\"color: #000000;\">Il s&#8217;agit d&#8217;un paquet de 250g conditionn\u00e9 sous atmosph\u00e8re protectrice et avec une valve monodirectionnelle de garantie d\u2019ar\u00f4me, id\u00e9al pour conserver le go\u00fbt et la fra\u00eecheur des grains de caf\u00e9.\u00a0 <\/span><span style=\"color: #000000;\">Ces caract\u00e9ristiques garantissent une meilleure conservation dans le temps ainsi qu&#8217;une meilleure qualit\u00e9 du produit par rapport aux paquets de caf\u00e9 habituels que vous trouvez sur le march\u00e9.<br \/>\nATTENTION : Pour une commande de 6 kg de caf\u00e9<img loading=\"lazy\" decoding=\"async\" class=\"wp-image-30318 size-thumbnail alignright\" src=\"https:\/\/www.italcaffe.it\/wp-content\/uploads\/2023\/01\/Tazza-4-150x111.jpg\" alt=\"\" width=\"150\" height=\"111\" srcset=\"https:\/\/italcaffe.it\/wp-content\/uploads\/2023\/01\/Tazza-4-150x111.jpg 150w, https:\/\/italcaffe.it\/wp-content\/uploads\/2023\/01\/Tazza-4-120x89.jpg 120w, https:\/\/italcaffe.it\/wp-content\/uploads\/2023\/01\/Tazza-4-750x554.jpg 750w, https:\/\/italcaffe.it\/wp-content\/uploads\/2023\/01\/Tazza-4-300x221.jpg 300w, https:\/\/italcaffe.it\/wp-content\/uploads\/2023\/01\/Tazza-4-1024x756.jpg 1024w, https:\/\/italcaffe.it\/wp-content\/uploads\/2023\/01\/Tazza-4-768x567.jpg 768w, https:\/\/italcaffe.it\/wp-content\/uploads\/2023\/01\/Tazza-4.jpg 1535w\" sizes=\"auto, (max-width: 150px) 100vw, 150px\" \/> Dolce Crema, nous vous offrons gratuitement 1 tasse de caf\u00e9 ou de cappuccino en porcelaine de haute qualit\u00e9 de marque Italcaff\u00e8, et la livraison gratuite en France.<br \/>\n<\/span><\/p>\n","protected":false},"featured_media":29866,"template":"","meta":{"_acf_changed":false},"product_brand":[],"product_cat":[299,300],"product_tag":[],"class_list":{"0":"post-29863","1":"product","2":"type-product","3":"status-publish","4":"has-post-thumbnail","6":"product_cat-cafe-grain","7":"product_cat-espresso","9":"first","10":"instock","11":"taxable","12":"shipping-taxable","13":"product-type-grouped"},"acf":[],"yoast_head":"<!-- This site is optimized with the Yoast SEO plugin v27.0 - https:\/\/yoast.com\/product\/yoast-seo-wordpress\/ -->\n<title>Dolce Crema Caf\u00e9 grains Expresso Italcaff\u00e8 250g Espresso<\/title>\n<meta name=\"description\" content=\"Dolce Crema Caf\u00e9 grains Expresso Italcaff\u00e8 250g est une combinaison parfaite des esp\u00e8ces Arabica et Robusta. C\u2019est un Espresso au go\u00fbt doux et cr\u00e9meux.\" \/>\n<meta name=\"robots\" content=\"index, follow, max-snippet:-1, max-image-preview:large, max-video-preview:-1\" \/>\n<link rel=\"canonical\" href=\"https:\/\/italcaffe.it\/fr\/shop\/cafe-grain\/espresso\/dolce-crema-cafe-grains-expresso-250g-italcaffe-espresso\/\" \/>\n<meta property=\"og:locale\" content=\"fr_FR\" \/>\n<meta property=\"og:type\" content=\"article\" \/>\n<meta property=\"og:title\" content=\"Dolce Crema Caf\u00e9 grains Expresso Italcaff\u00e8 250g Espresso\" \/>\n<meta property=\"og:description\" content=\"Dolce Crema Caf\u00e9 grains Expresso Italcaff\u00e8 250g est une combinaison parfaite des esp\u00e8ces Arabica et Robusta. C\u2019est un Espresso au go\u00fbt doux et cr\u00e9meux.\" \/>\n<meta property=\"og:url\" content=\"https:\/\/italcaffe.it\/fr\/shop\/cafe-grain\/espresso\/dolce-crema-cafe-grains-expresso-250g-italcaffe-espresso\/\" \/>\n<meta property=\"og:site_name\" content=\"Italcaff\u00e8\" \/>\n<meta property=\"article:modified_time\" content=\"2023-02-22T15:20:56+00:00\" \/>\n<meta property=\"og:image\" content=\"https:\/\/italcaffe.it\/wp-content\/uploads\/2022\/11\/Dolce-Crema-250-4.jpg\" \/>\n\t<meta property=\"og:image:width\" content=\"825\" \/>\n\t<meta property=\"og:image:height\" content=\"1100\" \/>\n\t<meta property=\"og:image:type\" content=\"image\/jpeg\" \/>\n<meta name=\"twitter:card\" content=\"summary_large_image\" \/>\n<meta name=\"twitter:label1\" content=\"Dur\u00e9e de lecture estim\u00e9e\" \/>\n\t<meta name=\"twitter:data1\" content=\"3 minutes\" \/>\n<script type=\"application\/ld+json\" class=\"yoast-schema-graph\">{\"@context\":\"https:\/\/schema.org\",\"@graph\":[{\"@type\":\"WebPage\",\"@id\":\"https:\/\/italcaffe.it\/fr\/shop\/cafe-grain\/espresso\/dolce-crema-cafe-grains-expresso-250g-italcaffe-espresso\/\",\"url\":\"https:\/\/italcaffe.it\/fr\/shop\/cafe-grain\/espresso\/dolce-crema-cafe-grains-expresso-250g-italcaffe-espresso\/\",\"name\":\"Dolce Crema Caf\u00e9 grains Expresso Italcaff\u00e8 250g Espresso\",\"isPartOf\":{\"@id\":\"https:\/\/italcaffe.it\/fr\/#website\"},\"primaryImageOfPage\":{\"@id\":\"https:\/\/italcaffe.it\/fr\/shop\/cafe-grain\/espresso\/dolce-crema-cafe-grains-expresso-250g-italcaffe-espresso\/#primaryimage\"},\"image\":{\"@id\":\"https:\/\/italcaffe.it\/fr\/shop\/cafe-grain\/espresso\/dolce-crema-cafe-grains-expresso-250g-italcaffe-espresso\/#primaryimage\"},\"thumbnailUrl\":\"https:\/\/italcaffe.it\/wp-content\/uploads\/2022\/11\/Dolce-Crema-250-4.jpg\",\"datePublished\":\"2022-11-23T14:53:31+00:00\",\"dateModified\":\"2023-02-22T15:20:56+00:00\",\"description\":\"Dolce Crema Caf\u00e9 grains Expresso Italcaff\u00e8 250g est une combinaison parfaite des esp\u00e8ces Arabica et Robusta. C\u2019est un Espresso au go\u00fbt doux et cr\u00e9meux.\",\"breadcrumb\":{\"@id\":\"https:\/\/italcaffe.it\/fr\/shop\/cafe-grain\/espresso\/dolce-crema-cafe-grains-expresso-250g-italcaffe-espresso\/#breadcrumb\"},\"inLanguage\":\"fr-FR\",\"potentialAction\":[{\"@type\":\"ReadAction\",\"target\":[\"https:\/\/italcaffe.it\/fr\/shop\/cafe-grain\/espresso\/dolce-crema-cafe-grains-expresso-250g-italcaffe-espresso\/\"]}]},{\"@type\":\"ImageObject\",\"inLanguage\":\"fr-FR\",\"@id\":\"https:\/\/italcaffe.it\/fr\/shop\/cafe-grain\/espresso\/dolce-crema-cafe-grains-expresso-250g-italcaffe-espresso\/#primaryimage\",\"url\":\"https:\/\/italcaffe.it\/wp-content\/uploads\/2022\/11\/Dolce-Crema-250-4.jpg\",\"contentUrl\":\"https:\/\/italcaffe.it\/wp-content\/uploads\/2022\/11\/Dolce-Crema-250-4.jpg\",\"width\":825,\"height\":1100,\"caption\":\"Caf\u00e9 en Grain Dolce Crema Expresso 250g Italcaff\u00e8 Espresso\"},{\"@type\":\"BreadcrumbList\",\"@id\":\"https:\/\/italcaffe.it\/fr\/shop\/cafe-grain\/espresso\/dolce-crema-cafe-grains-expresso-250g-italcaffe-espresso\/#breadcrumb\",\"itemListElement\":[{\"@type\":\"ListItem\",\"position\":1,\"name\":\"Home\",\"item\":\"https:\/\/italcaffe.it\/fr\/\"},{\"@type\":\"ListItem\",\"position\":2,\"name\":\"Shop\",\"item\":\"https:\/\/italcaffe.it\/fr\/shop\/\"},{\"@type\":\"ListItem\",\"position\":3,\"name\":\"Dolce Crema Caf\u00e9 grains Expresso Italcaff\u00e8 250g Espresso\"}]},{\"@type\":\"WebSite\",\"@id\":\"https:\/\/italcaffe.it\/fr\/#website\",\"url\":\"https:\/\/italcaffe.it\/fr\/\",\"name\":\"Italcaff\u00e8\",\"description\":\"50 Anni insieme\",\"potentialAction\":[{\"@type\":\"SearchAction\",\"target\":{\"@type\":\"EntryPoint\",\"urlTemplate\":\"https:\/\/italcaffe.it\/fr\/?s={search_term_string}\"},\"query-input\":{\"@type\":\"PropertyValueSpecification\",\"valueRequired\":true,\"valueName\":\"search_term_string\"}}],\"inLanguage\":\"fr-FR\"}]}<\/script>\n<!-- \/ Yoast SEO plugin. -->","yoast_head_json":{"title":"Dolce Crema Caf\u00e9 grains Expresso Italcaff\u00e8 250g Espresso","description":"Dolce Crema Caf\u00e9 grains Expresso Italcaff\u00e8 250g est une combinaison parfaite des esp\u00e8ces Arabica et Robusta. C\u2019est un Espresso au go\u00fbt doux et cr\u00e9meux.","robots":{"index":"index","follow":"follow","max-snippet":"max-snippet:-1","max-image-preview":"max-image-preview:large","max-video-preview":"max-video-preview:-1"},"canonical":"https:\/\/italcaffe.it\/fr\/shop\/cafe-grain\/espresso\/dolce-crema-cafe-grains-expresso-250g-italcaffe-espresso\/","og_locale":"fr_FR","og_type":"article","og_title":"Dolce Crema Caf\u00e9 grains Expresso Italcaff\u00e8 250g Espresso","og_description":"Dolce Crema Caf\u00e9 grains Expresso Italcaff\u00e8 250g est une combinaison parfaite des esp\u00e8ces Arabica et Robusta. C\u2019est un Espresso au go\u00fbt doux et cr\u00e9meux.","og_url":"https:\/\/italcaffe.it\/fr\/shop\/cafe-grain\/espresso\/dolce-crema-cafe-grains-expresso-250g-italcaffe-espresso\/","og_site_name":"Italcaff\u00e8","article_modified_time":"2023-02-22T15:20:56+00:00","og_image":[{"width":825,"height":1100,"url":"https:\/\/italcaffe.it\/wp-content\/uploads\/2022\/11\/Dolce-Crema-250-4.jpg","type":"image\/jpeg"}],"twitter_card":"summary_large_image","twitter_misc":{"Dur\u00e9e de lecture estim\u00e9e":"3 minutes"},"schema":{"@context":"https:\/\/schema.org","@graph":[{"@type":"WebPage","@id":"https:\/\/italcaffe.it\/fr\/shop\/cafe-grain\/espresso\/dolce-crema-cafe-grains-expresso-250g-italcaffe-espresso\/","url":"https:\/\/italcaffe.it\/fr\/shop\/cafe-grain\/espresso\/dolce-crema-cafe-grains-expresso-250g-italcaffe-espresso\/","name":"Dolce Crema Caf\u00e9 grains Expresso Italcaff\u00e8 250g Espresso","isPartOf":{"@id":"https:\/\/italcaffe.it\/fr\/#website"},"primaryImageOfPage":{"@id":"https:\/\/italcaffe.it\/fr\/shop\/cafe-grain\/espresso\/dolce-crema-cafe-grains-expresso-250g-italcaffe-espresso\/#primaryimage"},"image":{"@id":"https:\/\/italcaffe.it\/fr\/shop\/cafe-grain\/espresso\/dolce-crema-cafe-grains-expresso-250g-italcaffe-espresso\/#primaryimage"},"thumbnailUrl":"https:\/\/italcaffe.it\/wp-content\/uploads\/2022\/11\/Dolce-Crema-250-4.jpg","datePublished":"2022-11-23T14:53:31+00:00","dateModified":"2023-02-22T15:20:56+00:00","description":"Dolce Crema Caf\u00e9 grains Expresso Italcaff\u00e8 250g est une combinaison parfaite des esp\u00e8ces Arabica et Robusta. C\u2019est un Espresso au go\u00fbt doux et cr\u00e9meux.","breadcrumb":{"@id":"https:\/\/italcaffe.it\/fr\/shop\/cafe-grain\/espresso\/dolce-crema-cafe-grains-expresso-250g-italcaffe-espresso\/#breadcrumb"},"inLanguage":"fr-FR","potentialAction":[{"@type":"ReadAction","target":["https:\/\/italcaffe.it\/fr\/shop\/cafe-grain\/espresso\/dolce-crema-cafe-grains-expresso-250g-italcaffe-espresso\/"]}]},{"@type":"ImageObject","inLanguage":"fr-FR","@id":"https:\/\/italcaffe.it\/fr\/shop\/cafe-grain\/espresso\/dolce-crema-cafe-grains-expresso-250g-italcaffe-espresso\/#primaryimage","url":"https:\/\/italcaffe.it\/wp-content\/uploads\/2022\/11\/Dolce-Crema-250-4.jpg","contentUrl":"https:\/\/italcaffe.it\/wp-content\/uploads\/2022\/11\/Dolce-Crema-250-4.jpg","width":825,"height":1100,"caption":"Caf\u00e9 en Grain Dolce Crema Expresso 250g Italcaff\u00e8 Espresso"},{"@type":"BreadcrumbList","@id":"https:\/\/italcaffe.it\/fr\/shop\/cafe-grain\/espresso\/dolce-crema-cafe-grains-expresso-250g-italcaffe-espresso\/#breadcrumb","itemListElement":[{"@type":"ListItem","position":1,"name":"Home","item":"https:\/\/italcaffe.it\/fr\/"},{"@type":"ListItem","position":2,"name":"Shop","item":"https:\/\/italcaffe.it\/fr\/shop\/"},{"@type":"ListItem","position":3,"name":"Dolce Crema Caf\u00e9 grains Expresso Italcaff\u00e8 250g Espresso"}]},{"@type":"WebSite","@id":"https:\/\/italcaffe.it\/fr\/#website","url":"https:\/\/italcaffe.it\/fr\/","name":"Italcaff\u00e8","description":"50 Anni insieme","potentialAction":[{"@type":"SearchAction","target":{"@type":"EntryPoint","urlTemplate":"https:\/\/italcaffe.it\/fr\/?s={search_term_string}"},"query-input":{"@type":"PropertyValueSpecification","valueRequired":true,"valueName":"search_term_string"}}],"inLanguage":"fr-FR"}]}},"_links":{"self":[{"href":"https:\/\/italcaffe.it\/fr\/wp-json\/wp\/v2\/product\/29863","targetHints":{"allow":["GET"]}}],"collection":[{"href":"https:\/\/italcaffe.it\/fr\/wp-json\/wp\/v2\/product"}],"about":[{"href":"https:\/\/italcaffe.it\/fr\/wp-json\/wp\/v2\/types\/product"}],"wp:featuredmedia":[{"embeddable":true,"href":"https:\/\/italcaffe.it\/fr\/wp-json\/wp\/v2\/media\/29866"}],"wp:attachment":[{"href":"https:\/\/italcaffe.it\/fr\/wp-json\/wp\/v2\/media?parent=29863"}],"wp:term":[{"taxonomy":"product_brand","embeddable":true,"href":"https:\/\/italcaffe.it\/fr\/wp-json\/wp\/v2\/product_brand?post=29863"},{"taxonomy":"product_cat","embeddable":true,"href":"https:\/\/italcaffe.it\/fr\/wp-json\/wp\/v2\/product_cat?post=29863"},{"taxonomy":"product_tag","embeddable":true,"href":"https:\/\/italcaffe.it\/fr\/wp-json\/wp\/v2\/product_tag?post=29863"}],"curies":[{"name":"wp","href":"https:\/\/api.w.org\/{rel}","templated":true}]}}