{"id":29891,"date":"2022-11-23T16:04:05","date_gmt":"2022-11-23T15:04:06","guid":{"rendered":"https:\/\/www.italcaffe.it\/?post_type=product&#038;p=29891"},"modified":"2023-02-13T11:28:37","modified_gmt":"2023-02-13T10:28:37","slug":"4x250g-cafe-en-grain-italcaffe-espresso-dolce-crema","status":"publish","type":"product","link":"https:\/\/italcaffe.it\/fr\/shop\/cafe-grain\/espresso\/4x250g-cafe-en-grain-italcaffe-espresso-dolce-crema\/","title":{"rendered":"4x250g Caf\u00e9 en grain Italcaff\u00e8 Espresso Dolce Crema"},"content":{"rendered":"","protected":false},"excerpt":{"rendered":"<p>Caf\u00e9 en grains Italcaff\u00e8 Dolce Crema 1Kg Espresso. Caf\u00e9 en grains pour Expresso de haute qualit\u00e9, fra\u00eechement torr\u00e9fi\u00e9. C&#8217;est un m\u00e9lange du caf\u00e9s Espresso en grains au go\u00fbt plein et qui a du corps. Une combinaison parfaite des caf\u00e9s valables de l&#8217;esp\u00e8ce Arabica et Robusta, exactement il dose pour l&#8217;offrirVi un caf\u00e9 exprim\u00e9 vrai l&#8217;Italien \u00e0 vous.<\/p>\n","protected":false},"featured_media":29841,"template":"","meta":{"_acf_changed":false},"product_brand":[],"product_cat":[299,300],"product_tag":[],"class_list":{"0":"post-29891","1":"product","2":"type-product","3":"status-publish","4":"has-post-thumbnail","6":"product_cat-cafe-grain","7":"product_cat-espresso","9":"first","10":"instock","11":"taxable","12":"shipping-taxable","13":"purchasable","14":"product-type-simple"},"acf":[],"yoast_head":"<!-- This site is optimized with the Yoast SEO plugin v27.0 - https:\/\/yoast.com\/product\/yoast-seo-wordpress\/ -->\n<title>4x250g Caf\u00e9 en grain Italcaff\u00e8 Espresso Dolce Crema - Italcaff\u00e8<\/title>\n<meta name=\"robots\" content=\"index, follow, max-snippet:-1, max-image-preview:large, max-video-preview:-1\" \/>\n<link rel=\"canonical\" href=\"https:\/\/italcaffe.it\/fr\/shop\/cafe-grain\/espresso\/4x250g-cafe-en-grain-italcaffe-espresso-dolce-crema\/\" \/>\n<meta property=\"og:locale\" content=\"fr_FR\" \/>\n<meta property=\"og:type\" content=\"article\" \/>\n<meta property=\"og:title\" content=\"4x250g Caf\u00e9 en grain Italcaff\u00e8 Espresso Dolce Crema - Italcaff\u00e8\" \/>\n<meta property=\"og:description\" content=\"Caf\u00e9 en grains Italcaff\u00e8 Dolce Crema 1Kg Espresso. Caf\u00e9 en grains pour Expresso de haute qualit\u00e9, fra\u00eechement torr\u00e9fi\u00e9. C&#039;est un m\u00e9lange du caf\u00e9s Espresso en grains au go\u00fbt plein et qui a du corps. Une combinaison parfaite des caf\u00e9s valables de l&#039;esp\u00e8ce Arabica et Robusta, exactement il dose pour l&#039;offrirVi un caf\u00e9 exprim\u00e9 vrai l&#039;Italien \u00e0 vous.\" \/>\n<meta property=\"og:url\" content=\"https:\/\/italcaffe.it\/fr\/shop\/cafe-grain\/espresso\/4x250g-cafe-en-grain-italcaffe-espresso-dolce-crema\/\" \/>\n<meta property=\"og:site_name\" content=\"Italcaff\u00e8\" \/>\n<meta property=\"article:modified_time\" content=\"2023-02-13T10:28:37+00:00\" \/>\n<meta property=\"og:image\" content=\"https:\/\/italcaffe.it\/wp-content\/uploads\/2022\/11\/Dolce-Crema-250.jpg\" \/>\n\t<meta property=\"og:image:width\" content=\"2500\" \/>\n\t<meta property=\"og:image:height\" content=\"2500\" \/>\n\t<meta property=\"og:image:type\" content=\"image\/jpeg\" \/>\n<meta name=\"twitter:card\" content=\"summary_large_image\" \/>\n<script type=\"application\/ld+json\" class=\"yoast-schema-graph\">{\"@context\":\"https:\/\/schema.org\",\"@graph\":[{\"@type\":\"WebPage\",\"@id\":\"https:\/\/italcaffe.it\/fr\/shop\/cafe-grain\/espresso\/4x250g-cafe-en-grain-italcaffe-espresso-dolce-crema\/\",\"url\":\"https:\/\/italcaffe.it\/fr\/shop\/cafe-grain\/espresso\/4x250g-cafe-en-grain-italcaffe-espresso-dolce-crema\/\",\"name\":\"4x250g Caf\u00e9 en grain Italcaff\u00e8 Espresso Dolce Crema - Italcaff\u00e8\",\"isPartOf\":{\"@id\":\"https:\/\/italcaffe.it\/fr\/#website\"},\"primaryImageOfPage\":{\"@id\":\"https:\/\/italcaffe.it\/fr\/shop\/cafe-grain\/espresso\/4x250g-cafe-en-grain-italcaffe-espresso-dolce-crema\/#primaryimage\"},\"image\":{\"@id\":\"https:\/\/italcaffe.it\/fr\/shop\/cafe-grain\/espresso\/4x250g-cafe-en-grain-italcaffe-espresso-dolce-crema\/#primaryimage\"},\"thumbnailUrl\":\"https:\/\/italcaffe.it\/wp-content\/uploads\/2022\/11\/Dolce-Crema-250.jpg\",\"datePublished\":\"2022-11-23T15:04:06+00:00\",\"dateModified\":\"2023-02-13T10:28:37+00:00\",\"breadcrumb\":{\"@id\":\"https:\/\/italcaffe.it\/fr\/shop\/cafe-grain\/espresso\/4x250g-cafe-en-grain-italcaffe-espresso-dolce-crema\/#breadcrumb\"},\"inLanguage\":\"fr-FR\",\"potentialAction\":[{\"@type\":\"ReadAction\",\"target\":[\"https:\/\/italcaffe.it\/fr\/shop\/cafe-grain\/espresso\/4x250g-cafe-en-grain-italcaffe-espresso-dolce-crema\/\"]}]},{\"@type\":\"ImageObject\",\"inLanguage\":\"fr-FR\",\"@id\":\"https:\/\/italcaffe.it\/fr\/shop\/cafe-grain\/espresso\/4x250g-cafe-en-grain-italcaffe-espresso-dolce-crema\/#primaryimage\",\"url\":\"https:\/\/italcaffe.it\/wp-content\/uploads\/2022\/11\/Dolce-Crema-250.jpg\",\"contentUrl\":\"https:\/\/italcaffe.it\/wp-content\/uploads\/2022\/11\/Dolce-Crema-250.jpg\",\"width\":2500,\"height\":2500,\"caption\":\"Caff\u00e8 in grani Dolce Crema 250g Italcaff\u00e8 Espresso Bar\"},{\"@type\":\"BreadcrumbList\",\"@id\":\"https:\/\/italcaffe.it\/fr\/shop\/cafe-grain\/espresso\/4x250g-cafe-en-grain-italcaffe-espresso-dolce-crema\/#breadcrumb\",\"itemListElement\":[{\"@type\":\"ListItem\",\"position\":1,\"name\":\"Home\",\"item\":\"https:\/\/italcaffe.it\/fr\/\"},{\"@type\":\"ListItem\",\"position\":2,\"name\":\"Shop\",\"item\":\"https:\/\/italcaffe.it\/fr\/shop\/\"},{\"@type\":\"ListItem\",\"position\":3,\"name\":\"4x250g Caf\u00e9 en grain Italcaff\u00e8 Espresso Dolce Crema\"}]},{\"@type\":\"WebSite\",\"@id\":\"https:\/\/italcaffe.it\/fr\/#website\",\"url\":\"https:\/\/italcaffe.it\/fr\/\",\"name\":\"Italcaff\u00e8\",\"description\":\"50 Anni insieme\",\"potentialAction\":[{\"@type\":\"SearchAction\",\"target\":{\"@type\":\"EntryPoint\",\"urlTemplate\":\"https:\/\/italcaffe.it\/fr\/?s={search_term_string}\"},\"query-input\":{\"@type\":\"PropertyValueSpecification\",\"valueRequired\":true,\"valueName\":\"search_term_string\"}}],\"inLanguage\":\"fr-FR\"}]}<\/script>\n<!-- \/ Yoast SEO plugin. -->","yoast_head_json":{"title":"4x250g Caf\u00e9 en grain Italcaff\u00e8 Espresso Dolce Crema - Italcaff\u00e8","robots":{"index":"index","follow":"follow","max-snippet":"max-snippet:-1","max-image-preview":"max-image-preview:large","max-video-preview":"max-video-preview:-1"},"canonical":"https:\/\/italcaffe.it\/fr\/shop\/cafe-grain\/espresso\/4x250g-cafe-en-grain-italcaffe-espresso-dolce-crema\/","og_locale":"fr_FR","og_type":"article","og_title":"4x250g Caf\u00e9 en grain Italcaff\u00e8 Espresso Dolce Crema - Italcaff\u00e8","og_description":"Caf\u00e9 en grains Italcaff\u00e8 Dolce Crema 1Kg Espresso. Caf\u00e9 en grains pour Expresso de haute qualit\u00e9, fra\u00eechement torr\u00e9fi\u00e9. C'est un m\u00e9lange du caf\u00e9s Espresso en grains au go\u00fbt plein et qui a du corps. Une combinaison parfaite des caf\u00e9s valables de l'esp\u00e8ce Arabica et Robusta, exactement il dose pour l'offrirVi un caf\u00e9 exprim\u00e9 vrai l'Italien \u00e0 vous.","og_url":"https:\/\/italcaffe.it\/fr\/shop\/cafe-grain\/espresso\/4x250g-cafe-en-grain-italcaffe-espresso-dolce-crema\/","og_site_name":"Italcaff\u00e8","article_modified_time":"2023-02-13T10:28:37+00:00","og_image":[{"width":2500,"height":2500,"url":"https:\/\/italcaffe.it\/wp-content\/uploads\/2022\/11\/Dolce-Crema-250.jpg","type":"image\/jpeg"}],"twitter_card":"summary_large_image","schema":{"@context":"https:\/\/schema.org","@graph":[{"@type":"WebPage","@id":"https:\/\/italcaffe.it\/fr\/shop\/cafe-grain\/espresso\/4x250g-cafe-en-grain-italcaffe-espresso-dolce-crema\/","url":"https:\/\/italcaffe.it\/fr\/shop\/cafe-grain\/espresso\/4x250g-cafe-en-grain-italcaffe-espresso-dolce-crema\/","name":"4x250g Caf\u00e9 en grain Italcaff\u00e8 Espresso Dolce Crema - Italcaff\u00e8","isPartOf":{"@id":"https:\/\/italcaffe.it\/fr\/#website"},"primaryImageOfPage":{"@id":"https:\/\/italcaffe.it\/fr\/shop\/cafe-grain\/espresso\/4x250g-cafe-en-grain-italcaffe-espresso-dolce-crema\/#primaryimage"},"image":{"@id":"https:\/\/italcaffe.it\/fr\/shop\/cafe-grain\/espresso\/4x250g-cafe-en-grain-italcaffe-espresso-dolce-crema\/#primaryimage"},"thumbnailUrl":"https:\/\/italcaffe.it\/wp-content\/uploads\/2022\/11\/Dolce-Crema-250.jpg","datePublished":"2022-11-23T15:04:06+00:00","dateModified":"2023-02-13T10:28:37+00:00","breadcrumb":{"@id":"https:\/\/italcaffe.it\/fr\/shop\/cafe-grain\/espresso\/4x250g-cafe-en-grain-italcaffe-espresso-dolce-crema\/#breadcrumb"},"inLanguage":"fr-FR","potentialAction":[{"@type":"ReadAction","target":["https:\/\/italcaffe.it\/fr\/shop\/cafe-grain\/espresso\/4x250g-cafe-en-grain-italcaffe-espresso-dolce-crema\/"]}]},{"@type":"ImageObject","inLanguage":"fr-FR","@id":"https:\/\/italcaffe.it\/fr\/shop\/cafe-grain\/espresso\/4x250g-cafe-en-grain-italcaffe-espresso-dolce-crema\/#primaryimage","url":"https:\/\/italcaffe.it\/wp-content\/uploads\/2022\/11\/Dolce-Crema-250.jpg","contentUrl":"https:\/\/italcaffe.it\/wp-content\/uploads\/2022\/11\/Dolce-Crema-250.jpg","width":2500,"height":2500,"caption":"Caff\u00e8 in grani Dolce Crema 250g Italcaff\u00e8 Espresso Bar"},{"@type":"BreadcrumbList","@id":"https:\/\/italcaffe.it\/fr\/shop\/cafe-grain\/espresso\/4x250g-cafe-en-grain-italcaffe-espresso-dolce-crema\/#breadcrumb","itemListElement":[{"@type":"ListItem","position":1,"name":"Home","item":"https:\/\/italcaffe.it\/fr\/"},{"@type":"ListItem","position":2,"name":"Shop","item":"https:\/\/italcaffe.it\/fr\/shop\/"},{"@type":"ListItem","position":3,"name":"4x250g Caf\u00e9 en grain Italcaff\u00e8 Espresso Dolce Crema"}]},{"@type":"WebSite","@id":"https:\/\/italcaffe.it\/fr\/#website","url":"https:\/\/italcaffe.it\/fr\/","name":"Italcaff\u00e8","description":"50 Anni insieme","potentialAction":[{"@type":"SearchAction","target":{"@type":"EntryPoint","urlTemplate":"https:\/\/italcaffe.it\/fr\/?s={search_term_string}"},"query-input":{"@type":"PropertyValueSpecification","valueRequired":true,"valueName":"search_term_string"}}],"inLanguage":"fr-FR"}]}},"_links":{"self":[{"href":"https:\/\/italcaffe.it\/fr\/wp-json\/wp\/v2\/product\/29891","targetHints":{"allow":["GET"]}}],"collection":[{"href":"https:\/\/italcaffe.it\/fr\/wp-json\/wp\/v2\/product"}],"about":[{"href":"https:\/\/italcaffe.it\/fr\/wp-json\/wp\/v2\/types\/product"}],"wp:featuredmedia":[{"embeddable":true,"href":"https:\/\/italcaffe.it\/fr\/wp-json\/wp\/v2\/media\/29841"}],"wp:attachment":[{"href":"https:\/\/italcaffe.it\/fr\/wp-json\/wp\/v2\/media?parent=29891"}],"wp:term":[{"taxonomy":"product_brand","embeddable":true,"href":"https:\/\/italcaffe.it\/fr\/wp-json\/wp\/v2\/product_brand?post=29891"},{"taxonomy":"product_cat","embeddable":true,"href":"https:\/\/italcaffe.it\/fr\/wp-json\/wp\/v2\/product_cat?post=29891"},{"taxonomy":"product_tag","embeddable":true,"href":"https:\/\/italcaffe.it\/fr\/wp-json\/wp\/v2\/product_tag?post=29891"}],"curies":[{"name":"wp","href":"https:\/\/api.w.org\/{rel}","templated":true}]}}