{"id":29909,"date":"2022-11-23T21:30:20","date_gmt":"2022-11-23T20:30:20","guid":{"rendered":"https:\/\/www.italcaffe.it\/?post_type=product&#038;p=29909"},"modified":"2024-04-30T14:13:50","modified_gmt":"2024-04-30T13:13:50","slug":"250g-cafe-en-grain-italcaffe-espresso-dolce-crema","status":"publish","type":"product","link":"https:\/\/italcaffe.it\/fr\/shop\/cafe-grain\/espresso\/250g-cafe-en-grain-italcaffe-espresso-dolce-crema\/","title":{"rendered":"250g Caf\u00e9 en grain Italcaff\u00e8 Espresso Dolce Crema"},"content":{"rendered":"","protected":false},"excerpt":{"rendered":"<p style=\"text-align: justify;\">Dolce Crema caf\u00e9 grains Expresso 250g Italcaff\u00e8 Espresso\u00a0est un m\u00e9lange Italien au go\u00fbt doux et cr\u00e9meux. Une combinaison parfaite de caf\u00e9s pris\u00e9s des esp\u00e8ces Arabica et Robusta, soigneusement dos\u00e9s pour vous offrir un vrai caf\u00e9 expresso \u00e0 l\u2019italienne.<br \/>\nDolce Crema caf\u00e9 grains Expresso 250g Italcaff\u00e8 vous offrira un expresso intense et cr\u00e9meux sp\u00e9cialement \u00e9labor\u00e9 pour machine \u00e0 cafe grain automatique et manuelle. Ce m\u00e9lange offre une tasse aromatique et d&#8217;un \u00e9quilibre parfait en bouche et qui pr\u00e9sente une belle cr\u00e8me dor\u00e9e. Il s&#8217;agit d&#8217;un paquet de 250g conditionn\u00e9 sous atmosph\u00e8re protectrice et avec une valve monodirectionnelle de garantie d\u2019ar\u00f4me, id\u00e9al pour conserver le go\u00fbt et la fra\u00eecheur des grains de caf\u00e9.\u00a0 Ces caract\u00e9ristiques garantissent une meilleure conservation dans le temps ainsi qu&#8217;une meilleure qualit\u00e9 du produit par rapport aux paquets de caf\u00e9 habituels que vous trouvez sur le march\u00e9.<\/p>\n<p>4,67 \u20ac\u00a0 par pi\u00e8ce<\/p>\n","protected":false},"featured_media":29841,"template":"","meta":{"_acf_changed":false},"product_brand":[],"product_cat":[299,300],"product_tag":[],"class_list":{"0":"post-29909","1":"product","2":"type-product","3":"status-publish","4":"has-post-thumbnail","6":"product_cat-cafe-grain","7":"product_cat-espresso","9":"first","10":"instock","11":"taxable","12":"shipping-taxable","13":"purchasable","14":"product-type-simple"},"acf":[],"yoast_head":"<!-- This site is optimized with the Yoast SEO plugin v27.0 - https:\/\/yoast.com\/product\/yoast-seo-wordpress\/ -->\n<title>250g Caf\u00e9 en grain Italcaff\u00e8 Espresso Dolce Crema - Italcaff\u00e8<\/title>\n<meta name=\"robots\" content=\"index, follow, max-snippet:-1, max-image-preview:large, max-video-preview:-1\" \/>\n<link rel=\"canonical\" href=\"https:\/\/italcaffe.it\/fr\/shop\/cafe-grain\/espresso\/250g-cafe-en-grain-italcaffe-espresso-dolce-crema\/\" \/>\n<meta property=\"og:locale\" content=\"fr_FR\" \/>\n<meta property=\"og:type\" content=\"article\" \/>\n<meta property=\"og:title\" content=\"250g Caf\u00e9 en grain Italcaff\u00e8 Espresso Dolce Crema - Italcaff\u00e8\" \/>\n<meta property=\"og:description\" content=\"Dolce Crema caf\u00e9 grains Expresso 250g Italcaff\u00e8 Espresso\u00a0est un m\u00e9lange Italien au go\u00fbt doux et cr\u00e9meux. Une combinaison parfaite de caf\u00e9s pris\u00e9s des esp\u00e8ces Arabica et Robusta, soigneusement dos\u00e9s pour vous offrir un vrai caf\u00e9 expresso \u00e0 l\u2019italienne. Dolce Crema caf\u00e9 grains Expresso 250g Italcaff\u00e8 vous offrira un expresso intense et cr\u00e9meux sp\u00e9cialement \u00e9labor\u00e9 pour machine \u00e0 cafe grain automatique et manuelle. Ce m\u00e9lange offre une tasse aromatique et d&#039;un \u00e9quilibre parfait en bouche et qui pr\u00e9sente une belle cr\u00e8me dor\u00e9e. Il s&#039;agit d&#039;un paquet de 250g conditionn\u00e9 sous atmosph\u00e8re protectrice et avec une valve monodirectionnelle de garantie d\u2019ar\u00f4me, id\u00e9al pour conserver le go\u00fbt et la fra\u00eecheur des grains de caf\u00e9.\u00a0 Ces caract\u00e9ristiques garantissent une meilleure conservation dans le temps ainsi qu&#039;une meilleure qualit\u00e9 du produit par rapport aux paquets de caf\u00e9 habituels que vous trouvez sur le march\u00e9. 4,67 \u20ac\u00a0 par pi\u00e8ce\" \/>\n<meta property=\"og:url\" content=\"https:\/\/italcaffe.it\/fr\/shop\/cafe-grain\/espresso\/250g-cafe-en-grain-italcaffe-espresso-dolce-crema\/\" \/>\n<meta property=\"og:site_name\" content=\"Italcaff\u00e8\" \/>\n<meta property=\"article:modified_time\" content=\"2024-04-30T13:13:50+00:00\" \/>\n<meta property=\"og:image\" content=\"https:\/\/italcaffe.it\/wp-content\/uploads\/2022\/11\/Dolce-Crema-250.jpg\" \/>\n\t<meta property=\"og:image:width\" content=\"2500\" \/>\n\t<meta property=\"og:image:height\" content=\"2500\" \/>\n\t<meta property=\"og:image:type\" content=\"image\/jpeg\" \/>\n<meta name=\"twitter:card\" content=\"summary_large_image\" \/>\n<script type=\"application\/ld+json\" class=\"yoast-schema-graph\">{\"@context\":\"https:\/\/schema.org\",\"@graph\":[{\"@type\":\"WebPage\",\"@id\":\"https:\/\/italcaffe.it\/fr\/shop\/cafe-grain\/espresso\/250g-cafe-en-grain-italcaffe-espresso-dolce-crema\/\",\"url\":\"https:\/\/italcaffe.it\/fr\/shop\/cafe-grain\/espresso\/250g-cafe-en-grain-italcaffe-espresso-dolce-crema\/\",\"name\":\"250g Caf\u00e9 en grain Italcaff\u00e8 Espresso Dolce Crema - Italcaff\u00e8\",\"isPartOf\":{\"@id\":\"https:\/\/italcaffe.it\/fr\/#website\"},\"primaryImageOfPage\":{\"@id\":\"https:\/\/italcaffe.it\/fr\/shop\/cafe-grain\/espresso\/250g-cafe-en-grain-italcaffe-espresso-dolce-crema\/#primaryimage\"},\"image\":{\"@id\":\"https:\/\/italcaffe.it\/fr\/shop\/cafe-grain\/espresso\/250g-cafe-en-grain-italcaffe-espresso-dolce-crema\/#primaryimage\"},\"thumbnailUrl\":\"https:\/\/italcaffe.it\/wp-content\/uploads\/2022\/11\/Dolce-Crema-250.jpg\",\"datePublished\":\"2022-11-23T20:30:20+00:00\",\"dateModified\":\"2024-04-30T13:13:50+00:00\",\"breadcrumb\":{\"@id\":\"https:\/\/italcaffe.it\/fr\/shop\/cafe-grain\/espresso\/250g-cafe-en-grain-italcaffe-espresso-dolce-crema\/#breadcrumb\"},\"inLanguage\":\"fr-FR\",\"potentialAction\":[{\"@type\":\"ReadAction\",\"target\":[\"https:\/\/italcaffe.it\/fr\/shop\/cafe-grain\/espresso\/250g-cafe-en-grain-italcaffe-espresso-dolce-crema\/\"]}]},{\"@type\":\"ImageObject\",\"inLanguage\":\"fr-FR\",\"@id\":\"https:\/\/italcaffe.it\/fr\/shop\/cafe-grain\/espresso\/250g-cafe-en-grain-italcaffe-espresso-dolce-crema\/#primaryimage\",\"url\":\"https:\/\/italcaffe.it\/wp-content\/uploads\/2022\/11\/Dolce-Crema-250.jpg\",\"contentUrl\":\"https:\/\/italcaffe.it\/wp-content\/uploads\/2022\/11\/Dolce-Crema-250.jpg\",\"width\":2500,\"height\":2500,\"caption\":\"Caff\u00e8 in grani Dolce Crema 250g Italcaff\u00e8 Espresso Bar\"},{\"@type\":\"BreadcrumbList\",\"@id\":\"https:\/\/italcaffe.it\/fr\/shop\/cafe-grain\/espresso\/250g-cafe-en-grain-italcaffe-espresso-dolce-crema\/#breadcrumb\",\"itemListElement\":[{\"@type\":\"ListItem\",\"position\":1,\"name\":\"Home\",\"item\":\"https:\/\/italcaffe.it\/fr\/\"},{\"@type\":\"ListItem\",\"position\":2,\"name\":\"Shop\",\"item\":\"https:\/\/italcaffe.it\/fr\/shop\/\"},{\"@type\":\"ListItem\",\"position\":3,\"name\":\"250g Caf\u00e9 en grain Italcaff\u00e8 Espresso Dolce Crema\"}]},{\"@type\":\"WebSite\",\"@id\":\"https:\/\/italcaffe.it\/fr\/#website\",\"url\":\"https:\/\/italcaffe.it\/fr\/\",\"name\":\"Italcaff\u00e8\",\"description\":\"50 Anni insieme\",\"potentialAction\":[{\"@type\":\"SearchAction\",\"target\":{\"@type\":\"EntryPoint\",\"urlTemplate\":\"https:\/\/italcaffe.it\/fr\/?s={search_term_string}\"},\"query-input\":{\"@type\":\"PropertyValueSpecification\",\"valueRequired\":true,\"valueName\":\"search_term_string\"}}],\"inLanguage\":\"fr-FR\"}]}<\/script>\n<!-- \/ Yoast SEO plugin. -->","yoast_head_json":{"title":"250g Caf\u00e9 en grain Italcaff\u00e8 Espresso Dolce Crema - Italcaff\u00e8","robots":{"index":"index","follow":"follow","max-snippet":"max-snippet:-1","max-image-preview":"max-image-preview:large","max-video-preview":"max-video-preview:-1"},"canonical":"https:\/\/italcaffe.it\/fr\/shop\/cafe-grain\/espresso\/250g-cafe-en-grain-italcaffe-espresso-dolce-crema\/","og_locale":"fr_FR","og_type":"article","og_title":"250g Caf\u00e9 en grain Italcaff\u00e8 Espresso Dolce Crema - Italcaff\u00e8","og_description":"Dolce Crema caf\u00e9 grains Expresso 250g Italcaff\u00e8 Espresso\u00a0est un m\u00e9lange Italien au go\u00fbt doux et cr\u00e9meux. Une combinaison parfaite de caf\u00e9s pris\u00e9s des esp\u00e8ces Arabica et Robusta, soigneusement dos\u00e9s pour vous offrir un vrai caf\u00e9 expresso \u00e0 l\u2019italienne. Dolce Crema caf\u00e9 grains Expresso 250g Italcaff\u00e8 vous offrira un expresso intense et cr\u00e9meux sp\u00e9cialement \u00e9labor\u00e9 pour machine \u00e0 cafe grain automatique et manuelle. Ce m\u00e9lange offre une tasse aromatique et d'un \u00e9quilibre parfait en bouche et qui pr\u00e9sente une belle cr\u00e8me dor\u00e9e. Il s'agit d'un paquet de 250g conditionn\u00e9 sous atmosph\u00e8re protectrice et avec une valve monodirectionnelle de garantie d\u2019ar\u00f4me, id\u00e9al pour conserver le go\u00fbt et la fra\u00eecheur des grains de caf\u00e9.\u00a0 Ces caract\u00e9ristiques garantissent une meilleure conservation dans le temps ainsi qu'une meilleure qualit\u00e9 du produit par rapport aux paquets de caf\u00e9 habituels que vous trouvez sur le march\u00e9. 4,67 \u20ac\u00a0 par pi\u00e8ce","og_url":"https:\/\/italcaffe.it\/fr\/shop\/cafe-grain\/espresso\/250g-cafe-en-grain-italcaffe-espresso-dolce-crema\/","og_site_name":"Italcaff\u00e8","article_modified_time":"2024-04-30T13:13:50+00:00","og_image":[{"width":2500,"height":2500,"url":"https:\/\/italcaffe.it\/wp-content\/uploads\/2022\/11\/Dolce-Crema-250.jpg","type":"image\/jpeg"}],"twitter_card":"summary_large_image","schema":{"@context":"https:\/\/schema.org","@graph":[{"@type":"WebPage","@id":"https:\/\/italcaffe.it\/fr\/shop\/cafe-grain\/espresso\/250g-cafe-en-grain-italcaffe-espresso-dolce-crema\/","url":"https:\/\/italcaffe.it\/fr\/shop\/cafe-grain\/espresso\/250g-cafe-en-grain-italcaffe-espresso-dolce-crema\/","name":"250g Caf\u00e9 en grain Italcaff\u00e8 Espresso Dolce Crema - Italcaff\u00e8","isPartOf":{"@id":"https:\/\/italcaffe.it\/fr\/#website"},"primaryImageOfPage":{"@id":"https:\/\/italcaffe.it\/fr\/shop\/cafe-grain\/espresso\/250g-cafe-en-grain-italcaffe-espresso-dolce-crema\/#primaryimage"},"image":{"@id":"https:\/\/italcaffe.it\/fr\/shop\/cafe-grain\/espresso\/250g-cafe-en-grain-italcaffe-espresso-dolce-crema\/#primaryimage"},"thumbnailUrl":"https:\/\/italcaffe.it\/wp-content\/uploads\/2022\/11\/Dolce-Crema-250.jpg","datePublished":"2022-11-23T20:30:20+00:00","dateModified":"2024-04-30T13:13:50+00:00","breadcrumb":{"@id":"https:\/\/italcaffe.it\/fr\/shop\/cafe-grain\/espresso\/250g-cafe-en-grain-italcaffe-espresso-dolce-crema\/#breadcrumb"},"inLanguage":"fr-FR","potentialAction":[{"@type":"ReadAction","target":["https:\/\/italcaffe.it\/fr\/shop\/cafe-grain\/espresso\/250g-cafe-en-grain-italcaffe-espresso-dolce-crema\/"]}]},{"@type":"ImageObject","inLanguage":"fr-FR","@id":"https:\/\/italcaffe.it\/fr\/shop\/cafe-grain\/espresso\/250g-cafe-en-grain-italcaffe-espresso-dolce-crema\/#primaryimage","url":"https:\/\/italcaffe.it\/wp-content\/uploads\/2022\/11\/Dolce-Crema-250.jpg","contentUrl":"https:\/\/italcaffe.it\/wp-content\/uploads\/2022\/11\/Dolce-Crema-250.jpg","width":2500,"height":2500,"caption":"Caff\u00e8 in grani Dolce Crema 250g Italcaff\u00e8 Espresso Bar"},{"@type":"BreadcrumbList","@id":"https:\/\/italcaffe.it\/fr\/shop\/cafe-grain\/espresso\/250g-cafe-en-grain-italcaffe-espresso-dolce-crema\/#breadcrumb","itemListElement":[{"@type":"ListItem","position":1,"name":"Home","item":"https:\/\/italcaffe.it\/fr\/"},{"@type":"ListItem","position":2,"name":"Shop","item":"https:\/\/italcaffe.it\/fr\/shop\/"},{"@type":"ListItem","position":3,"name":"250g Caf\u00e9 en grain Italcaff\u00e8 Espresso Dolce Crema"}]},{"@type":"WebSite","@id":"https:\/\/italcaffe.it\/fr\/#website","url":"https:\/\/italcaffe.it\/fr\/","name":"Italcaff\u00e8","description":"50 Anni insieme","potentialAction":[{"@type":"SearchAction","target":{"@type":"EntryPoint","urlTemplate":"https:\/\/italcaffe.it\/fr\/?s={search_term_string}"},"query-input":{"@type":"PropertyValueSpecification","valueRequired":true,"valueName":"search_term_string"}}],"inLanguage":"fr-FR"}]}},"_links":{"self":[{"href":"https:\/\/italcaffe.it\/fr\/wp-json\/wp\/v2\/product\/29909","targetHints":{"allow":["GET"]}}],"collection":[{"href":"https:\/\/italcaffe.it\/fr\/wp-json\/wp\/v2\/product"}],"about":[{"href":"https:\/\/italcaffe.it\/fr\/wp-json\/wp\/v2\/types\/product"}],"wp:featuredmedia":[{"embeddable":true,"href":"https:\/\/italcaffe.it\/fr\/wp-json\/wp\/v2\/media\/29841"}],"wp:attachment":[{"href":"https:\/\/italcaffe.it\/fr\/wp-json\/wp\/v2\/media?parent=29909"}],"wp:term":[{"taxonomy":"product_brand","embeddable":true,"href":"https:\/\/italcaffe.it\/fr\/wp-json\/wp\/v2\/product_brand?post=29909"},{"taxonomy":"product_cat","embeddable":true,"href":"https:\/\/italcaffe.it\/fr\/wp-json\/wp\/v2\/product_cat?post=29909"},{"taxonomy":"product_tag","embeddable":true,"href":"https:\/\/italcaffe.it\/fr\/wp-json\/wp\/v2\/product_tag?post=29909"}],"curies":[{"name":"wp","href":"https:\/\/api.w.org\/{rel}","templated":true}]}}