{"id":30082,"date":"2022-12-27T14:07:54","date_gmt":"2022-12-27T13:07:55","guid":{"rendered":"https:\/\/www.italcaffe.it\/?post_type=product&#038;p=30082"},"modified":"2023-02-23T09:17:39","modified_gmt":"2023-02-23T08:17:39","slug":"cafe-en-grains-excelso-expresso-italcaffe-espresso-250g","status":"publish","type":"product","link":"https:\/\/italcaffe.it\/fr\/shop\/cafe-grain\/espresso\/cafe-en-grains-excelso-expresso-italcaffe-espresso-250g\/","title":{"rendered":"Caf\u00e9 en grains Excelso Expresso Italcaff\u00e8 Espresso 250g"},"content":{"rendered":"<p>Le caf\u00e9 en grains <a href=\"https:\/\/youtu.be\/smN6xz-IAXw\" target=\"_blank\" rel=\"noopener\">Excelso<\/a> expresso <a href=\"https:\/\/www.italcaffe.it\/fr\/histoire\/\" target=\"_blank\" rel=\"noopener\">Italcaff\u00e8<\/a> est un m\u00e9lange pris\u00e9 adapt\u00e9 au barman le plus exigeant, avec un arome riche et delicat.<\/p>\n<p>Un gout suave plein et riche de corps qui nait de la fusion parfaite des vari\u00e9t\u00e9s de caf\u00e9 Arabica et Robusta soigneusement s\u00e9lectionn\u00e9es.<\/p>\n<p>Le caf\u00e9 en grains <a href=\"https:\/\/youtu.be\/smN6xz-IAXw\" target=\"_blank\" rel=\"noopener\">Excelso<\/a> expresso <a href=\"https:\/\/www.italcaffe.it\/fr\/histoire\/\" target=\"_blank\" rel=\"noopener\">Italcaff\u00e8<\/a> est le produit pour celui qui d\u00e9sire le nec-plus-ultra.<\/p>\n<p>Il s&#8217;agit d&#8217;un paquet de 250g conditionn\u00e9 sous atmosph\u00e8re protectrice et avec une valve monodirectionnelle de garantie d\u2019ar\u00f4me. Id\u00e9al pour conserver le go\u00fbt et la fra\u00eecheur des grains de caf\u00e9.<\/p>\n<p>Ces caract\u00e9ristiques garantissent une meilleure conservation dans le temps ainsi qu&#8217;une meilleure qualit\u00e9 du produit par rapport aux paquets de caf\u00e9 habituels que vous trouvez sur le march\u00e9.<\/p>\n<p>Enfin cette excellente gamme EXCELSO et son go\u00fbt unique sont rest\u00e9s inchang\u00e9s pendant toute une d\u00e9cennie, puisqu\u00b4EXCELSO a re\u00e7u la <strong>m\u00e9daille d&#8217;or en 2012 et \u00e0 nouveau au cours de 2020.<\/strong><\/p>\n<p>Depuis 1969 nous apportons le caf\u00e9 de notre terre au reste du monde.<br \/>\nOn voyage pour s\u00e9lectionner les meilleurs grains verts de caf\u00e9. En fait que l\u2019on transforme en essences de premi\u00e8re qualit\u00e9 et go\u00fbt unique gr\u00e2ce \u00e0 notre passion, exp\u00e9rience et ma\u00eetrise.<\/p>\n<p class=\"paragr p-0\">Notre approche est que chaque grain de caf\u00e9 soit unique pour cr\u00e9er un espresso de qualit\u00e9.<\/p>\n<p class=\"paragr p-0\">C\u2019est pour cela que l\u2019on s\u00e9lectionne les meilleurs grains verts de caf\u00e9 qui proviennent de trois continents: Centre et Sud de l\u2019Am\u00e9rique, Afrique et Asie, pour rendre d\u00e9licieuse la saveur de l\u2019espresso Italcaff\u00e8.<\/p>\n<p class=\"paragr p-0\">Les grains sont s\u00e9lectionn\u00e9s un \u00e0 un et purifi\u00e9s pour passer aux diff\u00e9rentes phases de la torr\u00e9faction.<\/p>\n","protected":false},"excerpt":{"rendered":"<p style=\"text-align: justify;\">Le caf\u00e9 en grains <a href=\"https:\/\/youtu.be\/smN6xz-IAXw\" target=\"_blank\" rel=\"noopener\">Excelso<\/a> expresso <a href=\"https:\/\/www.italcaffe.it\/fr\/histoire\/\" target=\"_blank\" rel=\"noopener\">Italcaff\u00e8<\/a> de 250g est un m\u00e9lange pris\u00e9 adapt\u00e9 au barman le plus exigeant, avec un arome riche et delicat, un gout suave plein et riche de corps qui nait de la fusion parfaite des vari\u00e9t\u00e9s de caf\u00e9 Arabica et Robusta soigneusement s\u00e9lectionn\u00e9es. Le caf\u00e9 en grains <a href=\"https:\/\/youtu.be\/smN6xz-IAXw\" target=\"_blank\" rel=\"noopener\">Excelso<\/a> Expresso <a href=\"https:\/\/www.italcaffe.it\/fr\/histoire\/\" target=\"_blank\" rel=\"noopener\">Italcaff\u00e8<\/a> est le produit pour celui qui d\u00e9sire le nec-plus-ultra. Il s&#8217;agit d&#8217;un paquet de 1kg conditionn\u00e9 sous atmosph\u00e8re protectrice et avec une valve monodirectionnelle de garantie d\u2019ar\u00f4me, id\u00e9al pour conserver le go\u00fbt et la fra\u00eecheur des grains de caf\u00e9. Enfin cette excellente gamme EXCELSO et son go\u00fbt unique sont rest\u00e9s inchang\u00e9s pendant toute une d\u00e9cennie, puisqu\u00b4EXCELSO a re\u00e7u la <strong>m\u00e9daille d&#8217;or en 2012 et \u00e0 nouveau au cours de 2020. <\/strong><br \/>\nATTENTION : Pour une commande de 3 kg de caf\u00e9<img loading=\"lazy\" decoding=\"async\" class=\"wp-image-30318 size-thumbnail alignright\" src=\"https:\/\/www.italcaffe.it\/wp-content\/uploads\/2023\/01\/Tazza-4-150x111.jpg\" alt=\"\" width=\"150\" height=\"111\" srcset=\"https:\/\/italcaffe.it\/wp-content\/uploads\/2023\/01\/Tazza-4-150x111.jpg 150w, https:\/\/italcaffe.it\/wp-content\/uploads\/2023\/01\/Tazza-4-120x89.jpg 120w, https:\/\/italcaffe.it\/wp-content\/uploads\/2023\/01\/Tazza-4-750x554.jpg 750w, https:\/\/italcaffe.it\/wp-content\/uploads\/2023\/01\/Tazza-4-300x221.jpg 300w, https:\/\/italcaffe.it\/wp-content\/uploads\/2023\/01\/Tazza-4-1024x756.jpg 1024w, https:\/\/italcaffe.it\/wp-content\/uploads\/2023\/01\/Tazza-4-768x567.jpg 768w, https:\/\/italcaffe.it\/wp-content\/uploads\/2023\/01\/Tazza-4.jpg 1535w\" sizes=\"auto, (max-width: 150px) 100vw, 150px\" \/> Excelso\u00a0 nous vous offrons gratuitement 1 tasse de caf\u00e9 ou de cappuccino en porcelaine de haute qualit\u00e9 de marque Italcaff\u00e8. Livraison gratuite en France pour une commande de 6 kg.<\/p>\n","protected":false},"featured_media":29870,"template":"","meta":{"_acf_changed":false},"product_brand":[],"product_cat":[336,299,300],"product_tag":[],"class_list":{"0":"post-30082","1":"product","2":"type-product","3":"status-publish","4":"has-post-thumbnail","6":"product_cat-premio-fr","7":"product_cat-cafe-grain","8":"product_cat-espresso","10":"first","11":"instock","12":"taxable","13":"shipping-taxable","14":"product-type-grouped"},"acf":[],"yoast_head":"<!-- This site is optimized with the Yoast SEO plugin v27.0 - https:\/\/yoast.com\/product\/yoast-seo-wordpress\/ -->\n<title>Caf\u00e9 grains Excelso Expresso Italcaff\u00e8 Espresso Bar 250g<\/title>\n<meta name=\"description\" content=\"Le caf\u00e9 en grains Excelso expresso Italcaff\u00e8 est un m\u00e9lange pris\u00e9 adapt\u00e9 au barman le plus exigeant, avec un arome riche, doux et cr\u00e9meux.\" \/>\n<meta name=\"robots\" content=\"index, follow, max-snippet:-1, max-image-preview:large, max-video-preview:-1\" \/>\n<link rel=\"canonical\" href=\"https:\/\/italcaffe.it\/fr\/shop\/cafe-grain\/espresso\/cafe-en-grains-excelso-expresso-italcaffe-espresso-250g\/\" \/>\n<meta property=\"og:locale\" content=\"fr_FR\" \/>\n<meta property=\"og:type\" content=\"article\" \/>\n<meta property=\"og:title\" content=\"Caf\u00e9 grains Excelso Expresso Italcaff\u00e8 Espresso Bar 250g\" \/>\n<meta property=\"og:description\" content=\"Le caf\u00e9 en grains Excelso expresso Italcaff\u00e8 est un m\u00e9lange pris\u00e9 adapt\u00e9 au barman le plus exigeant, avec un arome riche, doux et cr\u00e9meux.\" \/>\n<meta property=\"og:url\" content=\"https:\/\/italcaffe.it\/fr\/shop\/cafe-grain\/espresso\/cafe-en-grains-excelso-expresso-italcaffe-espresso-250g\/\" \/>\n<meta property=\"og:site_name\" content=\"Italcaff\u00e8\" \/>\n<meta property=\"article:modified_time\" content=\"2023-02-23T08:17:39+00:00\" \/>\n<meta property=\"og:image\" content=\"https:\/\/italcaffe.it\/wp-content\/uploads\/2022\/11\/Excelso-250-3.jpg\" \/>\n\t<meta property=\"og:image:width\" content=\"825\" \/>\n\t<meta property=\"og:image:height\" content=\"1100\" \/>\n\t<meta property=\"og:image:type\" content=\"image\/jpeg\" \/>\n<meta name=\"twitter:card\" content=\"summary_large_image\" \/>\n<meta name=\"twitter:label1\" content=\"Dur\u00e9e de lecture estim\u00e9e\" \/>\n\t<meta name=\"twitter:data1\" content=\"2 minutes\" \/>\n<script type=\"application\/ld+json\" class=\"yoast-schema-graph\">{\"@context\":\"https:\/\/schema.org\",\"@graph\":[{\"@type\":\"WebPage\",\"@id\":\"https:\/\/italcaffe.it\/fr\/shop\/cafe-grain\/espresso\/cafe-en-grains-excelso-expresso-italcaffe-espresso-250g\/\",\"url\":\"https:\/\/italcaffe.it\/fr\/shop\/cafe-grain\/espresso\/cafe-en-grains-excelso-expresso-italcaffe-espresso-250g\/\",\"name\":\"Caf\u00e9 grains Excelso Expresso Italcaff\u00e8 Espresso Bar 250g\",\"isPartOf\":{\"@id\":\"https:\/\/italcaffe.it\/fr\/#website\"},\"primaryImageOfPage\":{\"@id\":\"https:\/\/italcaffe.it\/fr\/shop\/cafe-grain\/espresso\/cafe-en-grains-excelso-expresso-italcaffe-espresso-250g\/#primaryimage\"},\"image\":{\"@id\":\"https:\/\/italcaffe.it\/fr\/shop\/cafe-grain\/espresso\/cafe-en-grains-excelso-expresso-italcaffe-espresso-250g\/#primaryimage\"},\"thumbnailUrl\":\"https:\/\/italcaffe.it\/wp-content\/uploads\/2022\/11\/Excelso-250-3.jpg\",\"datePublished\":\"2022-12-27T13:07:55+00:00\",\"dateModified\":\"2023-02-23T08:17:39+00:00\",\"description\":\"Le caf\u00e9 en grains Excelso expresso Italcaff\u00e8 est un m\u00e9lange pris\u00e9 adapt\u00e9 au barman le plus exigeant, avec un arome riche, doux et cr\u00e9meux.\",\"breadcrumb\":{\"@id\":\"https:\/\/italcaffe.it\/fr\/shop\/cafe-grain\/espresso\/cafe-en-grains-excelso-expresso-italcaffe-espresso-250g\/#breadcrumb\"},\"inLanguage\":\"fr-FR\",\"potentialAction\":[{\"@type\":\"ReadAction\",\"target\":[\"https:\/\/italcaffe.it\/fr\/shop\/cafe-grain\/espresso\/cafe-en-grains-excelso-expresso-italcaffe-espresso-250g\/\"]}]},{\"@type\":\"ImageObject\",\"inLanguage\":\"fr-FR\",\"@id\":\"https:\/\/italcaffe.it\/fr\/shop\/cafe-grain\/espresso\/cafe-en-grains-excelso-expresso-italcaffe-espresso-250g\/#primaryimage\",\"url\":\"https:\/\/italcaffe.it\/wp-content\/uploads\/2022\/11\/Excelso-250-3.jpg\",\"contentUrl\":\"https:\/\/italcaffe.it\/wp-content\/uploads\/2022\/11\/Excelso-250-3.jpg\",\"width\":825,\"height\":1100,\"caption\":\"Caff\u00e8 in grani Excelso 250g Italcaff\u00e8 Espresso\"},{\"@type\":\"BreadcrumbList\",\"@id\":\"https:\/\/italcaffe.it\/fr\/shop\/cafe-grain\/espresso\/cafe-en-grains-excelso-expresso-italcaffe-espresso-250g\/#breadcrumb\",\"itemListElement\":[{\"@type\":\"ListItem\",\"position\":1,\"name\":\"Home\",\"item\":\"https:\/\/italcaffe.it\/fr\/\"},{\"@type\":\"ListItem\",\"position\":2,\"name\":\"Shop\",\"item\":\"https:\/\/italcaffe.it\/fr\/shop\/\"},{\"@type\":\"ListItem\",\"position\":3,\"name\":\"Caf\u00e9 en grains Excelso Expresso Italcaff\u00e8 Espresso 250g\"}]},{\"@type\":\"WebSite\",\"@id\":\"https:\/\/italcaffe.it\/fr\/#website\",\"url\":\"https:\/\/italcaffe.it\/fr\/\",\"name\":\"Italcaff\u00e8\",\"description\":\"50 Anni insieme\",\"potentialAction\":[{\"@type\":\"SearchAction\",\"target\":{\"@type\":\"EntryPoint\",\"urlTemplate\":\"https:\/\/italcaffe.it\/fr\/?s={search_term_string}\"},\"query-input\":{\"@type\":\"PropertyValueSpecification\",\"valueRequired\":true,\"valueName\":\"search_term_string\"}}],\"inLanguage\":\"fr-FR\"}]}<\/script>\n<!-- \/ Yoast SEO plugin. -->","yoast_head_json":{"title":"Caf\u00e9 grains Excelso Expresso Italcaff\u00e8 Espresso Bar 250g","description":"Le caf\u00e9 en grains Excelso expresso Italcaff\u00e8 est un m\u00e9lange pris\u00e9 adapt\u00e9 au barman le plus exigeant, avec un arome riche, doux et cr\u00e9meux.","robots":{"index":"index","follow":"follow","max-snippet":"max-snippet:-1","max-image-preview":"max-image-preview:large","max-video-preview":"max-video-preview:-1"},"canonical":"https:\/\/italcaffe.it\/fr\/shop\/cafe-grain\/espresso\/cafe-en-grains-excelso-expresso-italcaffe-espresso-250g\/","og_locale":"fr_FR","og_type":"article","og_title":"Caf\u00e9 grains Excelso Expresso Italcaff\u00e8 Espresso Bar 250g","og_description":"Le caf\u00e9 en grains Excelso expresso Italcaff\u00e8 est un m\u00e9lange pris\u00e9 adapt\u00e9 au barman le plus exigeant, avec un arome riche, doux et cr\u00e9meux.","og_url":"https:\/\/italcaffe.it\/fr\/shop\/cafe-grain\/espresso\/cafe-en-grains-excelso-expresso-italcaffe-espresso-250g\/","og_site_name":"Italcaff\u00e8","article_modified_time":"2023-02-23T08:17:39+00:00","og_image":[{"width":825,"height":1100,"url":"https:\/\/italcaffe.it\/wp-content\/uploads\/2022\/11\/Excelso-250-3.jpg","type":"image\/jpeg"}],"twitter_card":"summary_large_image","twitter_misc":{"Dur\u00e9e de lecture estim\u00e9e":"2 minutes"},"schema":{"@context":"https:\/\/schema.org","@graph":[{"@type":"WebPage","@id":"https:\/\/italcaffe.it\/fr\/shop\/cafe-grain\/espresso\/cafe-en-grains-excelso-expresso-italcaffe-espresso-250g\/","url":"https:\/\/italcaffe.it\/fr\/shop\/cafe-grain\/espresso\/cafe-en-grains-excelso-expresso-italcaffe-espresso-250g\/","name":"Caf\u00e9 grains Excelso Expresso Italcaff\u00e8 Espresso Bar 250g","isPartOf":{"@id":"https:\/\/italcaffe.it\/fr\/#website"},"primaryImageOfPage":{"@id":"https:\/\/italcaffe.it\/fr\/shop\/cafe-grain\/espresso\/cafe-en-grains-excelso-expresso-italcaffe-espresso-250g\/#primaryimage"},"image":{"@id":"https:\/\/italcaffe.it\/fr\/shop\/cafe-grain\/espresso\/cafe-en-grains-excelso-expresso-italcaffe-espresso-250g\/#primaryimage"},"thumbnailUrl":"https:\/\/italcaffe.it\/wp-content\/uploads\/2022\/11\/Excelso-250-3.jpg","datePublished":"2022-12-27T13:07:55+00:00","dateModified":"2023-02-23T08:17:39+00:00","description":"Le caf\u00e9 en grains Excelso expresso Italcaff\u00e8 est un m\u00e9lange pris\u00e9 adapt\u00e9 au barman le plus exigeant, avec un arome riche, doux et cr\u00e9meux.","breadcrumb":{"@id":"https:\/\/italcaffe.it\/fr\/shop\/cafe-grain\/espresso\/cafe-en-grains-excelso-expresso-italcaffe-espresso-250g\/#breadcrumb"},"inLanguage":"fr-FR","potentialAction":[{"@type":"ReadAction","target":["https:\/\/italcaffe.it\/fr\/shop\/cafe-grain\/espresso\/cafe-en-grains-excelso-expresso-italcaffe-espresso-250g\/"]}]},{"@type":"ImageObject","inLanguage":"fr-FR","@id":"https:\/\/italcaffe.it\/fr\/shop\/cafe-grain\/espresso\/cafe-en-grains-excelso-expresso-italcaffe-espresso-250g\/#primaryimage","url":"https:\/\/italcaffe.it\/wp-content\/uploads\/2022\/11\/Excelso-250-3.jpg","contentUrl":"https:\/\/italcaffe.it\/wp-content\/uploads\/2022\/11\/Excelso-250-3.jpg","width":825,"height":1100,"caption":"Caff\u00e8 in grani Excelso 250g Italcaff\u00e8 Espresso"},{"@type":"BreadcrumbList","@id":"https:\/\/italcaffe.it\/fr\/shop\/cafe-grain\/espresso\/cafe-en-grains-excelso-expresso-italcaffe-espresso-250g\/#breadcrumb","itemListElement":[{"@type":"ListItem","position":1,"name":"Home","item":"https:\/\/italcaffe.it\/fr\/"},{"@type":"ListItem","position":2,"name":"Shop","item":"https:\/\/italcaffe.it\/fr\/shop\/"},{"@type":"ListItem","position":3,"name":"Caf\u00e9 en grains Excelso Expresso Italcaff\u00e8 Espresso 250g"}]},{"@type":"WebSite","@id":"https:\/\/italcaffe.it\/fr\/#website","url":"https:\/\/italcaffe.it\/fr\/","name":"Italcaff\u00e8","description":"50 Anni insieme","potentialAction":[{"@type":"SearchAction","target":{"@type":"EntryPoint","urlTemplate":"https:\/\/italcaffe.it\/fr\/?s={search_term_string}"},"query-input":{"@type":"PropertyValueSpecification","valueRequired":true,"valueName":"search_term_string"}}],"inLanguage":"fr-FR"}]}},"_links":{"self":[{"href":"https:\/\/italcaffe.it\/fr\/wp-json\/wp\/v2\/product\/30082","targetHints":{"allow":["GET"]}}],"collection":[{"href":"https:\/\/italcaffe.it\/fr\/wp-json\/wp\/v2\/product"}],"about":[{"href":"https:\/\/italcaffe.it\/fr\/wp-json\/wp\/v2\/types\/product"}],"wp:featuredmedia":[{"embeddable":true,"href":"https:\/\/italcaffe.it\/fr\/wp-json\/wp\/v2\/media\/29870"}],"wp:attachment":[{"href":"https:\/\/italcaffe.it\/fr\/wp-json\/wp\/v2\/media?parent=30082"}],"wp:term":[{"taxonomy":"product_brand","embeddable":true,"href":"https:\/\/italcaffe.it\/fr\/wp-json\/wp\/v2\/product_brand?post=30082"},{"taxonomy":"product_cat","embeddable":true,"href":"https:\/\/italcaffe.it\/fr\/wp-json\/wp\/v2\/product_cat?post=30082"},{"taxonomy":"product_tag","embeddable":true,"href":"https:\/\/italcaffe.it\/fr\/wp-json\/wp\/v2\/product_tag?post=30082"}],"curies":[{"name":"wp","href":"https:\/\/api.w.org\/{rel}","templated":true}]}}