{"id":30099,"date":"2022-12-27T14:57:42","date_gmt":"2022-12-27T13:57:42","guid":{"rendered":"https:\/\/www.italcaffe.it\/?post_type=product&#038;p=30099"},"modified":"2023-02-23T08:57:28","modified_gmt":"2023-02-23T07:57:28","slug":"12x250g-excelso-bar-cafe-en-grains","status":"publish","type":"product","link":"https:\/\/italcaffe.it\/fr\/shop\/cafe-grain\/espresso\/12x250g-excelso-bar-cafe-en-grains\/","title":{"rendered":"EXCELSO BAR Caf\u00e9 en grains 12x250g"},"content":{"rendered":"","protected":false},"excerpt":{"rendered":"<p>Caf\u00e9 expresso en grains Italcaff\u00e8 EXCELSO BAR 1 Kg<\/p>\n<p>C&#8217;est un m\u00e9lange de caf\u00e9s pr\u00e9cieux dont le go\u00fbt est doux et l\u2019ar\u00f4me intensif et raffin\u00e9. C&#8217;est le produit pour celui qui d\u00e9sire le nec-plus-ultra.<\/p>\n<p>Existe en grains, emball\u00e9s sous vide, en paquet de 1 kg.<\/p>\n<p>L\u2019anse et la soucoupe peuvent \u00eatre d&#8217;une couleur diff\u00e9rente de celle indiqu\u00e9e sur la photo. Tasses offertes avec des combinaisons de couleurs, telles que le blanc, le rouge et le noir.<\/p>\n","protected":false},"featured_media":29870,"template":"","meta":{"_acf_changed":false},"product_brand":[],"product_cat":[299,300],"product_tag":[],"class_list":{"0":"post-30099","1":"product","2":"type-product","3":"status-publish","4":"has-post-thumbnail","6":"product_cat-cafe-grain","7":"product_cat-espresso","9":"first","10":"instock","11":"taxable","12":"shipping-taxable","13":"purchasable","14":"product-type-simple"},"acf":[],"yoast_head":"<!-- This site is optimized with the Yoast SEO plugin v27.0 - https:\/\/yoast.com\/product\/yoast-seo-wordpress\/ -->\n<title>EXCELSO BAR Caf\u00e9 en grains 12x250g - Italcaff\u00e8<\/title>\n<meta name=\"robots\" content=\"index, follow, max-snippet:-1, max-image-preview:large, max-video-preview:-1\" \/>\n<link rel=\"canonical\" href=\"https:\/\/italcaffe.it\/fr\/shop\/cafe-grain\/espresso\/12x250g-excelso-bar-cafe-en-grains\/\" \/>\n<meta property=\"og:locale\" content=\"fr_FR\" \/>\n<meta property=\"og:type\" content=\"article\" \/>\n<meta property=\"og:title\" content=\"EXCELSO BAR Caf\u00e9 en grains 12x250g - Italcaff\u00e8\" \/>\n<meta property=\"og:description\" content=\"Caf\u00e9 expresso en grains Italcaff\u00e8 EXCELSO BAR 1 Kg  C&#039;est un m\u00e9lange de caf\u00e9s pr\u00e9cieux dont le go\u00fbt est doux et l\u2019ar\u00f4me intensif et raffin\u00e9. C&#039;est le produit pour celui qui d\u00e9sire le nec-plus-ultra.  Existe en grains, emball\u00e9s sous vide, en paquet de 1 kg.  L\u2019anse et la soucoupe peuvent \u00eatre d&#039;une couleur diff\u00e9rente de celle indiqu\u00e9e sur la photo. Tasses offertes avec des combinaisons de couleurs, telles que le blanc, le rouge et le noir.\" \/>\n<meta property=\"og:url\" content=\"https:\/\/italcaffe.it\/fr\/shop\/cafe-grain\/espresso\/12x250g-excelso-bar-cafe-en-grains\/\" \/>\n<meta property=\"og:site_name\" content=\"Italcaff\u00e8\" \/>\n<meta property=\"article:modified_time\" content=\"2023-02-23T07:57:28+00:00\" \/>\n<meta property=\"og:image\" content=\"https:\/\/italcaffe.it\/wp-content\/uploads\/2022\/11\/Excelso-250-3.jpg\" \/>\n\t<meta property=\"og:image:width\" content=\"825\" \/>\n\t<meta property=\"og:image:height\" content=\"1100\" \/>\n\t<meta property=\"og:image:type\" content=\"image\/jpeg\" \/>\n<meta name=\"twitter:card\" content=\"summary_large_image\" \/>\n<script type=\"application\/ld+json\" class=\"yoast-schema-graph\">{\"@context\":\"https:\/\/schema.org\",\"@graph\":[{\"@type\":\"WebPage\",\"@id\":\"https:\/\/italcaffe.it\/fr\/shop\/cafe-grain\/espresso\/12x250g-excelso-bar-cafe-en-grains\/\",\"url\":\"https:\/\/italcaffe.it\/fr\/shop\/cafe-grain\/espresso\/12x250g-excelso-bar-cafe-en-grains\/\",\"name\":\"EXCELSO BAR Caf\u00e9 en grains 12x250g - Italcaff\u00e8\",\"isPartOf\":{\"@id\":\"https:\/\/italcaffe.it\/fr\/#website\"},\"primaryImageOfPage\":{\"@id\":\"https:\/\/italcaffe.it\/fr\/shop\/cafe-grain\/espresso\/12x250g-excelso-bar-cafe-en-grains\/#primaryimage\"},\"image\":{\"@id\":\"https:\/\/italcaffe.it\/fr\/shop\/cafe-grain\/espresso\/12x250g-excelso-bar-cafe-en-grains\/#primaryimage\"},\"thumbnailUrl\":\"https:\/\/italcaffe.it\/wp-content\/uploads\/2022\/11\/Excelso-250-3.jpg\",\"datePublished\":\"2022-12-27T13:57:42+00:00\",\"dateModified\":\"2023-02-23T07:57:28+00:00\",\"breadcrumb\":{\"@id\":\"https:\/\/italcaffe.it\/fr\/shop\/cafe-grain\/espresso\/12x250g-excelso-bar-cafe-en-grains\/#breadcrumb\"},\"inLanguage\":\"fr-FR\",\"potentialAction\":[{\"@type\":\"ReadAction\",\"target\":[\"https:\/\/italcaffe.it\/fr\/shop\/cafe-grain\/espresso\/12x250g-excelso-bar-cafe-en-grains\/\"]}]},{\"@type\":\"ImageObject\",\"inLanguage\":\"fr-FR\",\"@id\":\"https:\/\/italcaffe.it\/fr\/shop\/cafe-grain\/espresso\/12x250g-excelso-bar-cafe-en-grains\/#primaryimage\",\"url\":\"https:\/\/italcaffe.it\/wp-content\/uploads\/2022\/11\/Excelso-250-3.jpg\",\"contentUrl\":\"https:\/\/italcaffe.it\/wp-content\/uploads\/2022\/11\/Excelso-250-3.jpg\",\"width\":825,\"height\":1100,\"caption\":\"Caff\u00e8 in grani Excelso 250g Italcaff\u00e8 Espresso\"},{\"@type\":\"BreadcrumbList\",\"@id\":\"https:\/\/italcaffe.it\/fr\/shop\/cafe-grain\/espresso\/12x250g-excelso-bar-cafe-en-grains\/#breadcrumb\",\"itemListElement\":[{\"@type\":\"ListItem\",\"position\":1,\"name\":\"Home\",\"item\":\"https:\/\/italcaffe.it\/fr\/\"},{\"@type\":\"ListItem\",\"position\":2,\"name\":\"Shop\",\"item\":\"https:\/\/italcaffe.it\/fr\/shop\/\"},{\"@type\":\"ListItem\",\"position\":3,\"name\":\"EXCELSO BAR Caf\u00e9 en grains 12x250g\"}]},{\"@type\":\"WebSite\",\"@id\":\"https:\/\/italcaffe.it\/fr\/#website\",\"url\":\"https:\/\/italcaffe.it\/fr\/\",\"name\":\"Italcaff\u00e8\",\"description\":\"50 Anni insieme\",\"potentialAction\":[{\"@type\":\"SearchAction\",\"target\":{\"@type\":\"EntryPoint\",\"urlTemplate\":\"https:\/\/italcaffe.it\/fr\/?s={search_term_string}\"},\"query-input\":{\"@type\":\"PropertyValueSpecification\",\"valueRequired\":true,\"valueName\":\"search_term_string\"}}],\"inLanguage\":\"fr-FR\"}]}<\/script>\n<!-- \/ Yoast SEO plugin. -->","yoast_head_json":{"title":"EXCELSO BAR Caf\u00e9 en grains 12x250g - Italcaff\u00e8","robots":{"index":"index","follow":"follow","max-snippet":"max-snippet:-1","max-image-preview":"max-image-preview:large","max-video-preview":"max-video-preview:-1"},"canonical":"https:\/\/italcaffe.it\/fr\/shop\/cafe-grain\/espresso\/12x250g-excelso-bar-cafe-en-grains\/","og_locale":"fr_FR","og_type":"article","og_title":"EXCELSO BAR Caf\u00e9 en grains 12x250g - Italcaff\u00e8","og_description":"Caf\u00e9 expresso en grains Italcaff\u00e8 EXCELSO BAR 1 Kg  C'est un m\u00e9lange de caf\u00e9s pr\u00e9cieux dont le go\u00fbt est doux et l\u2019ar\u00f4me intensif et raffin\u00e9. C'est le produit pour celui qui d\u00e9sire le nec-plus-ultra.  Existe en grains, emball\u00e9s sous vide, en paquet de 1 kg.  L\u2019anse et la soucoupe peuvent \u00eatre d'une couleur diff\u00e9rente de celle indiqu\u00e9e sur la photo. Tasses offertes avec des combinaisons de couleurs, telles que le blanc, le rouge et le noir.","og_url":"https:\/\/italcaffe.it\/fr\/shop\/cafe-grain\/espresso\/12x250g-excelso-bar-cafe-en-grains\/","og_site_name":"Italcaff\u00e8","article_modified_time":"2023-02-23T07:57:28+00:00","og_image":[{"width":825,"height":1100,"url":"https:\/\/italcaffe.it\/wp-content\/uploads\/2022\/11\/Excelso-250-3.jpg","type":"image\/jpeg"}],"twitter_card":"summary_large_image","schema":{"@context":"https:\/\/schema.org","@graph":[{"@type":"WebPage","@id":"https:\/\/italcaffe.it\/fr\/shop\/cafe-grain\/espresso\/12x250g-excelso-bar-cafe-en-grains\/","url":"https:\/\/italcaffe.it\/fr\/shop\/cafe-grain\/espresso\/12x250g-excelso-bar-cafe-en-grains\/","name":"EXCELSO BAR Caf\u00e9 en grains 12x250g - Italcaff\u00e8","isPartOf":{"@id":"https:\/\/italcaffe.it\/fr\/#website"},"primaryImageOfPage":{"@id":"https:\/\/italcaffe.it\/fr\/shop\/cafe-grain\/espresso\/12x250g-excelso-bar-cafe-en-grains\/#primaryimage"},"image":{"@id":"https:\/\/italcaffe.it\/fr\/shop\/cafe-grain\/espresso\/12x250g-excelso-bar-cafe-en-grains\/#primaryimage"},"thumbnailUrl":"https:\/\/italcaffe.it\/wp-content\/uploads\/2022\/11\/Excelso-250-3.jpg","datePublished":"2022-12-27T13:57:42+00:00","dateModified":"2023-02-23T07:57:28+00:00","breadcrumb":{"@id":"https:\/\/italcaffe.it\/fr\/shop\/cafe-grain\/espresso\/12x250g-excelso-bar-cafe-en-grains\/#breadcrumb"},"inLanguage":"fr-FR","potentialAction":[{"@type":"ReadAction","target":["https:\/\/italcaffe.it\/fr\/shop\/cafe-grain\/espresso\/12x250g-excelso-bar-cafe-en-grains\/"]}]},{"@type":"ImageObject","inLanguage":"fr-FR","@id":"https:\/\/italcaffe.it\/fr\/shop\/cafe-grain\/espresso\/12x250g-excelso-bar-cafe-en-grains\/#primaryimage","url":"https:\/\/italcaffe.it\/wp-content\/uploads\/2022\/11\/Excelso-250-3.jpg","contentUrl":"https:\/\/italcaffe.it\/wp-content\/uploads\/2022\/11\/Excelso-250-3.jpg","width":825,"height":1100,"caption":"Caff\u00e8 in grani Excelso 250g Italcaff\u00e8 Espresso"},{"@type":"BreadcrumbList","@id":"https:\/\/italcaffe.it\/fr\/shop\/cafe-grain\/espresso\/12x250g-excelso-bar-cafe-en-grains\/#breadcrumb","itemListElement":[{"@type":"ListItem","position":1,"name":"Home","item":"https:\/\/italcaffe.it\/fr\/"},{"@type":"ListItem","position":2,"name":"Shop","item":"https:\/\/italcaffe.it\/fr\/shop\/"},{"@type":"ListItem","position":3,"name":"EXCELSO BAR Caf\u00e9 en grains 12x250g"}]},{"@type":"WebSite","@id":"https:\/\/italcaffe.it\/fr\/#website","url":"https:\/\/italcaffe.it\/fr\/","name":"Italcaff\u00e8","description":"50 Anni insieme","potentialAction":[{"@type":"SearchAction","target":{"@type":"EntryPoint","urlTemplate":"https:\/\/italcaffe.it\/fr\/?s={search_term_string}"},"query-input":{"@type":"PropertyValueSpecification","valueRequired":true,"valueName":"search_term_string"}}],"inLanguage":"fr-FR"}]}},"_links":{"self":[{"href":"https:\/\/italcaffe.it\/fr\/wp-json\/wp\/v2\/product\/30099","targetHints":{"allow":["GET"]}}],"collection":[{"href":"https:\/\/italcaffe.it\/fr\/wp-json\/wp\/v2\/product"}],"about":[{"href":"https:\/\/italcaffe.it\/fr\/wp-json\/wp\/v2\/types\/product"}],"wp:featuredmedia":[{"embeddable":true,"href":"https:\/\/italcaffe.it\/fr\/wp-json\/wp\/v2\/media\/29870"}],"wp:attachment":[{"href":"https:\/\/italcaffe.it\/fr\/wp-json\/wp\/v2\/media?parent=30099"}],"wp:term":[{"taxonomy":"product_brand","embeddable":true,"href":"https:\/\/italcaffe.it\/fr\/wp-json\/wp\/v2\/product_brand?post=30099"},{"taxonomy":"product_cat","embeddable":true,"href":"https:\/\/italcaffe.it\/fr\/wp-json\/wp\/v2\/product_cat?post=30099"},{"taxonomy":"product_tag","embeddable":true,"href":"https:\/\/italcaffe.it\/fr\/wp-json\/wp\/v2\/product_tag?post=30099"}],"curies":[{"name":"wp","href":"https:\/\/api.w.org\/{rel}","templated":true}]}}