{"id":30103,"date":"2022-12-27T15:14:20","date_gmt":"2022-12-27T14:14:20","guid":{"rendered":"https:\/\/www.italcaffe.it\/?post_type=product&#038;p=30103"},"modified":"2023-02-23T09:26:54","modified_gmt":"2023-02-23T08:26:54","slug":"cafe-en-grain-expresso-elite-100-arabica-italcaffe-espresso-250g","status":"publish","type":"product","link":"https:\/\/italcaffe.it\/fr\/shop\/cafe-grain\/espresso\/cafe-en-grain-expresso-elite-100-arabica-italcaffe-espresso-250g\/","title":{"rendered":"Caf\u00e9 en Grains Expresso Elite 100% Arabica Italcaff\u00e8 Espresso 250g"},"content":{"rendered":"<p style=\"text-align: justify;\">Caf\u00e9 en grains <a href=\"https:\/\/youtu.be\/JQJU3D9RJ28\" target=\"_blank\" rel=\"noopener\">Expresso Elite<\/a> <a href=\"https:\/\/www.italcaffe.it\/fr\/histoire\/\" target=\"_blank\" rel=\"noopener\">Italcaff\u00e8<\/a> est un m\u00e9lange avec des qualit\u00e9s sup\u00e9rieures, compos\u00e9 uniquement des meilleurs caf\u00e9s Arabica Br\u00e9siliens et d&#8217;Am\u00e9rique Central, soigneusement s\u00e9lectionn\u00e9s.<\/p>\n<p style=\"text-align: justify;\">D\u2019abord le Caf\u00e9 en grains <a href=\"https:\/\/youtu.be\/JQJU3D9RJ28\" target=\"_blank\" rel=\"noopener\">Expresso Elite<\/a> <a href=\"https:\/\/www.italcaffe.it\/fr\/histoire\/\" target=\"_blank\" rel=\"noopener\">Italcaff\u00e8<\/a> est connu pour son go\u00fbt gout fin et l\u00e9g\u00e8rement acidul\u00e9 avec un arri\u00e8re gout fruit\u00e9, d\u00e9licat et suave.<\/p>\n<p style=\"text-align: justify;\"><span class=\"a-list-item\">C&#8217;est le choix id\u00e9al pour les amateurs de caf\u00e9 qui recherchent le go\u00fbt rond et \u00e9quilibr\u00e9 des caf\u00e9s 100% arabica.\u00a0<\/span><\/p>\n<p style=\"text-align: justify;\">En plus il s&#8217;agit d&#8217;un paquet de 250g conditionn\u00e9 sous atmosph\u00e8re protectrice et avec une valve monodirectionnelle de garantie d\u2019ar\u00f4me. Id\u00e9al pour conserver le go\u00fbt et la fra\u00eecheur des grains de caf\u00e9.<\/p>\n<p style=\"text-align: justify;\">Ces caract\u00e9ristiques garantissent une meilleure conservation dans le temps ainsi qu&#8217;une meilleure qualit\u00e9 du produit par rapport aux paquets de caf\u00e9 habituels que vous trouvez sur le march\u00e9.<\/p>\n<p style=\"text-align: justify;\">Enfin est d\u00e9j\u00e0 couronn\u00e9 par une <strong>m\u00e9daille d&#8217;or<\/strong> dans sa cat\u00e9gorie en 2010 lors de l&#8217;International Coffee Tasting \u00e0 Brescia en Italie.<\/p>\n<p style=\"text-align: justify;\">Cette excellente gamme ELITE et son go\u00fbt unique sont rest\u00e9s inchang\u00e9s pendant toute une d\u00e9cennie.<\/p>\n<p style=\"text-align: justify;\">Puisqu\u00b4ELITE 100% Arabica a re\u00e7u la <strong>m\u00e9daille d&#8217;or \u00e0 nouveau au cours de 2020.<\/strong><\/p>\n<p>Seuls des grains Arabica de qualit\u00e9 sup\u00e9rieure ont \u00e9t\u00e9 s\u00e9lectionn\u00e9s et torr\u00e9fi\u00e9s. Avec une torr\u00e9faction moyenne, on peut percevoir une certaine acidit\u00e9, qui compl\u00e8te gracieusement le net ar\u00f4me fruit\u00e9.<\/p>\n<p>Des notes de fruits frais, de fleurs et de chocolat au lait caract\u00e9risent ce caf\u00e9 et le rend a\u00e9r\u00e9 et l\u00e9ger, de sorte qu\u00b4on le boit plus vite qu&#8217;on ne le souhaite.<\/p>\n<p>En tant qu&#8217;amateur de caf\u00e9, vous ne vous lasserez jamais de son bel ar\u00f4me. Italcaff\u00e8 a cr\u00e9\u00e9 un v\u00e9ritable chef-d&#8217;\u0153uvre avec ce caf\u00e9 100% Arabica.<\/p>\n","protected":false},"excerpt":{"rendered":"<p style=\"text-align: justify;\">Caf\u00e9 en grains <a href=\"https:\/\/youtu.be\/JQJU3D9RJ28\" target=\"_blank\" rel=\"noopener\">Expresso Elite<\/a> <a href=\"https:\/\/www.italcaffe.it\/fr\/histoire\/\" target=\"_blank\" rel=\"noopener\">Italcaff\u00e8<\/a> est un m\u00e9lange avec des qualit\u00e9s sup\u00e9rieures, compos\u00e9 uniquement des meilleurs caf\u00e9s Arabica Br\u00e9siliens et d&#8217;Am\u00e9rique Central, soigneusement s\u00e9lectionn\u00e9s. D\u2019abord le caf\u00e9 en grains <a href=\"https:\/\/youtu.be\/JQJU3D9RJ28\" target=\"_blank\" rel=\"noopener\">Expresso Elite<\/a> <a href=\"https:\/\/www.italcaffe.it\/fr\/histoire\/\" target=\"_blank\" rel=\"noopener\">Italcaff\u00e8<\/a> est connu pour son go\u00fbt gout fin et l\u00e9g\u00e8rement acidul\u00e9 avec un arri\u00e8re gout fruit\u00e9, d\u00e9licat et suave. <span class=\"a-list-item\">C&#8217;est le choix id\u00e9al pour les amateurs de caf\u00e9 qui recherchent le go\u00fbt rond et \u00e9quilibr\u00e9 des caf\u00e9s 100% arabica. En plus il<\/span> s&#8217;agit d&#8217;un paquet de 250g conditionn\u00e9 sous atmosph\u00e8re protectrice et avec une valve monodirectionnelle de garantie d\u2019ar\u00f4me, id\u00e9al pour conserver le go\u00fbt et la fra\u00eecheur des grains de caf\u00e9.\u00a0 Enfin cette excellente gamme ELITE et son go\u00fbt unique sont rest\u00e9s inchang\u00e9s pendant toute une d\u00e9cennie, puisqu\u00b4ELITE 100% Arabica a re\u00e7u la <strong>m\u00e9daille d&#8217;or en 2010 et \u00e0 nouveau au cours de 2020 et 2022. <\/strong><br \/>\nATTENTION : Pour une commande de 3 kg de caf\u00e9<img loading=\"lazy\" decoding=\"async\" class=\"wp-image-30318 size-thumbnail alignright\" src=\"https:\/\/www.italcaffe.it\/wp-content\/uploads\/2023\/01\/Tazza-4-150x111.jpg\" alt=\"\" width=\"150\" height=\"111\" srcset=\"https:\/\/italcaffe.it\/wp-content\/uploads\/2023\/01\/Tazza-4-150x111.jpg 150w, https:\/\/italcaffe.it\/wp-content\/uploads\/2023\/01\/Tazza-4-120x89.jpg 120w, https:\/\/italcaffe.it\/wp-content\/uploads\/2023\/01\/Tazza-4-750x554.jpg 750w, https:\/\/italcaffe.it\/wp-content\/uploads\/2023\/01\/Tazza-4-300x221.jpg 300w, https:\/\/italcaffe.it\/wp-content\/uploads\/2023\/01\/Tazza-4-1024x756.jpg 1024w, https:\/\/italcaffe.it\/wp-content\/uploads\/2023\/01\/Tazza-4-768x567.jpg 768w, https:\/\/italcaffe.it\/wp-content\/uploads\/2023\/01\/Tazza-4.jpg 1535w\" sizes=\"auto, (max-width: 150px) 100vw, 150px\" \/> Elite\u00a0 nous vous offrons gratuitement 1 tasse de caf\u00e9 ou de cappuccino en porcelaine de haute qualit\u00e9 de marque Italcaff\u00e8. Livraison gratuite en France pour une commande de 6 kg.<\/p>\n","protected":false},"featured_media":29849,"template":"","meta":{"_acf_changed":false},"product_brand":[],"product_cat":[336,299,300],"product_tag":[],"class_list":{"0":"post-30103","1":"product","2":"type-product","3":"status-publish","4":"has-post-thumbnail","6":"product_cat-premio-fr","7":"product_cat-cafe-grain","8":"product_cat-espresso","10":"first","11":"instock","12":"taxable","13":"shipping-taxable","14":"product-type-grouped"},"acf":[],"yoast_head":"<!-- This site is optimized with the Yoast SEO plugin v27.0 - https:\/\/yoast.com\/product\/yoast-seo-wordpress\/ -->\n<title>Caf\u00e9 grain Expresso Elite Italcaff\u00e8 100% Arabica Espresso 250<\/title>\n<meta name=\"description\" content=\"Caf\u00e9 en grains Expresso Elite Italcaff\u00e8 est un m\u00e9lange avec des qualit\u00e9s sup\u00e9rieures, compos\u00e9 uniquement des meilleurs caf\u00e9s Arabica du monde\" \/>\n<meta name=\"robots\" content=\"index, follow, max-snippet:-1, max-image-preview:large, max-video-preview:-1\" \/>\n<link rel=\"canonical\" href=\"https:\/\/italcaffe.it\/fr\/shop\/cafe-grain\/espresso\/cafe-en-grain-expresso-elite-100-arabica-italcaffe-espresso-250g\/\" \/>\n<meta property=\"og:locale\" content=\"fr_FR\" \/>\n<meta property=\"og:type\" content=\"article\" \/>\n<meta property=\"og:title\" content=\"Caf\u00e9 grain Expresso Elite Italcaff\u00e8 100% Arabica Espresso 250\" \/>\n<meta property=\"og:description\" content=\"Caf\u00e9 en grains Expresso Elite Italcaff\u00e8 est un m\u00e9lange avec des qualit\u00e9s sup\u00e9rieures, compos\u00e9 uniquement des meilleurs caf\u00e9s Arabica du monde\" \/>\n<meta property=\"og:url\" content=\"https:\/\/italcaffe.it\/fr\/shop\/cafe-grain\/espresso\/cafe-en-grain-expresso-elite-100-arabica-italcaffe-espresso-250g\/\" \/>\n<meta property=\"og:site_name\" content=\"Italcaff\u00e8\" \/>\n<meta property=\"article:modified_time\" content=\"2023-02-23T08:26:54+00:00\" \/>\n<meta property=\"og:image\" content=\"https:\/\/italcaffe.it\/wp-content\/uploads\/2022\/11\/Elite-250-3.jpg\" \/>\n\t<meta property=\"og:image:width\" content=\"825\" \/>\n\t<meta property=\"og:image:height\" content=\"1100\" \/>\n\t<meta property=\"og:image:type\" content=\"image\/jpeg\" \/>\n<meta name=\"twitter:card\" content=\"summary_large_image\" \/>\n<meta name=\"twitter:label1\" content=\"Dur\u00e9e de lecture estim\u00e9e\" \/>\n\t<meta name=\"twitter:data1\" content=\"2 minutes\" \/>\n<script type=\"application\/ld+json\" class=\"yoast-schema-graph\">{\"@context\":\"https:\/\/schema.org\",\"@graph\":[{\"@type\":\"WebPage\",\"@id\":\"https:\/\/italcaffe.it\/fr\/shop\/cafe-grain\/espresso\/cafe-en-grain-expresso-elite-100-arabica-italcaffe-espresso-250g\/\",\"url\":\"https:\/\/italcaffe.it\/fr\/shop\/cafe-grain\/espresso\/cafe-en-grain-expresso-elite-100-arabica-italcaffe-espresso-250g\/\",\"name\":\"Caf\u00e9 grain Expresso Elite Italcaff\u00e8 100% Arabica Espresso 250\",\"isPartOf\":{\"@id\":\"https:\/\/italcaffe.it\/fr\/#website\"},\"primaryImageOfPage\":{\"@id\":\"https:\/\/italcaffe.it\/fr\/shop\/cafe-grain\/espresso\/cafe-en-grain-expresso-elite-100-arabica-italcaffe-espresso-250g\/#primaryimage\"},\"image\":{\"@id\":\"https:\/\/italcaffe.it\/fr\/shop\/cafe-grain\/espresso\/cafe-en-grain-expresso-elite-100-arabica-italcaffe-espresso-250g\/#primaryimage\"},\"thumbnailUrl\":\"https:\/\/italcaffe.it\/wp-content\/uploads\/2022\/11\/Elite-250-3.jpg\",\"datePublished\":\"2022-12-27T14:14:20+00:00\",\"dateModified\":\"2023-02-23T08:26:54+00:00\",\"description\":\"Caf\u00e9 en grains Expresso Elite Italcaff\u00e8 est un m\u00e9lange avec des qualit\u00e9s sup\u00e9rieures, compos\u00e9 uniquement des meilleurs caf\u00e9s Arabica du monde\",\"breadcrumb\":{\"@id\":\"https:\/\/italcaffe.it\/fr\/shop\/cafe-grain\/espresso\/cafe-en-grain-expresso-elite-100-arabica-italcaffe-espresso-250g\/#breadcrumb\"},\"inLanguage\":\"fr-FR\",\"potentialAction\":[{\"@type\":\"ReadAction\",\"target\":[\"https:\/\/italcaffe.it\/fr\/shop\/cafe-grain\/espresso\/cafe-en-grain-expresso-elite-100-arabica-italcaffe-espresso-250g\/\"]}]},{\"@type\":\"ImageObject\",\"inLanguage\":\"fr-FR\",\"@id\":\"https:\/\/italcaffe.it\/fr\/shop\/cafe-grain\/espresso\/cafe-en-grain-expresso-elite-100-arabica-italcaffe-espresso-250g\/#primaryimage\",\"url\":\"https:\/\/italcaffe.it\/wp-content\/uploads\/2022\/11\/Elite-250-3.jpg\",\"contentUrl\":\"https:\/\/italcaffe.it\/wp-content\/uploads\/2022\/11\/Elite-250-3.jpg\",\"width\":825,\"height\":1100,\"caption\":\"Caff\u00e8 in grani Elite 250g Italcaff\u00e8 Espresso Bar\"},{\"@type\":\"BreadcrumbList\",\"@id\":\"https:\/\/italcaffe.it\/fr\/shop\/cafe-grain\/espresso\/cafe-en-grain-expresso-elite-100-arabica-italcaffe-espresso-250g\/#breadcrumb\",\"itemListElement\":[{\"@type\":\"ListItem\",\"position\":1,\"name\":\"Home\",\"item\":\"https:\/\/italcaffe.it\/fr\/\"},{\"@type\":\"ListItem\",\"position\":2,\"name\":\"Shop\",\"item\":\"https:\/\/italcaffe.it\/fr\/shop\/\"},{\"@type\":\"ListItem\",\"position\":3,\"name\":\"Caf\u00e9 en Grains Expresso Elite 100% Arabica Italcaff\u00e8 Espresso 250g\"}]},{\"@type\":\"WebSite\",\"@id\":\"https:\/\/italcaffe.it\/fr\/#website\",\"url\":\"https:\/\/italcaffe.it\/fr\/\",\"name\":\"Italcaff\u00e8\",\"description\":\"50 Anni insieme\",\"potentialAction\":[{\"@type\":\"SearchAction\",\"target\":{\"@type\":\"EntryPoint\",\"urlTemplate\":\"https:\/\/italcaffe.it\/fr\/?s={search_term_string}\"},\"query-input\":{\"@type\":\"PropertyValueSpecification\",\"valueRequired\":true,\"valueName\":\"search_term_string\"}}],\"inLanguage\":\"fr-FR\"}]}<\/script>\n<!-- \/ Yoast SEO plugin. -->","yoast_head_json":{"title":"Caf\u00e9 grain Expresso Elite Italcaff\u00e8 100% Arabica Espresso 250","description":"Caf\u00e9 en grains Expresso Elite Italcaff\u00e8 est un m\u00e9lange avec des qualit\u00e9s sup\u00e9rieures, compos\u00e9 uniquement des meilleurs caf\u00e9s Arabica du monde","robots":{"index":"index","follow":"follow","max-snippet":"max-snippet:-1","max-image-preview":"max-image-preview:large","max-video-preview":"max-video-preview:-1"},"canonical":"https:\/\/italcaffe.it\/fr\/shop\/cafe-grain\/espresso\/cafe-en-grain-expresso-elite-100-arabica-italcaffe-espresso-250g\/","og_locale":"fr_FR","og_type":"article","og_title":"Caf\u00e9 grain Expresso Elite Italcaff\u00e8 100% Arabica Espresso 250","og_description":"Caf\u00e9 en grains Expresso Elite Italcaff\u00e8 est un m\u00e9lange avec des qualit\u00e9s sup\u00e9rieures, compos\u00e9 uniquement des meilleurs caf\u00e9s Arabica du monde","og_url":"https:\/\/italcaffe.it\/fr\/shop\/cafe-grain\/espresso\/cafe-en-grain-expresso-elite-100-arabica-italcaffe-espresso-250g\/","og_site_name":"Italcaff\u00e8","article_modified_time":"2023-02-23T08:26:54+00:00","og_image":[{"width":825,"height":1100,"url":"https:\/\/italcaffe.it\/wp-content\/uploads\/2022\/11\/Elite-250-3.jpg","type":"image\/jpeg"}],"twitter_card":"summary_large_image","twitter_misc":{"Dur\u00e9e de lecture estim\u00e9e":"2 minutes"},"schema":{"@context":"https:\/\/schema.org","@graph":[{"@type":"WebPage","@id":"https:\/\/italcaffe.it\/fr\/shop\/cafe-grain\/espresso\/cafe-en-grain-expresso-elite-100-arabica-italcaffe-espresso-250g\/","url":"https:\/\/italcaffe.it\/fr\/shop\/cafe-grain\/espresso\/cafe-en-grain-expresso-elite-100-arabica-italcaffe-espresso-250g\/","name":"Caf\u00e9 grain Expresso Elite Italcaff\u00e8 100% Arabica Espresso 250","isPartOf":{"@id":"https:\/\/italcaffe.it\/fr\/#website"},"primaryImageOfPage":{"@id":"https:\/\/italcaffe.it\/fr\/shop\/cafe-grain\/espresso\/cafe-en-grain-expresso-elite-100-arabica-italcaffe-espresso-250g\/#primaryimage"},"image":{"@id":"https:\/\/italcaffe.it\/fr\/shop\/cafe-grain\/espresso\/cafe-en-grain-expresso-elite-100-arabica-italcaffe-espresso-250g\/#primaryimage"},"thumbnailUrl":"https:\/\/italcaffe.it\/wp-content\/uploads\/2022\/11\/Elite-250-3.jpg","datePublished":"2022-12-27T14:14:20+00:00","dateModified":"2023-02-23T08:26:54+00:00","description":"Caf\u00e9 en grains Expresso Elite Italcaff\u00e8 est un m\u00e9lange avec des qualit\u00e9s sup\u00e9rieures, compos\u00e9 uniquement des meilleurs caf\u00e9s Arabica du monde","breadcrumb":{"@id":"https:\/\/italcaffe.it\/fr\/shop\/cafe-grain\/espresso\/cafe-en-grain-expresso-elite-100-arabica-italcaffe-espresso-250g\/#breadcrumb"},"inLanguage":"fr-FR","potentialAction":[{"@type":"ReadAction","target":["https:\/\/italcaffe.it\/fr\/shop\/cafe-grain\/espresso\/cafe-en-grain-expresso-elite-100-arabica-italcaffe-espresso-250g\/"]}]},{"@type":"ImageObject","inLanguage":"fr-FR","@id":"https:\/\/italcaffe.it\/fr\/shop\/cafe-grain\/espresso\/cafe-en-grain-expresso-elite-100-arabica-italcaffe-espresso-250g\/#primaryimage","url":"https:\/\/italcaffe.it\/wp-content\/uploads\/2022\/11\/Elite-250-3.jpg","contentUrl":"https:\/\/italcaffe.it\/wp-content\/uploads\/2022\/11\/Elite-250-3.jpg","width":825,"height":1100,"caption":"Caff\u00e8 in grani Elite 250g Italcaff\u00e8 Espresso Bar"},{"@type":"BreadcrumbList","@id":"https:\/\/italcaffe.it\/fr\/shop\/cafe-grain\/espresso\/cafe-en-grain-expresso-elite-100-arabica-italcaffe-espresso-250g\/#breadcrumb","itemListElement":[{"@type":"ListItem","position":1,"name":"Home","item":"https:\/\/italcaffe.it\/fr\/"},{"@type":"ListItem","position":2,"name":"Shop","item":"https:\/\/italcaffe.it\/fr\/shop\/"},{"@type":"ListItem","position":3,"name":"Caf\u00e9 en Grains Expresso Elite 100% Arabica Italcaff\u00e8 Espresso 250g"}]},{"@type":"WebSite","@id":"https:\/\/italcaffe.it\/fr\/#website","url":"https:\/\/italcaffe.it\/fr\/","name":"Italcaff\u00e8","description":"50 Anni insieme","potentialAction":[{"@type":"SearchAction","target":{"@type":"EntryPoint","urlTemplate":"https:\/\/italcaffe.it\/fr\/?s={search_term_string}"},"query-input":{"@type":"PropertyValueSpecification","valueRequired":true,"valueName":"search_term_string"}}],"inLanguage":"fr-FR"}]}},"_links":{"self":[{"href":"https:\/\/italcaffe.it\/fr\/wp-json\/wp\/v2\/product\/30103","targetHints":{"allow":["GET"]}}],"collection":[{"href":"https:\/\/italcaffe.it\/fr\/wp-json\/wp\/v2\/product"}],"about":[{"href":"https:\/\/italcaffe.it\/fr\/wp-json\/wp\/v2\/types\/product"}],"wp:featuredmedia":[{"embeddable":true,"href":"https:\/\/italcaffe.it\/fr\/wp-json\/wp\/v2\/media\/29849"}],"wp:attachment":[{"href":"https:\/\/italcaffe.it\/fr\/wp-json\/wp\/v2\/media?parent=30103"}],"wp:term":[{"taxonomy":"product_brand","embeddable":true,"href":"https:\/\/italcaffe.it\/fr\/wp-json\/wp\/v2\/product_brand?post=30103"},{"taxonomy":"product_cat","embeddable":true,"href":"https:\/\/italcaffe.it\/fr\/wp-json\/wp\/v2\/product_cat?post=30103"},{"taxonomy":"product_tag","embeddable":true,"href":"https:\/\/italcaffe.it\/fr\/wp-json\/wp\/v2\/product_tag?post=30103"}],"curies":[{"name":"wp","href":"https:\/\/api.w.org\/{rel}","templated":true}]}}