{"id":30134,"date":"2022-12-29T15:33:33","date_gmt":"2022-12-29T14:33:33","guid":{"rendered":"https:\/\/www.italcaffe.it\/?post_type=product&#038;p=30134"},"modified":"2022-12-29T17:13:07","modified_gmt":"2022-12-29T16:13:07","slug":"italcaffe-bresil-santos-cafe-en-grains-100-arabica-espresso-250g","status":"publish","type":"product","link":"https:\/\/italcaffe.it\/fr\/shop\/cafe-grain\/arabica\/italcaffe-bresil-santos-cafe-en-grains-100-arabica-espresso-250g\/","title":{"rendered":"Italcaff\u00e8 Br\u00e9sil Santos Caf\u00e9 en Grains 100% Arabica Espresso 250g"},"content":{"rendered":"","protected":false},"excerpt":{"rendered":"<p>Caf\u00e9 Espresso en grains 100% Arabica d&#8217;origine unique Br\u00e9sil Santos.<\/p>\n<p>Caf\u00e9 moelleux, tr\u00e8s \u00e9quilibr\u00e9 avec une acidit\u00e9 moyenne et du corps. Se distinguent des senteurs de malt, de cacao et de c\u00e9r\u00e9ales. Notes de chocolat et de noisette en arri\u00e8re- gout. Pour ce produit nous avons s\u00e9lectionn\u00e9 uniquement du caf\u00e9 Br\u00e9sil Santos de haute qualit\u00e9.<\/p>\n<p>En paquet de 250g , emball\u00e9 avec une valve monodirectionnelle de garantie d&#8217;ar\u00f4me.<\/p>\n","protected":false},"featured_media":28593,"template":"","meta":{"_acf_changed":false},"product_brand":[],"product_cat":[299,315],"product_tag":[],"class_list":{"0":"post-30134","1":"product","2":"type-product","3":"status-publish","4":"has-post-thumbnail","6":"product_cat-cafe-grain","7":"product_cat-arabica","9":"first","10":"instock","11":"taxable","12":"shipping-taxable","13":"purchasable","14":"product-type-simple"},"acf":[],"yoast_head":"<!-- This site is optimized with the Yoast SEO plugin v27.0 - https:\/\/yoast.com\/product\/yoast-seo-wordpress\/ -->\n<title>Italcaff\u00e8 Br\u00e9sil Santos Caf\u00e9 en Grains 100% Arabica Espresso 250g - Italcaff\u00e8<\/title>\n<meta name=\"robots\" content=\"index, follow, max-snippet:-1, max-image-preview:large, max-video-preview:-1\" \/>\n<link rel=\"canonical\" href=\"https:\/\/italcaffe.it\/fr\/shop\/cafe-grain\/arabica\/italcaffe-bresil-santos-cafe-en-grains-100-arabica-espresso-250g\/\" \/>\n<meta property=\"og:locale\" content=\"fr_FR\" \/>\n<meta property=\"og:type\" content=\"article\" \/>\n<meta property=\"og:title\" content=\"Italcaff\u00e8 Br\u00e9sil Santos Caf\u00e9 en Grains 100% Arabica Espresso 250g - Italcaff\u00e8\" \/>\n<meta property=\"og:description\" content=\"Caf\u00e9 Espresso en grains 100% Arabica d&#039;origine unique Br\u00e9sil Santos.  Caf\u00e9 moelleux, tr\u00e8s \u00e9quilibr\u00e9 avec une acidit\u00e9 moyenne et du corps. Se distinguent des senteurs de malt, de cacao et de c\u00e9r\u00e9ales. Notes de chocolat et de noisette en arri\u00e8re- gout. Pour ce produit nous avons s\u00e9lectionn\u00e9 uniquement du caf\u00e9 Br\u00e9sil Santos de haute qualit\u00e9.  En paquet de 250g , emball\u00e9 avec une valve monodirectionnelle de garantie d&#039;ar\u00f4me.\" \/>\n<meta property=\"og:url\" content=\"https:\/\/italcaffe.it\/fr\/shop\/cafe-grain\/arabica\/italcaffe-bresil-santos-cafe-en-grains-100-arabica-espresso-250g\/\" \/>\n<meta property=\"og:site_name\" content=\"Italcaff\u00e8\" \/>\n<meta property=\"article:modified_time\" content=\"2022-12-29T16:13:07+00:00\" \/>\n<meta property=\"og:image\" content=\"https:\/\/italcaffe.it\/wp-content\/uploads\/2021\/12\/Brasile250g.jpg\" \/>\n\t<meta property=\"og:image:width\" content=\"825\" \/>\n\t<meta property=\"og:image:height\" content=\"1000\" \/>\n\t<meta property=\"og:image:type\" content=\"image\/jpeg\" \/>\n<meta name=\"twitter:card\" content=\"summary_large_image\" \/>\n<script type=\"application\/ld+json\" class=\"yoast-schema-graph\">{\"@context\":\"https:\/\/schema.org\",\"@graph\":[{\"@type\":\"WebPage\",\"@id\":\"https:\/\/italcaffe.it\/fr\/shop\/cafe-grain\/arabica\/italcaffe-bresil-santos-cafe-en-grains-100-arabica-espresso-250g\/\",\"url\":\"https:\/\/italcaffe.it\/fr\/shop\/cafe-grain\/arabica\/italcaffe-bresil-santos-cafe-en-grains-100-arabica-espresso-250g\/\",\"name\":\"Italcaff\u00e8 Br\u00e9sil Santos Caf\u00e9 en Grains 100% Arabica Espresso 250g - Italcaff\u00e8\",\"isPartOf\":{\"@id\":\"https:\/\/italcaffe.it\/fr\/#website\"},\"primaryImageOfPage\":{\"@id\":\"https:\/\/italcaffe.it\/fr\/shop\/cafe-grain\/arabica\/italcaffe-bresil-santos-cafe-en-grains-100-arabica-espresso-250g\/#primaryimage\"},\"image\":{\"@id\":\"https:\/\/italcaffe.it\/fr\/shop\/cafe-grain\/arabica\/italcaffe-bresil-santos-cafe-en-grains-100-arabica-espresso-250g\/#primaryimage\"},\"thumbnailUrl\":\"https:\/\/italcaffe.it\/wp-content\/uploads\/2021\/12\/Brasile250g.jpg\",\"datePublished\":\"2022-12-29T14:33:33+00:00\",\"dateModified\":\"2022-12-29T16:13:07+00:00\",\"breadcrumb\":{\"@id\":\"https:\/\/italcaffe.it\/fr\/shop\/cafe-grain\/arabica\/italcaffe-bresil-santos-cafe-en-grains-100-arabica-espresso-250g\/#breadcrumb\"},\"inLanguage\":\"fr-FR\",\"potentialAction\":[{\"@type\":\"ReadAction\",\"target\":[\"https:\/\/italcaffe.it\/fr\/shop\/cafe-grain\/arabica\/italcaffe-bresil-santos-cafe-en-grains-100-arabica-espresso-250g\/\"]}]},{\"@type\":\"ImageObject\",\"inLanguage\":\"fr-FR\",\"@id\":\"https:\/\/italcaffe.it\/fr\/shop\/cafe-grain\/arabica\/italcaffe-bresil-santos-cafe-en-grains-100-arabica-espresso-250g\/#primaryimage\",\"url\":\"https:\/\/italcaffe.it\/wp-content\/uploads\/2021\/12\/Brasile250g.jpg\",\"contentUrl\":\"https:\/\/italcaffe.it\/wp-content\/uploads\/2021\/12\/Brasile250g.jpg\",\"width\":825,\"height\":1000,\"caption\":\"Caf\u00e9 en grains Italcaff\u00e8 Espresso 100% Arabica Br\u00e9sil Santos 250g\"},{\"@type\":\"BreadcrumbList\",\"@id\":\"https:\/\/italcaffe.it\/fr\/shop\/cafe-grain\/arabica\/italcaffe-bresil-santos-cafe-en-grains-100-arabica-espresso-250g\/#breadcrumb\",\"itemListElement\":[{\"@type\":\"ListItem\",\"position\":1,\"name\":\"Home\",\"item\":\"https:\/\/italcaffe.it\/fr\/\"},{\"@type\":\"ListItem\",\"position\":2,\"name\":\"Shop\",\"item\":\"https:\/\/italcaffe.it\/fr\/shop\/\"},{\"@type\":\"ListItem\",\"position\":3,\"name\":\"Italcaff\u00e8 Br\u00e9sil Santos Caf\u00e9 en Grains 100% Arabica Espresso 250g\"}]},{\"@type\":\"WebSite\",\"@id\":\"https:\/\/italcaffe.it\/fr\/#website\",\"url\":\"https:\/\/italcaffe.it\/fr\/\",\"name\":\"Italcaff\u00e8\",\"description\":\"50 Anni insieme\",\"potentialAction\":[{\"@type\":\"SearchAction\",\"target\":{\"@type\":\"EntryPoint\",\"urlTemplate\":\"https:\/\/italcaffe.it\/fr\/?s={search_term_string}\"},\"query-input\":{\"@type\":\"PropertyValueSpecification\",\"valueRequired\":true,\"valueName\":\"search_term_string\"}}],\"inLanguage\":\"fr-FR\"}]}<\/script>\n<!-- \/ Yoast SEO plugin. -->","yoast_head_json":{"title":"Italcaff\u00e8 Br\u00e9sil Santos Caf\u00e9 en Grains 100% Arabica Espresso 250g - Italcaff\u00e8","robots":{"index":"index","follow":"follow","max-snippet":"max-snippet:-1","max-image-preview":"max-image-preview:large","max-video-preview":"max-video-preview:-1"},"canonical":"https:\/\/italcaffe.it\/fr\/shop\/cafe-grain\/arabica\/italcaffe-bresil-santos-cafe-en-grains-100-arabica-espresso-250g\/","og_locale":"fr_FR","og_type":"article","og_title":"Italcaff\u00e8 Br\u00e9sil Santos Caf\u00e9 en Grains 100% Arabica Espresso 250g - Italcaff\u00e8","og_description":"Caf\u00e9 Espresso en grains 100% Arabica d'origine unique Br\u00e9sil Santos.  Caf\u00e9 moelleux, tr\u00e8s \u00e9quilibr\u00e9 avec une acidit\u00e9 moyenne et du corps. Se distinguent des senteurs de malt, de cacao et de c\u00e9r\u00e9ales. Notes de chocolat et de noisette en arri\u00e8re- gout. Pour ce produit nous avons s\u00e9lectionn\u00e9 uniquement du caf\u00e9 Br\u00e9sil Santos de haute qualit\u00e9.  En paquet de 250g , emball\u00e9 avec une valve monodirectionnelle de garantie d'ar\u00f4me.","og_url":"https:\/\/italcaffe.it\/fr\/shop\/cafe-grain\/arabica\/italcaffe-bresil-santos-cafe-en-grains-100-arabica-espresso-250g\/","og_site_name":"Italcaff\u00e8","article_modified_time":"2022-12-29T16:13:07+00:00","og_image":[{"width":825,"height":1000,"url":"https:\/\/italcaffe.it\/wp-content\/uploads\/2021\/12\/Brasile250g.jpg","type":"image\/jpeg"}],"twitter_card":"summary_large_image","schema":{"@context":"https:\/\/schema.org","@graph":[{"@type":"WebPage","@id":"https:\/\/italcaffe.it\/fr\/shop\/cafe-grain\/arabica\/italcaffe-bresil-santos-cafe-en-grains-100-arabica-espresso-250g\/","url":"https:\/\/italcaffe.it\/fr\/shop\/cafe-grain\/arabica\/italcaffe-bresil-santos-cafe-en-grains-100-arabica-espresso-250g\/","name":"Italcaff\u00e8 Br\u00e9sil Santos Caf\u00e9 en Grains 100% Arabica Espresso 250g - Italcaff\u00e8","isPartOf":{"@id":"https:\/\/italcaffe.it\/fr\/#website"},"primaryImageOfPage":{"@id":"https:\/\/italcaffe.it\/fr\/shop\/cafe-grain\/arabica\/italcaffe-bresil-santos-cafe-en-grains-100-arabica-espresso-250g\/#primaryimage"},"image":{"@id":"https:\/\/italcaffe.it\/fr\/shop\/cafe-grain\/arabica\/italcaffe-bresil-santos-cafe-en-grains-100-arabica-espresso-250g\/#primaryimage"},"thumbnailUrl":"https:\/\/italcaffe.it\/wp-content\/uploads\/2021\/12\/Brasile250g.jpg","datePublished":"2022-12-29T14:33:33+00:00","dateModified":"2022-12-29T16:13:07+00:00","breadcrumb":{"@id":"https:\/\/italcaffe.it\/fr\/shop\/cafe-grain\/arabica\/italcaffe-bresil-santos-cafe-en-grains-100-arabica-espresso-250g\/#breadcrumb"},"inLanguage":"fr-FR","potentialAction":[{"@type":"ReadAction","target":["https:\/\/italcaffe.it\/fr\/shop\/cafe-grain\/arabica\/italcaffe-bresil-santos-cafe-en-grains-100-arabica-espresso-250g\/"]}]},{"@type":"ImageObject","inLanguage":"fr-FR","@id":"https:\/\/italcaffe.it\/fr\/shop\/cafe-grain\/arabica\/italcaffe-bresil-santos-cafe-en-grains-100-arabica-espresso-250g\/#primaryimage","url":"https:\/\/italcaffe.it\/wp-content\/uploads\/2021\/12\/Brasile250g.jpg","contentUrl":"https:\/\/italcaffe.it\/wp-content\/uploads\/2021\/12\/Brasile250g.jpg","width":825,"height":1000,"caption":"Caf\u00e9 en grains Italcaff\u00e8 Espresso 100% Arabica Br\u00e9sil Santos 250g"},{"@type":"BreadcrumbList","@id":"https:\/\/italcaffe.it\/fr\/shop\/cafe-grain\/arabica\/italcaffe-bresil-santos-cafe-en-grains-100-arabica-espresso-250g\/#breadcrumb","itemListElement":[{"@type":"ListItem","position":1,"name":"Home","item":"https:\/\/italcaffe.it\/fr\/"},{"@type":"ListItem","position":2,"name":"Shop","item":"https:\/\/italcaffe.it\/fr\/shop\/"},{"@type":"ListItem","position":3,"name":"Italcaff\u00e8 Br\u00e9sil Santos Caf\u00e9 en Grains 100% Arabica Espresso 250g"}]},{"@type":"WebSite","@id":"https:\/\/italcaffe.it\/fr\/#website","url":"https:\/\/italcaffe.it\/fr\/","name":"Italcaff\u00e8","description":"50 Anni insieme","potentialAction":[{"@type":"SearchAction","target":{"@type":"EntryPoint","urlTemplate":"https:\/\/italcaffe.it\/fr\/?s={search_term_string}"},"query-input":{"@type":"PropertyValueSpecification","valueRequired":true,"valueName":"search_term_string"}}],"inLanguage":"fr-FR"}]}},"_links":{"self":[{"href":"https:\/\/italcaffe.it\/fr\/wp-json\/wp\/v2\/product\/30134","targetHints":{"allow":["GET"]}}],"collection":[{"href":"https:\/\/italcaffe.it\/fr\/wp-json\/wp\/v2\/product"}],"about":[{"href":"https:\/\/italcaffe.it\/fr\/wp-json\/wp\/v2\/types\/product"}],"wp:featuredmedia":[{"embeddable":true,"href":"https:\/\/italcaffe.it\/fr\/wp-json\/wp\/v2\/media\/28593"}],"wp:attachment":[{"href":"https:\/\/italcaffe.it\/fr\/wp-json\/wp\/v2\/media?parent=30134"}],"wp:term":[{"taxonomy":"product_brand","embeddable":true,"href":"https:\/\/italcaffe.it\/fr\/wp-json\/wp\/v2\/product_brand?post=30134"},{"taxonomy":"product_cat","embeddable":true,"href":"https:\/\/italcaffe.it\/fr\/wp-json\/wp\/v2\/product_cat?post=30134"},{"taxonomy":"product_tag","embeddable":true,"href":"https:\/\/italcaffe.it\/fr\/wp-json\/wp\/v2\/product_tag?post=30134"}],"curies":[{"name":"wp","href":"https:\/\/api.w.org\/{rel}","templated":true}]}}