{"id":30219,"date":"2023-01-15T11:49:57","date_gmt":"2023-01-15T10:49:58","guid":{"rendered":"https:\/\/www.italcaffe.it\/?post_type=product&#038;p=30219"},"modified":"2023-01-15T12:07:19","modified_gmt":"2023-01-15T11:07:19","slug":"cafe-crema-oro-moulu-et-torrefie-italcaffe-250g-moka","status":"publish","type":"product","link":"https:\/\/italcaffe.it\/fr\/shop\/cafe-moulu\/mouture-cafetiere-italienne\/cafe-crema-oro-moulu-et-torrefie-italcaffe-250g-moka\/","title":{"rendered":"Caf\u00e9 Crema Oro Moulu et Torr\u00e9fi\u00e9 Italcaff\u00e8 250g (Copia)"},"content":{"rendered":"","protected":false},"excerpt":{"rendered":"<p style=\"text-align: justify;\">Caf\u00e9 moulu pour moka ou filtre.\u00a0Il s\u2019agit d\u2019un m\u00e9lange pr\u00e9cieux des caf\u00e9s &#8216;Arabica et Robusta soigneusement s\u00e9lectionn\u00e9s et torr\u00e9fi\u00e9s pour vous offrir un caf\u00e9 cr\u00e9meux avec un ar\u00f4me doux et riche.\u00a0Il est disponible moulu en sachets sous vide (250 gr.)<\/p>\n","protected":false},"featured_media":26849,"template":"","meta":{"_acf_changed":false},"product_brand":[],"product_cat":[310,311,318],"product_tag":[],"class_list":{"0":"post-30219","1":"product","2":"type-product","3":"status-publish","4":"has-post-thumbnail","6":"product_cat-cafe-moulu","7":"product_cat-mouture-cafetiere-italienne","8":"product_cat-mouture-espresso","10":"first","11":"instock","12":"taxable","13":"shipping-taxable","14":"product-type-grouped"},"acf":[],"yoast_head":"<!-- This site is optimized with the Yoast SEO plugin v27.0 - https:\/\/yoast.com\/product\/yoast-seo-wordpress\/ -->\n<title>Caf\u00e9 Crema Oro Moulu et Torr\u00e9fi\u00e9 Italcaff\u00e8 250g<\/title>\n<meta name=\"description\" content=\"Caf\u00e9 Crema Oro Moulu et Torr\u00e9fi\u00e9 Italcaff\u00e8 pour vous offrir un caf\u00e9 cr\u00e9meux avec un ar\u00f4me doux et riche. Une m\u00e9lange pr\u00e9cieux des caf\u00e9s &#039;Arabica et Robusta.\" \/>\n<meta name=\"robots\" content=\"index, follow, max-snippet:-1, max-image-preview:large, max-video-preview:-1\" \/>\n<link rel=\"canonical\" href=\"https:\/\/italcaffe.it\/fr\/shop\/cafe-moulu\/mouture-cafetiere-italienne\/cafe-crema-oro-moulu-et-torrefie-italcaffe-250g-moka\/\" \/>\n<meta property=\"og:locale\" content=\"fr_FR\" \/>\n<meta property=\"og:type\" content=\"article\" \/>\n<meta property=\"og:title\" content=\"Caf\u00e9 Crema Oro Moulu et Torr\u00e9fi\u00e9 Italcaff\u00e8 250g\" \/>\n<meta property=\"og:description\" content=\"Caf\u00e9 Crema Oro Moulu et Torr\u00e9fi\u00e9 Italcaff\u00e8 pour vous offrir un caf\u00e9 cr\u00e9meux avec un ar\u00f4me doux et riche. Une m\u00e9lange pr\u00e9cieux des caf\u00e9s &#039;Arabica et Robusta.\" \/>\n<meta property=\"og:url\" content=\"https:\/\/italcaffe.it\/fr\/shop\/cafe-moulu\/mouture-cafetiere-italienne\/cafe-crema-oro-moulu-et-torrefie-italcaffe-250g-moka\/\" \/>\n<meta property=\"og:site_name\" content=\"Italcaff\u00e8\" \/>\n<meta property=\"article:modified_time\" content=\"2023-01-15T11:07:19+00:00\" \/>\n<meta property=\"og:image\" content=\"https:\/\/italcaffe.it\/wp-content\/uploads\/2021\/02\/italcaffe_macinato_crema_oro.png\" \/>\n\t<meta property=\"og:image:width\" content=\"825\" \/>\n\t<meta property=\"og:image:height\" content=\"1100\" \/>\n\t<meta property=\"og:image:type\" content=\"image\/png\" \/>\n<meta name=\"twitter:card\" content=\"summary_large_image\" \/>\n<script type=\"application\/ld+json\" class=\"yoast-schema-graph\">{\"@context\":\"https:\/\/schema.org\",\"@graph\":[{\"@type\":\"WebPage\",\"@id\":\"https:\/\/italcaffe.it\/fr\/shop\/cafe-moulu\/mouture-cafetiere-italienne\/cafe-crema-oro-moulu-et-torrefie-italcaffe-250g-moka\/\",\"url\":\"https:\/\/italcaffe.it\/fr\/shop\/cafe-moulu\/mouture-cafetiere-italienne\/cafe-crema-oro-moulu-et-torrefie-italcaffe-250g-moka\/\",\"name\":\"Caf\u00e9 Crema Oro Moulu et Torr\u00e9fi\u00e9 Italcaff\u00e8 250g\",\"isPartOf\":{\"@id\":\"https:\/\/italcaffe.it\/fr\/#website\"},\"primaryImageOfPage\":{\"@id\":\"https:\/\/italcaffe.it\/fr\/shop\/cafe-moulu\/mouture-cafetiere-italienne\/cafe-crema-oro-moulu-et-torrefie-italcaffe-250g-moka\/#primaryimage\"},\"image\":{\"@id\":\"https:\/\/italcaffe.it\/fr\/shop\/cafe-moulu\/mouture-cafetiere-italienne\/cafe-crema-oro-moulu-et-torrefie-italcaffe-250g-moka\/#primaryimage\"},\"thumbnailUrl\":\"https:\/\/italcaffe.it\/wp-content\/uploads\/2021\/02\/italcaffe_macinato_crema_oro.png\",\"datePublished\":\"2023-01-15T10:49:58+00:00\",\"dateModified\":\"2023-01-15T11:07:19+00:00\",\"description\":\"Caf\u00e9 Crema Oro Moulu et Torr\u00e9fi\u00e9 Italcaff\u00e8 pour vous offrir un caf\u00e9 cr\u00e9meux avec un ar\u00f4me doux et riche. Une m\u00e9lange pr\u00e9cieux des caf\u00e9s 'Arabica et Robusta.\",\"breadcrumb\":{\"@id\":\"https:\/\/italcaffe.it\/fr\/shop\/cafe-moulu\/mouture-cafetiere-italienne\/cafe-crema-oro-moulu-et-torrefie-italcaffe-250g-moka\/#breadcrumb\"},\"inLanguage\":\"fr-FR\",\"potentialAction\":[{\"@type\":\"ReadAction\",\"target\":[\"https:\/\/italcaffe.it\/fr\/shop\/cafe-moulu\/mouture-cafetiere-italienne\/cafe-crema-oro-moulu-et-torrefie-italcaffe-250g-moka\/\"]}]},{\"@type\":\"ImageObject\",\"inLanguage\":\"fr-FR\",\"@id\":\"https:\/\/italcaffe.it\/fr\/shop\/cafe-moulu\/mouture-cafetiere-italienne\/cafe-crema-oro-moulu-et-torrefie-italcaffe-250g-moka\/#primaryimage\",\"url\":\"https:\/\/italcaffe.it\/wp-content\/uploads\/2021\/02\/italcaffe_macinato_crema_oro.png\",\"contentUrl\":\"https:\/\/italcaffe.it\/wp-content\/uploads\/2021\/02\/italcaffe_macinato_crema_oro.png\",\"width\":825,\"height\":1100,\"caption\":\"Caff\u00e8 Macinato Crema Oro Italcaff\u00e8 250g macinatura per Moka\"},{\"@type\":\"BreadcrumbList\",\"@id\":\"https:\/\/italcaffe.it\/fr\/shop\/cafe-moulu\/mouture-cafetiere-italienne\/cafe-crema-oro-moulu-et-torrefie-italcaffe-250g-moka\/#breadcrumb\",\"itemListElement\":[{\"@type\":\"ListItem\",\"position\":1,\"name\":\"Home\",\"item\":\"https:\/\/italcaffe.it\/fr\/\"},{\"@type\":\"ListItem\",\"position\":2,\"name\":\"Shop\",\"item\":\"https:\/\/italcaffe.it\/fr\/shop\/\"},{\"@type\":\"ListItem\",\"position\":3,\"name\":\"Caf\u00e9 Crema Oro Moulu et Torr\u00e9fi\u00e9 Italcaff\u00e8 250g (Copia)\"}]},{\"@type\":\"WebSite\",\"@id\":\"https:\/\/italcaffe.it\/fr\/#website\",\"url\":\"https:\/\/italcaffe.it\/fr\/\",\"name\":\"Italcaff\u00e8\",\"description\":\"50 Anni insieme\",\"potentialAction\":[{\"@type\":\"SearchAction\",\"target\":{\"@type\":\"EntryPoint\",\"urlTemplate\":\"https:\/\/italcaffe.it\/fr\/?s={search_term_string}\"},\"query-input\":{\"@type\":\"PropertyValueSpecification\",\"valueRequired\":true,\"valueName\":\"search_term_string\"}}],\"inLanguage\":\"fr-FR\"}]}<\/script>\n<!-- \/ Yoast SEO plugin. -->","yoast_head_json":{"title":"Caf\u00e9 Crema Oro Moulu et Torr\u00e9fi\u00e9 Italcaff\u00e8 250g","description":"Caf\u00e9 Crema Oro Moulu et Torr\u00e9fi\u00e9 Italcaff\u00e8 pour vous offrir un caf\u00e9 cr\u00e9meux avec un ar\u00f4me doux et riche. Une m\u00e9lange pr\u00e9cieux des caf\u00e9s 'Arabica et Robusta.","robots":{"index":"index","follow":"follow","max-snippet":"max-snippet:-1","max-image-preview":"max-image-preview:large","max-video-preview":"max-video-preview:-1"},"canonical":"https:\/\/italcaffe.it\/fr\/shop\/cafe-moulu\/mouture-cafetiere-italienne\/cafe-crema-oro-moulu-et-torrefie-italcaffe-250g-moka\/","og_locale":"fr_FR","og_type":"article","og_title":"Caf\u00e9 Crema Oro Moulu et Torr\u00e9fi\u00e9 Italcaff\u00e8 250g","og_description":"Caf\u00e9 Crema Oro Moulu et Torr\u00e9fi\u00e9 Italcaff\u00e8 pour vous offrir un caf\u00e9 cr\u00e9meux avec un ar\u00f4me doux et riche. Une m\u00e9lange pr\u00e9cieux des caf\u00e9s 'Arabica et Robusta.","og_url":"https:\/\/italcaffe.it\/fr\/shop\/cafe-moulu\/mouture-cafetiere-italienne\/cafe-crema-oro-moulu-et-torrefie-italcaffe-250g-moka\/","og_site_name":"Italcaff\u00e8","article_modified_time":"2023-01-15T11:07:19+00:00","og_image":[{"width":825,"height":1100,"url":"https:\/\/italcaffe.it\/wp-content\/uploads\/2021\/02\/italcaffe_macinato_crema_oro.png","type":"image\/png"}],"twitter_card":"summary_large_image","schema":{"@context":"https:\/\/schema.org","@graph":[{"@type":"WebPage","@id":"https:\/\/italcaffe.it\/fr\/shop\/cafe-moulu\/mouture-cafetiere-italienne\/cafe-crema-oro-moulu-et-torrefie-italcaffe-250g-moka\/","url":"https:\/\/italcaffe.it\/fr\/shop\/cafe-moulu\/mouture-cafetiere-italienne\/cafe-crema-oro-moulu-et-torrefie-italcaffe-250g-moka\/","name":"Caf\u00e9 Crema Oro Moulu et Torr\u00e9fi\u00e9 Italcaff\u00e8 250g","isPartOf":{"@id":"https:\/\/italcaffe.it\/fr\/#website"},"primaryImageOfPage":{"@id":"https:\/\/italcaffe.it\/fr\/shop\/cafe-moulu\/mouture-cafetiere-italienne\/cafe-crema-oro-moulu-et-torrefie-italcaffe-250g-moka\/#primaryimage"},"image":{"@id":"https:\/\/italcaffe.it\/fr\/shop\/cafe-moulu\/mouture-cafetiere-italienne\/cafe-crema-oro-moulu-et-torrefie-italcaffe-250g-moka\/#primaryimage"},"thumbnailUrl":"https:\/\/italcaffe.it\/wp-content\/uploads\/2021\/02\/italcaffe_macinato_crema_oro.png","datePublished":"2023-01-15T10:49:58+00:00","dateModified":"2023-01-15T11:07:19+00:00","description":"Caf\u00e9 Crema Oro Moulu et Torr\u00e9fi\u00e9 Italcaff\u00e8 pour vous offrir un caf\u00e9 cr\u00e9meux avec un ar\u00f4me doux et riche. Une m\u00e9lange pr\u00e9cieux des caf\u00e9s 'Arabica et Robusta.","breadcrumb":{"@id":"https:\/\/italcaffe.it\/fr\/shop\/cafe-moulu\/mouture-cafetiere-italienne\/cafe-crema-oro-moulu-et-torrefie-italcaffe-250g-moka\/#breadcrumb"},"inLanguage":"fr-FR","potentialAction":[{"@type":"ReadAction","target":["https:\/\/italcaffe.it\/fr\/shop\/cafe-moulu\/mouture-cafetiere-italienne\/cafe-crema-oro-moulu-et-torrefie-italcaffe-250g-moka\/"]}]},{"@type":"ImageObject","inLanguage":"fr-FR","@id":"https:\/\/italcaffe.it\/fr\/shop\/cafe-moulu\/mouture-cafetiere-italienne\/cafe-crema-oro-moulu-et-torrefie-italcaffe-250g-moka\/#primaryimage","url":"https:\/\/italcaffe.it\/wp-content\/uploads\/2021\/02\/italcaffe_macinato_crema_oro.png","contentUrl":"https:\/\/italcaffe.it\/wp-content\/uploads\/2021\/02\/italcaffe_macinato_crema_oro.png","width":825,"height":1100,"caption":"Caff\u00e8 Macinato Crema Oro Italcaff\u00e8 250g macinatura per Moka"},{"@type":"BreadcrumbList","@id":"https:\/\/italcaffe.it\/fr\/shop\/cafe-moulu\/mouture-cafetiere-italienne\/cafe-crema-oro-moulu-et-torrefie-italcaffe-250g-moka\/#breadcrumb","itemListElement":[{"@type":"ListItem","position":1,"name":"Home","item":"https:\/\/italcaffe.it\/fr\/"},{"@type":"ListItem","position":2,"name":"Shop","item":"https:\/\/italcaffe.it\/fr\/shop\/"},{"@type":"ListItem","position":3,"name":"Caf\u00e9 Crema Oro Moulu et Torr\u00e9fi\u00e9 Italcaff\u00e8 250g (Copia)"}]},{"@type":"WebSite","@id":"https:\/\/italcaffe.it\/fr\/#website","url":"https:\/\/italcaffe.it\/fr\/","name":"Italcaff\u00e8","description":"50 Anni insieme","potentialAction":[{"@type":"SearchAction","target":{"@type":"EntryPoint","urlTemplate":"https:\/\/italcaffe.it\/fr\/?s={search_term_string}"},"query-input":{"@type":"PropertyValueSpecification","valueRequired":true,"valueName":"search_term_string"}}],"inLanguage":"fr-FR"}]}},"_links":{"self":[{"href":"https:\/\/italcaffe.it\/fr\/wp-json\/wp\/v2\/product\/30219","targetHints":{"allow":["GET"]}}],"collection":[{"href":"https:\/\/italcaffe.it\/fr\/wp-json\/wp\/v2\/product"}],"about":[{"href":"https:\/\/italcaffe.it\/fr\/wp-json\/wp\/v2\/types\/product"}],"wp:featuredmedia":[{"embeddable":true,"href":"https:\/\/italcaffe.it\/fr\/wp-json\/wp\/v2\/media\/26849"}],"wp:attachment":[{"href":"https:\/\/italcaffe.it\/fr\/wp-json\/wp\/v2\/media?parent=30219"}],"wp:term":[{"taxonomy":"product_brand","embeddable":true,"href":"https:\/\/italcaffe.it\/fr\/wp-json\/wp\/v2\/product_brand?post=30219"},{"taxonomy":"product_cat","embeddable":true,"href":"https:\/\/italcaffe.it\/fr\/wp-json\/wp\/v2\/product_cat?post=30219"},{"taxonomy":"product_tag","embeddable":true,"href":"https:\/\/italcaffe.it\/fr\/wp-json\/wp\/v2\/product_tag?post=30219"}],"curies":[{"name":"wp","href":"https:\/\/api.w.org\/{rel}","templated":true}]}}