{"id":30223,"date":"2023-01-15T11:54:51","date_gmt":"2023-01-15T10:54:52","guid":{"rendered":"https:\/\/www.italcaffe.it\/?post_type=product&#038;p=30223"},"modified":"2023-01-15T12:04:07","modified_gmt":"2023-01-15T11:04:07","slug":"cafe-moulu-et-torrefie-italcaffe-qualita-classica-moka-250g","status":"publish","type":"product","link":"https:\/\/italcaffe.it\/fr\/shop\/cafe-moulu\/mouture-cafetiere-italienne\/cafe-moulu-et-torrefie-italcaffe-qualita-classica-moka-250g\/","title":{"rendered":"Caf\u00e9 Moulu et Torr\u00e9fi\u00e9 Italcaff\u00e8 Qualit\u00e0 Classica 250g"},"content":{"rendered":"<p style=\"text-align: justify;\">Caf\u00e9 Moulu et Torr\u00e9fi\u00e9 Italcaff\u00e8 pour moka. C&#8217;est un m\u00e9lange des caf\u00e9s provenant des meilleures plantations tropicales, torr\u00e9fi\u00e9s de mani\u00e8re extr\u00eamement professionnelle afin de donner \u00e0 la boisson un go\u00fbt fort mais en m\u00eame temps d\u00e9licat ainsi qu\u2019un un ar\u00f4me riche et intensif. Ici du caf\u00e9 moulu sp\u00e9cialement pour votre cafeti\u00e8re moka et votre cafeti\u00e8re. La qualit\u00e9 Classique est disponible moulue en sachets sous vide de 250 gr. Caf\u00e9 pour cafeti\u00e8re italienne<\/p>\n","protected":false},"excerpt":{"rendered":"<p style=\"text-align: justify;\">Caf\u00e9 Moulu et Torr\u00e9fi\u00e9 Italcaff\u00e8 pour moka. C&#8217;est un m\u00e9lange des caf\u00e9s provenant des meilleures plantations tropicales, torr\u00e9fi\u00e9s de mani\u00e8re extr\u00eamement professionnelle afin de donner \u00e0 la boisson un go\u00fbt fort mais en m\u00eame temps d\u00e9licat ainsi qu\u2019un un ar\u00f4me riche et intensif. Ici du caf\u00e9 moulu sp\u00e9cialement pour votre cafeti\u00e8re moka et votre cafeti\u00e8re. La qualit\u00e9 Classique est disponible moulue en sachets sous vide de 250 gr. Caf\u00e9 pour cafeti\u00e8re italienne<\/p>\n","protected":false},"featured_media":26845,"template":"","meta":{"_acf_changed":false},"product_brand":[],"product_cat":[310,311,318],"product_tag":[],"class_list":{"0":"post-30223","1":"product","2":"type-product","3":"status-publish","4":"has-post-thumbnail","6":"product_cat-cafe-moulu","7":"product_cat-mouture-cafetiere-italienne","8":"product_cat-mouture-espresso","10":"first","11":"instock","12":"taxable","13":"shipping-taxable","14":"product-type-grouped"},"acf":[],"yoast_head":"<!-- This site is optimized with the Yoast SEO plugin v27.0 - https:\/\/yoast.com\/product\/yoast-seo-wordpress\/ -->\n<title>Caf\u00e9 Moulu et Torr\u00e9fi\u00e9 Italcaff\u00e8 Qualit\u00e0 Classica 250g pour moka<\/title>\n<meta name=\"description\" content=\"Caf\u00e9 Moulu et Torr\u00e9fi\u00e9 Italcaff\u00e8 pour moka avec un go\u00fbt fort mais en m\u00eame temps d\u00e9licat ainsi qu\u2019un un ar\u00f4me riche et intensif. Un Vrai caf\u00e9 italien.\" \/>\n<meta name=\"robots\" content=\"index, follow, max-snippet:-1, max-image-preview:large, max-video-preview:-1\" \/>\n<link rel=\"canonical\" href=\"https:\/\/italcaffe.it\/fr\/shop\/cafe-moulu\/mouture-cafetiere-italienne\/cafe-moulu-et-torrefie-italcaffe-qualita-classica-moka-250g\/\" \/>\n<meta property=\"og:locale\" content=\"fr_FR\" \/>\n<meta property=\"og:type\" content=\"article\" \/>\n<meta property=\"og:title\" content=\"Caf\u00e9 Moulu et Torr\u00e9fi\u00e9 Italcaff\u00e8 Qualit\u00e0 Classica 250g pour moka\" \/>\n<meta property=\"og:description\" content=\"Caf\u00e9 Moulu et Torr\u00e9fi\u00e9 Italcaff\u00e8 pour moka avec un go\u00fbt fort mais en m\u00eame temps d\u00e9licat ainsi qu\u2019un un ar\u00f4me riche et intensif. Un Vrai caf\u00e9 italien.\" \/>\n<meta property=\"og:url\" content=\"https:\/\/italcaffe.it\/fr\/shop\/cafe-moulu\/mouture-cafetiere-italienne\/cafe-moulu-et-torrefie-italcaffe-qualita-classica-moka-250g\/\" \/>\n<meta property=\"og:site_name\" content=\"Italcaff\u00e8\" \/>\n<meta property=\"article:modified_time\" content=\"2023-01-15T11:04:07+00:00\" \/>\n<meta property=\"og:image\" content=\"https:\/\/italcaffe.it\/wp-content\/uploads\/2021\/02\/Classico250g-2022.jpg\" \/>\n\t<meta property=\"og:image:width\" content=\"825\" \/>\n\t<meta property=\"og:image:height\" content=\"1100\" \/>\n\t<meta property=\"og:image:type\" content=\"image\/png\" \/>\n<meta name=\"twitter:card\" content=\"summary_large_image\" \/>\n<meta name=\"twitter:label1\" content=\"Dur\u00e9e de lecture estim\u00e9e\" \/>\n\t<meta name=\"twitter:data1\" content=\"1 minute\" \/>\n<script type=\"application\/ld+json\" class=\"yoast-schema-graph\">{\"@context\":\"https:\/\/schema.org\",\"@graph\":[{\"@type\":\"WebPage\",\"@id\":\"https:\/\/italcaffe.it\/fr\/shop\/cafe-moulu\/mouture-cafetiere-italienne\/cafe-moulu-et-torrefie-italcaffe-qualita-classica-moka-250g\/\",\"url\":\"https:\/\/italcaffe.it\/fr\/shop\/cafe-moulu\/mouture-cafetiere-italienne\/cafe-moulu-et-torrefie-italcaffe-qualita-classica-moka-250g\/\",\"name\":\"Caf\u00e9 Moulu et Torr\u00e9fi\u00e9 Italcaff\u00e8 Qualit\u00e0 Classica 250g pour moka\",\"isPartOf\":{\"@id\":\"https:\/\/italcaffe.it\/fr\/#website\"},\"primaryImageOfPage\":{\"@id\":\"https:\/\/italcaffe.it\/fr\/shop\/cafe-moulu\/mouture-cafetiere-italienne\/cafe-moulu-et-torrefie-italcaffe-qualita-classica-moka-250g\/#primaryimage\"},\"image\":{\"@id\":\"https:\/\/italcaffe.it\/fr\/shop\/cafe-moulu\/mouture-cafetiere-italienne\/cafe-moulu-et-torrefie-italcaffe-qualita-classica-moka-250g\/#primaryimage\"},\"thumbnailUrl\":\"https:\/\/italcaffe.it\/wp-content\/uploads\/2021\/02\/Classico250g-2022.jpg\",\"datePublished\":\"2023-01-15T10:54:52+00:00\",\"dateModified\":\"2023-01-15T11:04:07+00:00\",\"description\":\"Caf\u00e9 Moulu et Torr\u00e9fi\u00e9 Italcaff\u00e8 pour moka avec un go\u00fbt fort mais en m\u00eame temps d\u00e9licat ainsi qu\u2019un un ar\u00f4me riche et intensif. Un Vrai caf\u00e9 italien.\",\"breadcrumb\":{\"@id\":\"https:\/\/italcaffe.it\/fr\/shop\/cafe-moulu\/mouture-cafetiere-italienne\/cafe-moulu-et-torrefie-italcaffe-qualita-classica-moka-250g\/#breadcrumb\"},\"inLanguage\":\"fr-FR\",\"potentialAction\":[{\"@type\":\"ReadAction\",\"target\":[\"https:\/\/italcaffe.it\/fr\/shop\/cafe-moulu\/mouture-cafetiere-italienne\/cafe-moulu-et-torrefie-italcaffe-qualita-classica-moka-250g\/\"]}]},{\"@type\":\"ImageObject\",\"inLanguage\":\"fr-FR\",\"@id\":\"https:\/\/italcaffe.it\/fr\/shop\/cafe-moulu\/mouture-cafetiere-italienne\/cafe-moulu-et-torrefie-italcaffe-qualita-classica-moka-250g\/#primaryimage\",\"url\":\"https:\/\/italcaffe.it\/wp-content\/uploads\/2021\/02\/Classico250g-2022.jpg\",\"contentUrl\":\"https:\/\/italcaffe.it\/wp-content\/uploads\/2021\/02\/Classico250g-2022.jpg\",\"width\":825,\"height\":1100,\"caption\":\"Caff\u00e8 Macinato Classico Italcaff\u00e8 250g vero caff\u00e8 Italiano per Moka\"},{\"@type\":\"BreadcrumbList\",\"@id\":\"https:\/\/italcaffe.it\/fr\/shop\/cafe-moulu\/mouture-cafetiere-italienne\/cafe-moulu-et-torrefie-italcaffe-qualita-classica-moka-250g\/#breadcrumb\",\"itemListElement\":[{\"@type\":\"ListItem\",\"position\":1,\"name\":\"Home\",\"item\":\"https:\/\/italcaffe.it\/fr\/\"},{\"@type\":\"ListItem\",\"position\":2,\"name\":\"Shop\",\"item\":\"https:\/\/italcaffe.it\/fr\/shop\/\"},{\"@type\":\"ListItem\",\"position\":3,\"name\":\"Caf\u00e9 Moulu et Torr\u00e9fi\u00e9 Italcaff\u00e8 Qualit\u00e0 Classica 250g\"}]},{\"@type\":\"WebSite\",\"@id\":\"https:\/\/italcaffe.it\/fr\/#website\",\"url\":\"https:\/\/italcaffe.it\/fr\/\",\"name\":\"Italcaff\u00e8\",\"description\":\"50 Anni insieme\",\"potentialAction\":[{\"@type\":\"SearchAction\",\"target\":{\"@type\":\"EntryPoint\",\"urlTemplate\":\"https:\/\/italcaffe.it\/fr\/?s={search_term_string}\"},\"query-input\":{\"@type\":\"PropertyValueSpecification\",\"valueRequired\":true,\"valueName\":\"search_term_string\"}}],\"inLanguage\":\"fr-FR\"}]}<\/script>\n<!-- \/ Yoast SEO plugin. -->","yoast_head_json":{"title":"Caf\u00e9 Moulu et Torr\u00e9fi\u00e9 Italcaff\u00e8 Qualit\u00e0 Classica 250g pour moka","description":"Caf\u00e9 Moulu et Torr\u00e9fi\u00e9 Italcaff\u00e8 pour moka avec un go\u00fbt fort mais en m\u00eame temps d\u00e9licat ainsi qu\u2019un un ar\u00f4me riche et intensif. Un Vrai caf\u00e9 italien.","robots":{"index":"index","follow":"follow","max-snippet":"max-snippet:-1","max-image-preview":"max-image-preview:large","max-video-preview":"max-video-preview:-1"},"canonical":"https:\/\/italcaffe.it\/fr\/shop\/cafe-moulu\/mouture-cafetiere-italienne\/cafe-moulu-et-torrefie-italcaffe-qualita-classica-moka-250g\/","og_locale":"fr_FR","og_type":"article","og_title":"Caf\u00e9 Moulu et Torr\u00e9fi\u00e9 Italcaff\u00e8 Qualit\u00e0 Classica 250g pour moka","og_description":"Caf\u00e9 Moulu et Torr\u00e9fi\u00e9 Italcaff\u00e8 pour moka avec un go\u00fbt fort mais en m\u00eame temps d\u00e9licat ainsi qu\u2019un un ar\u00f4me riche et intensif. Un Vrai caf\u00e9 italien.","og_url":"https:\/\/italcaffe.it\/fr\/shop\/cafe-moulu\/mouture-cafetiere-italienne\/cafe-moulu-et-torrefie-italcaffe-qualita-classica-moka-250g\/","og_site_name":"Italcaff\u00e8","article_modified_time":"2023-01-15T11:04:07+00:00","og_image":[{"width":825,"height":1100,"url":"https:\/\/italcaffe.it\/wp-content\/uploads\/2021\/02\/Classico250g-2022.jpg","type":"image\/png"}],"twitter_card":"summary_large_image","twitter_misc":{"Dur\u00e9e de lecture estim\u00e9e":"1 minute"},"schema":{"@context":"https:\/\/schema.org","@graph":[{"@type":"WebPage","@id":"https:\/\/italcaffe.it\/fr\/shop\/cafe-moulu\/mouture-cafetiere-italienne\/cafe-moulu-et-torrefie-italcaffe-qualita-classica-moka-250g\/","url":"https:\/\/italcaffe.it\/fr\/shop\/cafe-moulu\/mouture-cafetiere-italienne\/cafe-moulu-et-torrefie-italcaffe-qualita-classica-moka-250g\/","name":"Caf\u00e9 Moulu et Torr\u00e9fi\u00e9 Italcaff\u00e8 Qualit\u00e0 Classica 250g pour moka","isPartOf":{"@id":"https:\/\/italcaffe.it\/fr\/#website"},"primaryImageOfPage":{"@id":"https:\/\/italcaffe.it\/fr\/shop\/cafe-moulu\/mouture-cafetiere-italienne\/cafe-moulu-et-torrefie-italcaffe-qualita-classica-moka-250g\/#primaryimage"},"image":{"@id":"https:\/\/italcaffe.it\/fr\/shop\/cafe-moulu\/mouture-cafetiere-italienne\/cafe-moulu-et-torrefie-italcaffe-qualita-classica-moka-250g\/#primaryimage"},"thumbnailUrl":"https:\/\/italcaffe.it\/wp-content\/uploads\/2021\/02\/Classico250g-2022.jpg","datePublished":"2023-01-15T10:54:52+00:00","dateModified":"2023-01-15T11:04:07+00:00","description":"Caf\u00e9 Moulu et Torr\u00e9fi\u00e9 Italcaff\u00e8 pour moka avec un go\u00fbt fort mais en m\u00eame temps d\u00e9licat ainsi qu\u2019un un ar\u00f4me riche et intensif. Un Vrai caf\u00e9 italien.","breadcrumb":{"@id":"https:\/\/italcaffe.it\/fr\/shop\/cafe-moulu\/mouture-cafetiere-italienne\/cafe-moulu-et-torrefie-italcaffe-qualita-classica-moka-250g\/#breadcrumb"},"inLanguage":"fr-FR","potentialAction":[{"@type":"ReadAction","target":["https:\/\/italcaffe.it\/fr\/shop\/cafe-moulu\/mouture-cafetiere-italienne\/cafe-moulu-et-torrefie-italcaffe-qualita-classica-moka-250g\/"]}]},{"@type":"ImageObject","inLanguage":"fr-FR","@id":"https:\/\/italcaffe.it\/fr\/shop\/cafe-moulu\/mouture-cafetiere-italienne\/cafe-moulu-et-torrefie-italcaffe-qualita-classica-moka-250g\/#primaryimage","url":"https:\/\/italcaffe.it\/wp-content\/uploads\/2021\/02\/Classico250g-2022.jpg","contentUrl":"https:\/\/italcaffe.it\/wp-content\/uploads\/2021\/02\/Classico250g-2022.jpg","width":825,"height":1100,"caption":"Caff\u00e8 Macinato Classico Italcaff\u00e8 250g vero caff\u00e8 Italiano per Moka"},{"@type":"BreadcrumbList","@id":"https:\/\/italcaffe.it\/fr\/shop\/cafe-moulu\/mouture-cafetiere-italienne\/cafe-moulu-et-torrefie-italcaffe-qualita-classica-moka-250g\/#breadcrumb","itemListElement":[{"@type":"ListItem","position":1,"name":"Home","item":"https:\/\/italcaffe.it\/fr\/"},{"@type":"ListItem","position":2,"name":"Shop","item":"https:\/\/italcaffe.it\/fr\/shop\/"},{"@type":"ListItem","position":3,"name":"Caf\u00e9 Moulu et Torr\u00e9fi\u00e9 Italcaff\u00e8 Qualit\u00e0 Classica 250g"}]},{"@type":"WebSite","@id":"https:\/\/italcaffe.it\/fr\/#website","url":"https:\/\/italcaffe.it\/fr\/","name":"Italcaff\u00e8","description":"50 Anni insieme","potentialAction":[{"@type":"SearchAction","target":{"@type":"EntryPoint","urlTemplate":"https:\/\/italcaffe.it\/fr\/?s={search_term_string}"},"query-input":{"@type":"PropertyValueSpecification","valueRequired":true,"valueName":"search_term_string"}}],"inLanguage":"fr-FR"}]}},"_links":{"self":[{"href":"https:\/\/italcaffe.it\/fr\/wp-json\/wp\/v2\/product\/30223","targetHints":{"allow":["GET"]}}],"collection":[{"href":"https:\/\/italcaffe.it\/fr\/wp-json\/wp\/v2\/product"}],"about":[{"href":"https:\/\/italcaffe.it\/fr\/wp-json\/wp\/v2\/types\/product"}],"wp:featuredmedia":[{"embeddable":true,"href":"https:\/\/italcaffe.it\/fr\/wp-json\/wp\/v2\/media\/26845"}],"wp:attachment":[{"href":"https:\/\/italcaffe.it\/fr\/wp-json\/wp\/v2\/media?parent=30223"}],"wp:term":[{"taxonomy":"product_brand","embeddable":true,"href":"https:\/\/italcaffe.it\/fr\/wp-json\/wp\/v2\/product_brand?post=30223"},{"taxonomy":"product_cat","embeddable":true,"href":"https:\/\/italcaffe.it\/fr\/wp-json\/wp\/v2\/product_cat?post=30223"},{"taxonomy":"product_tag","embeddable":true,"href":"https:\/\/italcaffe.it\/fr\/wp-json\/wp\/v2\/product_tag?post=30223"}],"curies":[{"name":"wp","href":"https:\/\/api.w.org\/{rel}","templated":true}]}}